{"id":948,"date":"2016-10-10T12:31:51","date_gmt":"2016-10-10T12:31:51","guid":{"rendered":"http:\/\/www.bevtec.es\/pt-pt\/contact-us\/"},"modified":"2020-11-11T15:07:31","modified_gmt":"2020-11-11T15:07:31","slug":"contacte-nos","status":"publish","type":"page","link":"https:\/\/www.bevtec.es\/pt-pt\/contacte-nos\/","title":{"rendered":"Contacte-nos"},"content":{"rendered":"<div id=\"pl-948\"  class=\"panel-layout\" ><div id=\"pg-948-0\"  class=\"panel-grid panel-has-style\" ><div class=\"box10 panel-row-style panel-row-style-for-948-0\" ><div id=\"pgc-948-0-0\"  class=\"panel-grid-cell\" ><div id=\"panel-948-0-0-0\" class=\"so-panel widget widget_ink-person panel-first-child panel-last-child\" data-index=\"0\" ><div\n\t\t\t\n\t\t\tclass=\"so-widget-ink-person so-widget-ink-person-person-52af746c9f19-948\"\n\t\t\t\n\t\t>\n\t<div class=\"iw-so-person  iw-so-person-above\">\n\n\t\t<div class=\"iw-so-person-img\">\n\t\t\t<img width=\"3142\" height=\"3142\" src=\"https:\/\/www.bevtec.es\/wp-content\/uploads\/2016\/10\/BevTec-Contact-4.jpg\" class=\"attachment-full size-full\" alt=\"\" loading=\"lazy\" srcset=\"https:\/\/www.bevtec.es\/wp-content\/uploads\/2016\/10\/BevTec-Contact-4.jpg 3142w, https:\/\/www.bevtec.es\/wp-content\/uploads\/2016\/10\/BevTec-Contact-4-150x150.jpg 150w, https:\/\/www.bevtec.es\/wp-content\/uploads\/2016\/10\/BevTec-Contact-4-300x300.jpg 300w, https:\/\/www.bevtec.es\/wp-content\/uploads\/2016\/10\/BevTec-Contact-4-768x768.jpg 768w, https:\/\/www.bevtec.es\/wp-content\/uploads\/2016\/10\/BevTec-Contact-4-1024x1024.jpg 1024w, https:\/\/www.bevtec.es\/wp-content\/uploads\/2016\/10\/BevTec-Contact-4-45x45.jpg 45w\" sizes=\"(max-width: 3142px) 100vw, 3142px\" \/>\t\t\t\t\t\t<div class=\"iw-so-person-ol\">\n\t\t\t\t\t\t\t\t\t\t\t<\/div>\n\t\t<\/div>\n\n\t\t<div class=\"iw-so-person-content\">\n\t\t\t<h4 class=\"iw-so-person-name iw-text-center\">Anne Ardils\u00f8<\/h4>\n\t\t\t<p class=\"iw-so-person-desig iw-text-center\">Diretora Administrativa<\/p>\n\t\t\t\t\t\t\t<p class=\"iw-so-person-about iw-text-center\">Em 2004 fundei a BevTec e sou a diretora administrativa. Represento na Pen\u00ednsula Ib\u00e9rica a Heinrich Frings GmbH desde 1999. Pode entrar em contacto comigo atrav\u00e9s de e-mail ou telefone se tiver um projecto relacionado com a ind\u00fastria dos vinagres ou se necessitar de ajuda e informa\u00e7\u00f5es sobre os componentes da S\u00fcdmo.\n\n<br \/><b>Office Tel.: +34 949 335 836<\/b>\n<br \/><b>Mobile Tel.: +34 639 111 614 <\/b><\/p>\n\t\t\t\t\t\t\t\t\t\t\n\t\t<p class=\"iw-so-person-profiles iw-text-center\">\n\n\t\t\t\n\t\t\t\t<a href=\"mailto:info@bevtec.es\" target=\"_blank\"><\/a>\n\n\t\t\t\n\t\t<\/p>\n\n\t\t\t\t\t\t<\/div>\n\n\t<\/div>\n\n<\/div><\/div><\/div><div id=\"pgc-948-0-1\"  class=\"panel-grid-cell\" ><div id=\"panel-948-0-1-0\" class=\"so-panel widget widget_ink-person panel-first-child panel-last-child\" data-index=\"1\" ><div\n\t\t\t\n\t\t\tclass=\"so-widget-ink-person so-widget-ink-person-person-52af746c9f19-948\"\n\t\t\t\n\t\t>\n\t<div class=\"iw-so-person  iw-so-person-above\">\n\n\t\t<div class=\"iw-so-person-img\">\n\t\t\t<img width=\"1018\" height=\"1018\" src=\"https:\/\/www.bevtec.es\/wp-content\/uploads\/2016\/10\/BevTec-Contact-Wolfgang.jpg\" class=\"attachment-full size-full\" alt=\"\" loading=\"lazy\" srcset=\"https:\/\/www.bevtec.es\/wp-content\/uploads\/2016\/10\/BevTec-Contact-Wolfgang.jpg 1018w, https:\/\/www.bevtec.es\/wp-content\/uploads\/2016\/10\/BevTec-Contact-Wolfgang-150x150.jpg 150w, https:\/\/www.bevtec.es\/wp-content\/uploads\/2016\/10\/BevTec-Contact-Wolfgang-300x300.jpg 300w, https:\/\/www.bevtec.es\/wp-content\/uploads\/2016\/10\/BevTec-Contact-Wolfgang-768x768.jpg 768w, https:\/\/www.bevtec.es\/wp-content\/uploads\/2016\/10\/BevTec-Contact-Wolfgang-45x45.jpg 45w\" sizes=\"(max-width: 1018px) 100vw, 1018px\" \/>\t\t\t\t\t\t<div class=\"iw-so-person-ol\">\n\t\t\t\t\t\t\t\t\t\t\t<\/div>\n\t\t<\/div>\n\n\t\t<div class=\"iw-so-person-content\">\n\t\t\t<h4 class=\"iw-so-person-name iw-text-center\">Wolfgang Reininger<\/h4>\n\t\t\t<p class=\"iw-so-person-desig iw-text-center\">Diretor Comercial<\/p>\n\t\t\t\t\t\t\t<p class=\"iw-so-person-about iw-text-center\">Sou Engenheiro Industrial de Bebidas, chefe de vendas da BevTec e juntamente com a Anne Ardils\u00f8, em 2004 fundamos esta empresa. Entre em contacto comigo se estiver interessado ou se surgir alguma quest\u00e3o relativa \u00e0 implementa\u00e7\u00e3o das nossas tecnologias na sua empresa.\n\n\n<br \/><b>Tel.: +34 619 235 245<\/b><\/p>\n\t\t\t\t\t\t\t\t\t\t\n\t\t<p class=\"iw-so-person-profiles iw-text-center\">\n\n\t\t\t\n\t\t\t\t<a href=\"mailto:wolfgang@bevtec.es\" target=\"_blank\"><\/a>\n\n\t\t\t\n\t\t<\/p>\n\n\t\t\t\t\t\t<\/div>\n\n\t<\/div>\n\n<\/div><\/div><\/div><div id=\"pgc-948-0-2\"  class=\"panel-grid-cell panel-grid-cell-mobile-last\" ><div id=\"panel-948-0-2-0\" class=\"so-panel widget widget_ink-person panel-first-child panel-last-child\" data-index=\"2\" ><div\n\t\t\t\n\t\t\tclass=\"so-widget-ink-person so-widget-ink-person-person-52af746c9f19-948\"\n\t\t\t\n\t\t>\n\t<div class=\"iw-so-person  iw-so-person-above\">\n\n\t\t<div class=\"iw-so-person-img\">\n\t\t\t<img width=\"248\" height=\"236\" src=\"https:\/\/www.bevtec.es\/wp-content\/uploads\/2018\/03\/Captura-de-pantalla-2018-03-27-a-las-17.13.54.png\" class=\"attachment-full size-full\" alt=\"\" loading=\"lazy\" \/>\t\t\t\t\t\t<div class=\"iw-so-person-ol\">\n\t\t\t\t\t\t\t\t\t\t\t<\/div>\n\t\t<\/div>\n\n\t\t<div class=\"iw-so-person-content\">\n\t\t\t<h4 class=\"iw-so-person-name iw-text-center\">Pedro Ayuso D\u00edaz<\/h4>\n\t\t\t<p class=\"iw-so-person-desig iw-text-center\">Responsable Proyectos<\/p>\n\t\t\t\t\t\t\t<p class=\"iw-so-person-about iw-text-center\">\n\n\n<br \/><b>Tel.: +34 630 946 728<\/b><\/p>\n\t\t\t\t\t\t\t\t\t\t\n\t\t<p class=\"iw-so-person-profiles iw-text-center\">\n\n\t\t\t\n\t\t\t\t<a href=\"mailto:marco.rojo@bevtec.es\" target=\"_blank\"><\/a>\n\n\t\t\t\n\t\t<\/p>\n\n\t\t\t\t\t\t<\/div>\n\n\t<\/div>\n\n<\/div><\/div><\/div><div id=\"pgc-948-0-3\"  class=\"panel-grid-cell panel-grid-cell-empty\" ><\/div><\/div><\/div><div id=\"pg-948-1\"  class=\"panel-grid panel-has-style\" ><div class=\"box10 panel-row-style panel-row-style-for-948-1\" ><div id=\"pgc-948-1-0\"  class=\"panel-grid-cell\" ><div id=\"panel-948-1-0-0\" class=\"so-panel widget widget_ink-person panel-first-child panel-last-child\" data-index=\"3\" ><div\n\t\t\t\n\t\t\tclass=\"so-widget-ink-person so-widget-ink-person-person-52af746c9f19-948\"\n\t\t\t\n\t\t>\n\t<div class=\"iw-so-person  iw-so-person-above\">\n\n\t\t<div class=\"iw-so-person-img\">\n\t\t\t\t\t\t\t\t\t<div class=\"iw-so-person-ol\">\n\t\t\t\t\t\t\t\t\t\t\t<\/div>\n\t\t<\/div>\n\n\t\t<div class=\"iw-so-person-content\">\n\t\t\t<h4 class=\"iw-so-person-name iw-text-center\">Catalina N\u00fa\u00f1ez<\/h4>\n\t\t\t<p class=\"iw-so-person-desig iw-text-center\">Administra\u00e7\u00e3o<\/p>\n\t\t\t\t\t\t\t<p class=\"iw-so-person-about iw-text-center\">Eu sou respons\u00e1vel por assuntos administrativos. Entre em contato se tiver alguma d\u00favida.\n<br \/><b>Tel.: +34 949 335 836<\/b><\/p>\n\t\t\t\t\t\t\t\t\t\t\n\t\t<p class=\"iw-so-person-profiles iw-text-center\">\n\n\t\t\t\n\t\t\t\t<a href=\"mailto:andre.meireles@bevtec.es\" target=\"_blank\"><\/a>\n\n\t\t\t\n\t\t<\/p>\n\n\t\t\t\t\t\t<\/div>\n\n\t<\/div>\n\n<\/div><\/div><\/div><div id=\"pgc-948-1-1\"  class=\"panel-grid-cell\" ><div id=\"panel-948-1-1-0\" class=\"so-panel widget widget_ink-person panel-first-child panel-last-child\" data-index=\"4\" ><div\n\t\t\t\n\t\t\tclass=\"so-widget-ink-person so-widget-ink-person-person-52af746c9f19-948\"\n\t\t\t\n\t\t>\n\t<div class=\"iw-so-person  iw-so-person-above\">\n\n\t\t<div class=\"iw-so-person-img\">\n\t\t\t\t\t\t\t\t\t<div class=\"iw-so-person-ol\">\n\t\t\t\t\t\t\t\t\t\t\t<\/div>\n\t\t<\/div>\n\n\t\t<div class=\"iw-so-person-content\">\n\t\t\t<h4 class=\"iw-so-person-name iw-text-center\">Carolina Vicente<\/h4>\n\t\t\t<p class=\"iw-so-person-desig iw-text-center\">Responsable Pentair S\u00fcdmo Portugal Sul<\/p>\n\t\t\t\t\t\t\t<p class=\"iw-so-person-about iw-text-center\">Formei-me em Engenharia Sanit\u00e1ria na Universidade Nova de Lisboa.\nSou a respons\u00e1vel administrativa de Portugal e respons\u00e1vel de vendas no Sul de Portugal.\n\nContacte-me caso possa ajudar com qualquer quest\u00e3o.\n<br \/><b>Tel.: +351 917 044 562<\/b><\/p>\n\t\t\t\t\t\t\t\t\t\t\n\t\t<p class=\"iw-so-person-profiles iw-text-center\">\n\n\t\t\t\n\t\t\t\t<a href=\"mailto:marco.rojo@bevtec.es\" target=\"_blank\"><\/a>\n\n\t\t\t\n\t\t<\/p>\n\n\t\t\t\t\t\t<\/div>\n\n\t<\/div>\n\n<\/div><\/div><\/div><div id=\"pgc-948-1-2\"  class=\"panel-grid-cell panel-grid-cell-empty panel-grid-cell-mobile-last\" ><\/div><div id=\"pgc-948-1-3\"  class=\"panel-grid-cell panel-grid-cell-empty\" ><\/div><\/div><\/div><div id=\"pg-948-2\"  class=\"panel-grid panel-has-style\" ><div class=\"box10 panel-row-style panel-row-style-for-948-2\" ><div id=\"pgc-948-2-0\"  class=\"panel-grid-cell\" ><div id=\"panel-948-2-0-0\" class=\"so-panel widget widget_sow-editor panel-first-child panel-last-child\" data-index=\"5\" ><div class=\"soci panel-widget-style panel-widget-style-for-948-2-0-0\" ><div\n\t\t\t\n\t\t\tclass=\"so-widget-sow-editor so-widget-sow-editor-base\"\n\t\t\t\n\t\t>\n<div class=\"siteorigin-widget-tinymce textwidget\">\n\t<h1>Fique Atualizado<\/h1>\n<h2>Encontre-nos nas redes sociais<\/h2>\n<p><a href=\"https:\/\/www.linkedin.com\/company\/beverage-technologies-inc?trk=top_nav_home\"><img loading=\"lazy\" class=\"alignnone size-full wp-image-669\" src=\"http:\/\/bevtec.es\/wp-content\/uploads\/2016\/10\/BevTec-Linkedin-1.png\" alt=\"bevtec-linkedin\" width=\"50\" height=\"50\" srcset=\"https:\/\/www.bevtec.es\/wp-content\/uploads\/2016\/10\/BevTec-Linkedin-1.png 50w, https:\/\/www.bevtec.es\/wp-content\/uploads\/2016\/10\/BevTec-Linkedin-1-45x45.png 45w\" sizes=\"(max-width: 50px) 100vw, 50px\" \/><\/a>\u00a0<a href=\"https:\/\/twitter.com\/bev_tec\"><img loading=\"lazy\" class=\"alignnone size-full wp-image-665\" src=\"http:\/\/bevtec.es\/wp-content\/uploads\/2016\/10\/BevTec-Twitter.png\" alt=\"bevtec-twitter\" width=\"50\" height=\"50\" srcset=\"https:\/\/www.bevtec.es\/wp-content\/uploads\/2016\/10\/BevTec-Twitter.png 50w, https:\/\/www.bevtec.es\/wp-content\/uploads\/2016\/10\/BevTec-Twitter-45x45.png 45w\" sizes=\"(max-width: 50px) 100vw, 50px\" \/><\/a>\u00a0<a href=\"https:\/\/www.facebook.com\/BevTec.es\/?ref=bookmarks\"><img loading=\"lazy\" class=\"alignnone size-full wp-image-666\" src=\"http:\/\/bevtec.es\/wp-content\/uploads\/2016\/10\/BevTec-Facebook.png\" alt=\"bevtec-facebook\" width=\"50\" height=\"50\" srcset=\"https:\/\/www.bevtec.es\/wp-content\/uploads\/2016\/10\/BevTec-Facebook.png 50w, https:\/\/www.bevtec.es\/wp-content\/uploads\/2016\/10\/BevTec-Facebook-45x45.png 45w\" sizes=\"(max-width: 50px) 100vw, 50px\" \/><\/a>\u00a0\u00a0<a href=\"mailto:info@bevtec.es\"><img loading=\"lazy\" class=\"alignnone size-full wp-image-663\" src=\"http:\/\/bevtec.es\/wp-content\/uploads\/2016\/10\/BevTec-Newsletter.png\" alt=\"bevtec-newsletter\" width=\"50\" height=\"50\" srcset=\"https:\/\/www.bevtec.es\/wp-content\/uploads\/2016\/10\/BevTec-Newsletter.png 50w, https:\/\/www.bevtec.es\/wp-content\/uploads\/2016\/10\/BevTec-Newsletter-45x45.png 45w\" sizes=\"(max-width: 50px) 100vw, 50px\" \/><\/a><\/p>\n<h2>Receba as nossas noticias em primeira m\u00e3o<br \/>\n\u2013 Subscreva a nossa newsletter<\/h2>\n<h2><a href=\"\/pt-pt\/subscrever-newsletter\/\">Clique aqui<\/a><\/h2>\n<\/div>\n<\/div><\/div><\/div><\/div><div id=\"pgc-948-2-1\"  class=\"panel-grid-cell panel-grid-cell-empty panel-grid-cell-mobile-last\" ><\/div><div id=\"pgc-948-2-2\"  class=\"panel-grid-cell panel-grid-cell-empty\" ><\/div><\/div><\/div><\/div>","protected":false},"excerpt":{"rendered":"<p>Anne Ardils\u00f8 Diretora Administrativa Em 2004 fundei a BevTec e sou a diretora administrativa. Represento na Pen\u00ednsula Ib\u00e9rica a Heinrich Frings GmbH desde 1999. Pode entrar em contacto comigo atrav\u00e9s de e-mail ou telefone se tiver um projecto relacionado com a ind\u00fastria dos vinagres ou se necessitar de ajuda e informa\u00e7\u00f5es sobre os componentes da &#8230; <a title=\"Contacte-nos\" class=\"read-more\" href=\"https:\/\/www.bevtec.es\/pt-pt\/contacte-nos\/\" aria-label=\"Mais em Contacte-nos\">Read more<\/a><\/p>\n","protected":false},"author":2,"featured_media":0,"parent":0,"menu_order":0,"comment_status":"closed","ping_status":"closed","template":"","meta":{"generate_page_header":""},"_links":{"self":[{"href":"https:\/\/www.bevtec.es\/pt-pt\/wp-json\/wp\/v2\/pages\/948\/"}],"collection":[{"href":"https:\/\/www.bevtec.es\/pt-pt\/wp-json\/wp\/v2\/pages\/"}],"about":[{"href":"https:\/\/www.bevtec.es\/pt-pt\/wp-json\/wp\/v2\/types\/page\/"}],"author":[{"embeddable":true,"href":"https:\/\/www.bevtec.es\/pt-pt\/wp-json\/wp\/v2\/users\/2\/"}],"replies":[{"embeddable":true,"href":"https:\/\/www.bevtec.es\/pt-pt\/wp-json\/wp\/v2\/comments\/?post=948"}],"version-history":[{"count":15,"href":"https:\/\/www.bevtec.es\/pt-pt\/wp-json\/wp\/v2\/pages\/948\/revisions\/"}],"predecessor-version":[{"id":1385,"href":"https:\/\/www.bevtec.es\/pt-pt\/wp-json\/wp\/v2\/pages\/948\/revisions\/1385\/"}],"wp:attachment":[{"href":"https:\/\/www.bevtec.es\/pt-pt\/wp-json\/wp\/v2\/media\/?parent=948"}],"curies":[{"name":"wp","href":"https:\/\/api.w.org\/{rel}","templated":true}]}}