{"id":934,"date":"2016-08-25T06:17:06","date_gmt":"2016-08-25T06:17:06","guid":{"rendered":"http:\/\/www.bevtec.es\/pt-pt\/lanxess-velcorin\/"},"modified":"2017-02-13T13:46:36","modified_gmt":"2017-02-13T13:46:36","slug":"lanxess-velcorin","status":"publish","type":"page","link":"https:\/\/www.bevtec.es\/pt-pt\/lanxess-velcorin\/","title":{"rendered":"Lanxess \/ Velcorin"},"content":{"rendered":"<div id=\"pl-934\"  class=\"panel-layout\" ><div id=\"pg-934-0\"  class=\"panel-grid panel-no-style\" ><div id=\"pgc-934-0-0\"  class=\"panel-grid-cell\" ><div id=\"panel-934-0-0-0\" class=\"so-panel widget widget_sow-editor panel-first-child\" data-index=\"0\" ><div\n\t\t\t\n\t\t\tclass=\"so-widget-sow-editor so-widget-sow-editor-base\"\n\t\t\t\n\t\t>\n<div class=\"siteorigin-widget-tinymce textwidget\">\n\t<h1>Lanxess\/Velcorin<sup>\u00ae<\/sup><\/h1>\n<h2>Quer ter um produto acabado, seguro e livre de microorganismos? Est\u00e1 localizado em Portugal?<\/h2>\n<h2>Utilize Velcorin<sup>\u00ae\u00a0<\/sup>ou Dimetil dicarbonato, entregue pela BevTec.<\/h2>\n<p><b>Porqu\u00ea?<\/b><\/p>\n<p><span style=\"font-weight: 400;\">Os desafios para os produtores de bebidas est\u00e3o a aumentar e existem diferentes m\u00e9todos para a sua estabiliza\u00e7\u00e3o.\u00a0<\/span><span style=\"font-weight: 400;\">A esteriliza\u00e7\u00e3o com Velcorin<\/span><span style=\"font-weight: 400;\">\u00ae <\/span><span style=\"font-weight: 400;\">j\u00e1 provou que est\u00e1 no top das tecnologias de estabiliza\u00e7\u00e3o para o seu produto.<\/span><\/p>\n<p><span style=\"font-weight: 400;\">Os microrganismos, como leveduras, bolores e bact\u00e9rias podem colocar em perigo a produ\u00e7\u00e3o, afetando os standards de produ\u00e7\u00e3o, a qualidade da sua bebida e podem ainda amea\u00e7ar a sa\u00fade do seu consumidor.\u00a0<\/span><span style=\"font-weight: 400;\">O Velcorin<\/span><span style=\"font-weight: 400;\">\u00ae<\/span><span style=\"font-weight: 400;\"> controla uma grande variedade de microrganismos de contamina\u00e7\u00e3o que podem surgir no vinho.<\/span><\/p>\n<p><span style=\"font-weight: 400;\">A tecnologia de dosifica\u00e7\u00e3o de Velcorin<\/span><span style=\"font-weight: 400;\">\u00ae<\/span><span style=\"font-weight: 400;\"> consiste num sistema de dosagem de elevada qualidade e precis\u00e3o que permite a inje\u00e7\u00e3o adequada do produto.\u00a0<\/span><span style=\"font-weight: 400;\">A dosificadora \u00e9 um equipamento f\u00e1cil de integrar no sistema de controlo eletr\u00f3nico da linha de produ\u00e7\u00e3o e pode ser instalado em novas e antigas linhas de engarrafamento, sem necessidade de grandes ajustes.<\/span><\/p>\n<p><b>Resultado?<\/b><strong><br \/><\/strong><span style=\"font-weight: 400;\">Atrav\u00e9s da utiliza\u00e7\u00e3o de Velcorin<\/span><span style=\"font-weight: 400;\">\u00ae<\/span><span style=\"font-weight: 400;\"> e do equipamento Velcorin<\/span><span style=\"font-weight: 400;\">\u00ae<\/span><span style=\"font-weight: 400;\"> DT, \u00e9 poss\u00edvel assegurar standards de produ\u00e7\u00e3o elevados, proteges as caracter\u00edsticas organol\u00e9pticas do seu vinho e a possibilidade de fornecer um produto ao seu consumidor sem riscos para a sa\u00fade.<\/span><\/p>\n<p><b>A BevTec fornece o Velcorin<\/b><span style=\"font-weight: 400;\">\u00ae<\/span><\/p>\n<p><span style=\"font-weight: 400;\">Se acha que a utiliza\u00e7\u00e3o de Velcorin<\/span><span style=\"font-weight: 400;\">\u00ae<\/span><span style=\"font-weight: 400;\"> pode ser interessante para a sua empresa, a BevTec est\u00e1 dispon\u00edvel para responder a quest\u00f5es e pedidos de informa\u00e7\u00e3o.<\/span><\/p>\n<p><span style=\"font-weight: 400;\">Na p\u00e1gina \u2018Sobre n\u00f3s\u2019 ir\u00e1 encontrar os contactos diretos dos nossos profissionais e um formul\u00e1rio que poder\u00e1 preencher com as suas quest\u00f5es e n\u00f3s entraremos em contacto o mais breve poss\u00edvel.<\/span><\/p>\n<\/div>\n<\/div><\/div><div id=\"panel-934-0-0-1\" class=\"so-panel widget widget_sow-editor panel-last-child\" data-index=\"1\" ><div class=\"faq panel-widget-style panel-widget-style-for-934-0-0-1\" ><div\n\t\t\t\n\t\t\tclass=\"so-widget-sow-editor so-widget-sow-editor-base\"\n\t\t\t\n\t\t>\n<div class=\"siteorigin-widget-tinymce textwidget\">\n\t<h1>FAQ<\/h1>\n<p><b>O que \u00e9 o Velcorin<\/b><span style=\"font-weight: 400;\">\u00ae<\/span><b>?<\/b><strong><br \/><\/strong><span style=\"font-weight: 400;\">O Velcorin<\/span><span style=\"font-weight: 400;\">\u00ae<\/span><span style=\"font-weight: 400;\">, ou dimetildicarbonato (DMDC), \u00e9 um agente de controlo microbiano utilizado para a estabiliza\u00e7\u00e3o de vinhos durante o processo de engarrafamento. O engarrafamento \u00e9 um processo que envolve variados riscos como a exist\u00eancia de microrganismos no vinho que podem constituir um perigo. A esteriliza\u00e7\u00e3o a frio com Velcorin<\/span><span style=\"font-weight: 400;\">\u00ae<\/span><span style=\"font-weight: 400;\"> j\u00e1 provou que est\u00e1 no top das tecnologias de estabiliza\u00e7\u00e3o para garantir a seguran\u00e7a e controlo do processo de engarrafamento, n\u00e3o tendo efeito no sabor, aroma e cor do produto.<\/span><\/p>\n<p><b>Que ind\u00fastrias utilizam o Velcorin<\/b><span style=\"font-weight: 400;\">\u00ae<\/span><b>?<\/b><strong><br \/><\/strong><span style=\"font-weight: 400;\">Produtores de bebidas e refrigerantes utilizam no seu processo Velcorin<\/span><span style=\"font-weight: 400;\">\u00ae<\/span><span style=\"font-weight: 400;\">, no entanto existem algumas restri\u00e7\u00f5es na aplica\u00e7\u00e3o deste produto. Para informa\u00e7\u00f5es mais detalhadas, entre em contacto connosco.<\/span><\/p>\n<p><b>Quais s\u00e3o as vantagens da utiliza\u00e7\u00e3o de Velcorin<\/b><span style=\"font-weight: 400;\">\u00ae<\/span><b>?\u00a0<\/b><span style=\"font-weight: 400;\">Existem v\u00e1rias vantagens inerentes \u00e0 utiliza\u00e7\u00e3o de Velcorin<\/span><span style=\"font-weight: 400;\">\u00ae<\/span><span style=\"font-weight: 400;\">. Em primeiro lugar, existe maior seguran\u00e7a microbiol\u00f3gica, atrav\u00e9s do controlo de v\u00e1rios microrganismos de contamina\u00e7\u00e3o.\u00a0<\/span><span style=\"font-weight: 400;\">Em segundo, este produto permite-lhe expandir o portf\u00f3lio com produtos mais sens\u00edveis.<\/span><\/p>\n<p><span style=\"font-weight: 400;\">Outras vantagens para a sua produ\u00e7\u00e3o podem ser a rentabilidade do processo, a compatibilidade com todos os tipos de embalagens, a inexist\u00eancia de altera\u00e7\u00f5es na cor, sabor e aroma da bebida e como resultado da decomposi\u00e7\u00e3o do produto apenas surgem constituintes naturais. Para al\u00e9m disso, verifica-se um aumento da qualidade do produto, pois a utiliza\u00e7\u00e3o de sorbato pode ser eliminada. <\/span><\/p>\n<p><b>Quais s\u00e3o os produtos principais associados ao Velcorin<\/b><span style=\"font-weight: 400;\">\u00ae?<\/span><strong><br \/><\/strong><span style=\"font-weight: 400;\">Velcorin<\/span><span style=\"font-weight: 400;\">\u00ae<\/span><span style=\"font-weight: 400;\">\/dimetildicarbonato (DMDC) e o equipamento Velcorin<\/span><span style=\"font-weight: 400;\">\u00ae<\/span><span style=\"font-weight: 400;\"> DT.<\/span><\/p>\n<\/div>\n<\/div><\/div><\/div><\/div><div id=\"pgc-934-0-1\"  class=\"panel-grid-cell\" ><div id=\"panel-934-0-1-0\" class=\"so-panel widget widget_sow-image panel-first-child\" data-index=\"2\" ><div\n\t\t\t\n\t\t\tclass=\"so-widget-sow-image so-widget-sow-image-default-8b5b6f678277-934\"\n\t\t\t\n\t\t>\n<div class=\"sow-image-container\">\n\t\t<img src=\"https:\/\/www.bevtec.es\/wp-content\/uploads\/2016\/08\/EMS_Velcorine_A_WORK_stort-logo-V1.jpg\" width=\"700\" height=\"767\" srcset=\"https:\/\/www.bevtec.es\/wp-content\/uploads\/2016\/08\/EMS_Velcorine_A_WORK_stort-logo-V1.jpg 700w, https:\/\/www.bevtec.es\/wp-content\/uploads\/2016\/08\/EMS_Velcorine_A_WORK_stort-logo-V1-274x300.jpg 274w\" sizes=\"(max-width: 700px) 100vw, 700px\" alt=\"\" loading=\"lazy\" \t\tclass=\"so-widget-image\"\/>\n\t<\/div>\n\n<\/div><\/div><div id=\"panel-934-0-1-1\" class=\"so-panel widget widget_text panel-last-child\" data-index=\"3\" ><div class=\"frontform-wid panel-widget-style panel-widget-style-for-934-0-1-1\" >\t\t\t<div class=\"textwidget\"><div role=\"form\" class=\"wpcf7\" id=\"wpcf7-f1073-o1\" lang=\"da-DK\" dir=\"ltr\">\n<div class=\"screen-reader-response\"><p role=\"status\" aria-live=\"polite\" aria-atomic=\"true\"><\/p> <ul><\/ul><\/div>\n<form action=\"\/pt-pt\/wp-json\/wp\/v2\/pages\/934\/#wpcf7-f1073-o1\" method=\"post\" class=\"wpcf7-form init\" novalidate=\"novalidate\" data-status=\"init\">\n<div style=\"display: none;\">\n<input type=\"hidden\" name=\"_wpcf7\" value=\"1073\" \/>\n<input type=\"hidden\" name=\"_wpcf7_version\" value=\"5.3.2\" \/>\n<input type=\"hidden\" name=\"_wpcf7_locale\" value=\"da_DK\" \/>\n<input type=\"hidden\" name=\"_wpcf7_unit_tag\" value=\"wpcf7-f1073-o1\" \/>\n<input type=\"hidden\" name=\"_wpcf7_container_post\" value=\"0\" \/>\n<input type=\"hidden\" name=\"_wpcf7_posted_data_hash\" value=\"\" \/>\n<\/div>\n<p><span class=\"form-header-txt\"><b>Alguma Quest\u00e3o?<\/b><\/span><br \/>\n<span class=\"form-header-txt2\">N\u00e3o hesite em contactar-nos...<\/span><\/p>\n<p><label class=\"form-font-size\"><span class=\"wpcf7-form-control-wrap your-name\"><input type=\"text\" name=\"your-name\" value=\"\" size=\"40\" class=\"wpcf7-form-control wpcf7-text wpcf7-validates-as-required frontform-margin-top\" aria-required=\"true\" aria-invalid=\"false\" placeholder=\"Nome (*)\" \/><\/span><\/label><br \/>\n<label class=\"form-font-size\"><span class=\"wpcf7-form-control-wrap phone\"><input type=\"tel\" name=\"phone\" value=\"\" size=\"40\" class=\"wpcf7-form-control wpcf7-text wpcf7-tel wpcf7-validates-as-tel frontform-margin\" aria-invalid=\"false\" placeholder=\"Telefone\" \/><\/span><\/label><br \/>\n<label class=\"form-font-size\"><span class=\"wpcf7-form-control-wrap your-email\"><input type=\"email\" name=\"your-email\" value=\"\" size=\"40\" class=\"wpcf7-form-control wpcf7-text wpcf7-email wpcf7-validates-as-required wpcf7-validates-as-email frontform-margin\" aria-required=\"true\" aria-invalid=\"false\" placeholder=\"EMail (*)\" \/><\/span><\/label><br \/>\n<label class=\"form-font-size\"><span class=\"wpcf7-form-control-wrap your-message\"><textarea name=\"your-message\" cols=\"40\" rows=\"10\" class=\"wpcf7-form-control wpcf7-textarea frontform-margin frontform-mes-pad\" aria-invalid=\"false\" placeholder=\"Mensagem\"><\/textarea><\/span> <\/label><br \/>\n<input type=\"submit\" value=\"Enviar\" class=\"wpcf7-form-control wpcf7-submit\" \/><\/p>\n<div class=\"wpcf7-response-output\" aria-hidden=\"true\"><\/div><\/form><\/div><\/div>\n\t\t<\/div><\/div><\/div><\/div><\/div>","protected":false},"excerpt":{"rendered":"<p>Lanxess\/Velcorin\u00aeQuer ter um produto acabado, seguro e livre de microorganismos? Est\u00e1 localizado em Portugal?Utilize Velcorin\u00ae\u00a0ou Dimetil dicarbonato, entregue pela BevTec.Porqu\u00ea?Os desafios para os produtores de bebidas est\u00e3o a aumentar e existem diferentes m\u00e9todos para a sua estabiliza\u00e7\u00e3o.\u00a0A esteriliza\u00e7\u00e3o com Velcorin\u00ae j\u00e1 provou que est\u00e1 no top das tecnologias de estabiliza\u00e7\u00e3o para o seu produto.Os microrganismos, &#8230; <a title=\"Lanxess \/ Velcorin\" class=\"read-more\" href=\"https:\/\/www.bevtec.es\/pt-pt\/lanxess-velcorin\/\" aria-label=\"Mais em Lanxess \/ Velcorin\">Read more<\/a><\/p>\n","protected":false},"author":1,"featured_media":0,"parent":0,"menu_order":0,"comment_status":"closed","ping_status":"closed","template":"","meta":{"generate_page_header":""},"_links":{"self":[{"href":"https:\/\/www.bevtec.es\/pt-pt\/wp-json\/wp\/v2\/pages\/934\/"}],"collection":[{"href":"https:\/\/www.bevtec.es\/pt-pt\/wp-json\/wp\/v2\/pages\/"}],"about":[{"href":"https:\/\/www.bevtec.es\/pt-pt\/wp-json\/wp\/v2\/types\/page\/"}],"author":[{"embeddable":true,"href":"https:\/\/www.bevtec.es\/pt-pt\/wp-json\/wp\/v2\/users\/1\/"}],"replies":[{"embeddable":true,"href":"https:\/\/www.bevtec.es\/pt-pt\/wp-json\/wp\/v2\/comments\/?post=934"}],"version-history":[{"count":0,"href":"https:\/\/www.bevtec.es\/pt-pt\/wp-json\/wp\/v2\/pages\/934\/revisions\/"}],"wp:attachment":[{"href":"https:\/\/www.bevtec.es\/pt-pt\/wp-json\/wp\/v2\/media\/?parent=934"}],"curies":[{"name":"wp","href":"https:\/\/api.w.org\/{rel}","templated":true}]}}