{"id":921,"date":"2016-09-27T21:36:56","date_gmt":"2016-09-27T21:36:56","guid":{"rendered":"http:\/\/www.bevtec.es\/pt-pt\/frings\/"},"modified":"2017-01-09T10:54:59","modified_gmt":"2017-01-09T10:54:59","slug":"frings","status":"publish","type":"page","link":"https:\/\/www.bevtec.es\/pt-pt\/frings\/","title":{"rendered":"Frings"},"content":{"rendered":"<div id=\"pl-921\"  class=\"panel-layout\" ><div id=\"pg-921-0\"  class=\"panel-grid panel-no-style\" ><div id=\"pgc-921-0-0\"  class=\"panel-grid-cell\" ><div id=\"panel-921-0-0-0\" class=\"so-panel widget widget_sow-editor panel-first-child\" data-index=\"0\" ><div\n\t\t\t\n\t\t\tclass=\"so-widget-sow-editor so-widget-sow-editor-base\"\n\t\t\t\n\t\t>\n<div class=\"siteorigin-widget-tinymce textwidget\">\n\t<h1>Frings<\/h1>\n<h2><span style=\"font-weight: 400;\">A Frings \u00e9 uma refer\u00eancia de qualidade e efici\u00eancia na ind\u00fastria do vinagre<\/span><\/h2>\n<p><strong><b>Porqu\u00ea?<\/b><br \/><\/strong><span style=\"font-weight: 400;\">S\u00e3o os respons\u00e1veis por inventar o processo de fermenta\u00e7\u00e3o submerso e desde ent\u00e3o a Frings tem trabalhado com o objetivo de melhorar a performance e desenvolver cada vez mais o sistema autom\u00e1tico.\u00a0<\/span><span style=\"font-weight: 400;\">O portef\u00f3lio de produtos da Frings abrange todas as etapas do processo de produ\u00e7\u00e3o.<\/span><span style=\"font-weight: 400;\">Sobre equipamento adicional a BevTec fornece toda a informa\u00e7\u00e3o t\u00e9cnica de forma a encontrar os melhores acess\u00f3rios.<\/span><\/p>\n<p><span style=\"font-weight: 400;\">Independentemente de pretender produzir um vinagre especial com o nosso Acetificador pilot F200 ou produzir mais de 21 milh\u00f5es de litros de vinagre 10% por ano, n\u00f3s prestamos o mesmo servi\u00e7o antes, durante e depois de colocar o sistema em funcionamento.<\/span><\/p>\n<p><span style=\"font-weight: 400;\">Todo o equipamento adicional, como o sistema de filtra\u00e7\u00e3o tangencial e o sistema de exaust\u00e3o, est\u00e1 cobertos pela garantia dos produtos Frings.<\/span><\/p>\n<p><strong><b>Resultados?<\/b><br \/><\/strong><span style=\"font-weight: 400;\">Ter\u00e1 dispon\u00edvel equipamento com elevada durabilidade e pessoal experiente sempre presente no servi\u00e7o p\u00f3s-venda.<\/span><\/p>\n<p><strong><b>A BevTec fornece produtos e servi\u00e7os da Frings<\/b><br \/><\/strong><\/p>\n<p><span style=\"font-weight: 400;\">Se acha que os produtos Frings podem ser interessantes para a sua empresa, a BevTec est\u00e1 dispon\u00edvel para responder a quest\u00f5es e pedidos de informa\u00e7\u00e3o.<\/span><\/p>\n<p><span style=\"font-weight: 400;\">Na p\u00e1gina \u2018Sobre n\u00f3s\u2019 ir\u00e1 encontrar os contactos diretos dos nossos profissionais e um formul\u00e1rio que poder\u00e1 preencher com as suas quest\u00f5es e n\u00f3s entraremos em contacto o mais breve poss\u00edvel.<\/span><\/p>\n<\/div>\n<\/div><\/div><div id=\"panel-921-0-0-1\" class=\"so-panel widget widget_sow-editor panel-last-child\" data-index=\"1\" ><div class=\"faq panel-widget-style panel-widget-style-for-921-0-0-1\" ><div\n\t\t\t\n\t\t\tclass=\"so-widget-sow-editor so-widget-sow-editor-base\"\n\t\t\t\n\t\t>\n<div class=\"siteorigin-widget-tinymce textwidget\">\n\t<h1>FAQ<\/h1>\n<p><strong><b>O que \u00e9 a Frings?<\/b><\/strong><\/p>\n<p><span style=\"font-weight: 400;\">Os desenvolvimentos encontrados atualmente na ind\u00fastria do vinagre s\u00e3o provavelmente desenvolvidos pela Frings. Os Acetificadores totalmente automatizados e outros equipamentos que s\u00e3o vendidos em nome da Frings representam mais de 135 anos de dedica\u00e7\u00e3o no fornecimento da melhor tecnologia.<\/span><\/p>\n<p><span style=\"font-weight: 400;\">Podemos referir mais de:<\/span><\/p>\n<p><span style=\"font-weight: 400;\">2.000 geradores vinagre Frings<\/span><\/p>\n<p><span style=\"font-weight: 400;\">1.000 Acetificadores Frings <\/span><\/p>\n<p><span style=\"font-weight: 400;\">200 Acetificadores piloto Frings de 8L e 200L <\/span><\/p>\n<p><span style=\"font-weight: 400;\">300 Controlos de Acetificadores program\u00e1veis<\/span><\/p>\n<p><span style=\"font-weight: 400;\">110 Sistemas de dosagem autom\u00e1ticos (inje\u00e7\u00e3o direta) para o processo SSHS em todo o mundo. <\/span><\/p>\n<p><strong><b>Quais as ind\u00fastrias que utilizam os produtos Frings?<\/b><br \/><\/strong><span style=\"font-weight: 400;\">O portef\u00f3lio de produtos da Frings n\u00e3o \u00e9 apenas dedicado \u00e0 ind\u00fastria do vinagre. A Frings \u00e9 uma empresa de engenharia e fabrico de m\u00e1quinas, especializada em fermenta\u00e7\u00e3o, misturas e agita\u00e7\u00e3o, que fornece solu\u00e7\u00f5es para a ind\u00fastria dos alimentos e bebidas, biotecnologia, tecnologia qu\u00edmica e ambiental.<\/span><\/p>\n<p><strong><b>Quais s\u00e3o as vantagens de utilizar a Frings?<\/b><br \/><\/strong><span style=\"font-weight: 400;\">Os produtos Frings s\u00e3o a melhor escolha para os clientes que est\u00e3o focados em bons investimentos e na obten\u00e7\u00e3o de resultados precisos numa produ\u00e7\u00e3o est\u00e1vel e regular.<\/span><\/p>\n<p><strong><b>Quais s\u00e3o as vantagens para si? <\/b><br \/><\/strong><span style=\"font-weight: 400;\">Atrav\u00e9s da automatiza\u00e7\u00e3o da produ\u00e7\u00e3o ter\u00e1 custos eficientes e um processo mais s\u00f3lido e constante, com menos quebras ou surpresas. A possibilidade de usufruir de umas f\u00e9rias sem preocupa\u00e7\u00f5es \u00e9 poss\u00edvel com todos os par\u00e2metros est\u00e1veis.<\/span><\/p>\n<p><strong><b>Quais s\u00e3o os principais produtos da Frings?<\/b><br \/><\/strong><\/p>\n<p><span style=\"font-weight: 400;\">Fermentadores<\/span><\/p>\n<p><span style=\"font-weight: 400;\">Reatores Gas\/L\u00edquido<\/span><\/p>\n<p><span style=\"font-weight: 400;\">Filtra\u00e7\u00e3o Tangencial<\/span><\/p>\n<p><span style=\"font-weight: 400;\">Nutrientes para vinagre com elevada acidez<\/span><\/p>\n<p><span style=\"font-weight: 400;\">Centrifugadoras de espuma<\/span><\/p>\n<p><span style=\"font-weight: 400;\">Ventiladores<\/span><\/p>\n<\/div>\n<\/div><\/div><\/div><\/div><div id=\"pgc-921-0-1\"  class=\"panel-grid-cell\" ><div id=\"panel-921-0-1-0\" class=\"so-panel widget widget_sow-image panel-first-child\" data-index=\"2\" ><div\n\t\t\t\n\t\t\tclass=\"so-widget-sow-image so-widget-sow-image-default-8b5b6f678277-921\"\n\t\t\t\n\t\t>\n<div class=\"sow-image-container\">\n\t\t<img src=\"https:\/\/www.bevtec.es\/wp-content\/uploads\/2016\/09\/BevTec-Frings-2.jpg\" width=\"500\" height=\"499\" srcset=\"https:\/\/www.bevtec.es\/wp-content\/uploads\/2016\/09\/BevTec-Frings-2.jpg 500w, https:\/\/www.bevtec.es\/wp-content\/uploads\/2016\/09\/BevTec-Frings-2-150x150.jpg 150w, https:\/\/www.bevtec.es\/wp-content\/uploads\/2016\/09\/BevTec-Frings-2-300x300.jpg 300w, https:\/\/www.bevtec.es\/wp-content\/uploads\/2016\/09\/BevTec-Frings-2-45x45.jpg 45w\" sizes=\"(max-width: 500px) 100vw, 500px\" title=\"bevtec-frings-2\" alt=\"\" loading=\"lazy\" \t\tclass=\"so-widget-image\"\/>\n\t<\/div>\n\n<\/div><\/div><div id=\"panel-921-0-1-1\" class=\"so-panel widget widget_sow-image\" data-index=\"3\" ><div\n\t\t\t\n\t\t\tclass=\"so-widget-sow-image so-widget-sow-image-default-8b5b6f678277-921\"\n\t\t\t\n\t\t>\n<div class=\"sow-image-container\">\n\t\t<img src=\"https:\/\/www.bevtec.es\/wp-content\/uploads\/2016\/09\/BevTec-Frings-1.jpg\" width=\"500\" height=\"500\" srcset=\"https:\/\/www.bevtec.es\/wp-content\/uploads\/2016\/09\/BevTec-Frings-1.jpg 500w, https:\/\/www.bevtec.es\/wp-content\/uploads\/2016\/09\/BevTec-Frings-1-150x150.jpg 150w, https:\/\/www.bevtec.es\/wp-content\/uploads\/2016\/09\/BevTec-Frings-1-300x300.jpg 300w, https:\/\/www.bevtec.es\/wp-content\/uploads\/2016\/09\/BevTec-Frings-1-45x45.jpg 45w\" sizes=\"(max-width: 500px) 100vw, 500px\" title=\"bevtec-frings\" alt=\"\" loading=\"lazy\" \t\tclass=\"so-widget-image\"\/>\n\t<\/div>\n\n<\/div><\/div><div id=\"panel-921-0-1-2\" class=\"so-panel widget widget_text panel-last-child\" data-index=\"4\" ><div class=\"frontform-wid panel-widget-style panel-widget-style-for-921-0-1-2\" >\t\t\t<div class=\"textwidget\"><div role=\"form\" class=\"wpcf7\" id=\"wpcf7-f1073-o1\" lang=\"da-DK\" dir=\"ltr\">\n<div class=\"screen-reader-response\"><p role=\"status\" aria-live=\"polite\" aria-atomic=\"true\"><\/p> <ul><\/ul><\/div>\n<form action=\"\/pt-pt\/wp-json\/wp\/v2\/pages\/921\/#wpcf7-f1073-o1\" method=\"post\" class=\"wpcf7-form init\" novalidate=\"novalidate\" data-status=\"init\">\n<div style=\"display: none;\">\n<input type=\"hidden\" name=\"_wpcf7\" value=\"1073\" \/>\n<input type=\"hidden\" name=\"_wpcf7_version\" value=\"5.3.2\" \/>\n<input type=\"hidden\" name=\"_wpcf7_locale\" value=\"da_DK\" \/>\n<input type=\"hidden\" name=\"_wpcf7_unit_tag\" value=\"wpcf7-f1073-o1\" \/>\n<input type=\"hidden\" name=\"_wpcf7_container_post\" value=\"0\" \/>\n<input type=\"hidden\" name=\"_wpcf7_posted_data_hash\" value=\"\" \/>\n<\/div>\n<p><span class=\"form-header-txt\"><b>Alguma Quest\u00e3o?<\/b><\/span><br \/>\n<span class=\"form-header-txt2\">N\u00e3o hesite em contactar-nos...<\/span><\/p>\n<p><label class=\"form-font-size\"><span class=\"wpcf7-form-control-wrap your-name\"><input type=\"text\" name=\"your-name\" value=\"\" size=\"40\" class=\"wpcf7-form-control wpcf7-text wpcf7-validates-as-required frontform-margin-top\" aria-required=\"true\" aria-invalid=\"false\" placeholder=\"Nome (*)\" \/><\/span><\/label><br \/>\n<label class=\"form-font-size\"><span class=\"wpcf7-form-control-wrap phone\"><input type=\"tel\" name=\"phone\" value=\"\" size=\"40\" class=\"wpcf7-form-control wpcf7-text wpcf7-tel wpcf7-validates-as-tel frontform-margin\" aria-invalid=\"false\" placeholder=\"Telefone\" \/><\/span><\/label><br \/>\n<label class=\"form-font-size\"><span class=\"wpcf7-form-control-wrap your-email\"><input type=\"email\" name=\"your-email\" value=\"\" size=\"40\" class=\"wpcf7-form-control wpcf7-text wpcf7-email wpcf7-validates-as-required wpcf7-validates-as-email frontform-margin\" aria-required=\"true\" aria-invalid=\"false\" placeholder=\"EMail (*)\" \/><\/span><\/label><br \/>\n<label class=\"form-font-size\"><span class=\"wpcf7-form-control-wrap your-message\"><textarea name=\"your-message\" cols=\"40\" rows=\"10\" class=\"wpcf7-form-control wpcf7-textarea frontform-margin frontform-mes-pad\" aria-invalid=\"false\" placeholder=\"Mensagem\"><\/textarea><\/span> <\/label><br \/>\n<input type=\"submit\" value=\"Enviar\" class=\"wpcf7-form-control wpcf7-submit\" \/><\/p>\n<div class=\"wpcf7-response-output\" aria-hidden=\"true\"><\/div><\/form><\/div><\/div>\n\t\t<\/div><\/div><\/div><\/div><\/div>","protected":false},"excerpt":{"rendered":"<p>FringsA Frings \u00e9 uma refer\u00eancia de qualidade e efici\u00eancia na ind\u00fastria do vinagrePorqu\u00ea?S\u00e3o os respons\u00e1veis por inventar o processo de fermenta\u00e7\u00e3o submerso e desde ent\u00e3o a Frings tem trabalhado com o objetivo de melhorar a performance e desenvolver cada vez mais o sistema autom\u00e1tico.\u00a0O portef\u00f3lio de produtos da Frings abrange todas as etapas do processo &#8230; <a title=\"Frings\" class=\"read-more\" href=\"https:\/\/www.bevtec.es\/pt-pt\/frings\/\" aria-label=\"Mais em Frings\">Read more<\/a><\/p>\n","protected":false},"author":1,"featured_media":0,"parent":0,"menu_order":0,"comment_status":"closed","ping_status":"closed","template":"","meta":{"generate_page_header":""},"_links":{"self":[{"href":"https:\/\/www.bevtec.es\/pt-pt\/wp-json\/wp\/v2\/pages\/921\/"}],"collection":[{"href":"https:\/\/www.bevtec.es\/pt-pt\/wp-json\/wp\/v2\/pages\/"}],"about":[{"href":"https:\/\/www.bevtec.es\/pt-pt\/wp-json\/wp\/v2\/types\/page\/"}],"author":[{"embeddable":true,"href":"https:\/\/www.bevtec.es\/pt-pt\/wp-json\/wp\/v2\/users\/1\/"}],"replies":[{"embeddable":true,"href":"https:\/\/www.bevtec.es\/pt-pt\/wp-json\/wp\/v2\/comments\/?post=921"}],"version-history":[{"count":0,"href":"https:\/\/www.bevtec.es\/pt-pt\/wp-json\/wp\/v2\/pages\/921\/revisions\/"}],"wp:attachment":[{"href":"https:\/\/www.bevtec.es\/pt-pt\/wp-json\/wp\/v2\/media\/?parent=921"}],"curies":[{"name":"wp","href":"https:\/\/api.w.org\/{rel}","templated":true}]}}