{"id":1105,"date":"2016-10-10T12:31:51","date_gmt":"2016-10-10T12:31:51","guid":{"rendered":"http:\/\/www.bevtec.es\/contact-us\/"},"modified":"2020-11-11T15:08:03","modified_gmt":"2020-11-11T15:08:03","slug":"contacto","status":"publish","type":"page","link":"https:\/\/www.bevtec.es\/es\/contacto\/","title":{"rendered":"Contacto"},"content":{"rendered":"<div id=\"pl-1105\"  class=\"panel-layout\" ><div id=\"pg-1105-0\"  class=\"panel-grid panel-has-style\" ><div class=\"box10 panel-row-style panel-row-style-for-1105-0\" ><div id=\"pgc-1105-0-0\"  class=\"panel-grid-cell\" ><div id=\"panel-1105-0-0-0\" class=\"so-panel widget widget_ink-person panel-first-child panel-last-child\" data-index=\"0\" ><div\n\t\t\t\n\t\t\tclass=\"so-widget-ink-person so-widget-ink-person-person-52af746c9f19-1105\"\n\t\t\t\n\t\t>\n\t<div class=\"iw-so-person  iw-so-person-above\">\n\n\t\t<div class=\"iw-so-person-img\">\n\t\t\t<img width=\"3142\" height=\"3142\" src=\"https:\/\/www.bevtec.es\/wp-content\/uploads\/2016\/10\/BevTec-Contact-4.jpg\" class=\"attachment-full size-full\" alt=\"\" loading=\"lazy\" srcset=\"https:\/\/www.bevtec.es\/wp-content\/uploads\/2016\/10\/BevTec-Contact-4.jpg 3142w, https:\/\/www.bevtec.es\/wp-content\/uploads\/2016\/10\/BevTec-Contact-4-150x150.jpg 150w, https:\/\/www.bevtec.es\/wp-content\/uploads\/2016\/10\/BevTec-Contact-4-300x300.jpg 300w, https:\/\/www.bevtec.es\/wp-content\/uploads\/2016\/10\/BevTec-Contact-4-768x768.jpg 768w, https:\/\/www.bevtec.es\/wp-content\/uploads\/2016\/10\/BevTec-Contact-4-1024x1024.jpg 1024w, https:\/\/www.bevtec.es\/wp-content\/uploads\/2016\/10\/BevTec-Contact-4-45x45.jpg 45w\" sizes=\"(max-width: 3142px) 100vw, 3142px\" \/>\t\t\t\t\t\t<div class=\"iw-so-person-ol\">\n\t\t\t\t\t\t\t\t\t\t\t<\/div>\n\t\t<\/div>\n\n\t\t<div class=\"iw-so-person-content\">\n\t\t\t<h4 class=\"iw-so-person-name iw-text-center\">Anne Ardils\u00f8<\/h4>\n\t\t\t<p class=\"iw-so-person-desig iw-text-center\">Directora Gerente<\/p>\n\t\t\t\t\t\t\t<p class=\"iw-so-person-about iw-text-center\">En el 2004, fund\u00e9 BevTec, y soy la directora gerente. Represento a Heinrich Frings en la pen\u00ednsula ib\u00e9rica desde 1999. M\u00e1ndeme un email o ll\u00e1meme si tiene un nuevo proyecto con vinagre, o si necesita ayuda con el mantenimiento de sus componentes de S\u00fcdmo.\n<br \/><b>Office Tel.: +34 949 335 836<\/b>\n<br \/><b>Mobile Tel.: +34 639 111 614 <\/b><\/p>\n\t\t\t\t\t\t\t\t\t\t\n\t\t<p class=\"iw-so-person-profiles iw-text-center\">\n\n\t\t\t\n\t\t\t\t<a href=\"mailto:info@bevtec.es\" target=\"_blank\"><\/a>\n\n\t\t\t\n\t\t<\/p>\n\n\t\t\t\t\t\t<\/div>\n\n\t<\/div>\n\n<\/div><\/div><\/div><div id=\"pgc-1105-0-1\"  class=\"panel-grid-cell\" ><div id=\"panel-1105-0-1-0\" class=\"so-panel widget widget_ink-person panel-first-child panel-last-child\" data-index=\"1\" ><div\n\t\t\t\n\t\t\tclass=\"so-widget-ink-person so-widget-ink-person-person-52af746c9f19-1105\"\n\t\t\t\n\t\t>\n\t<div class=\"iw-so-person  iw-so-person-above\">\n\n\t\t<div class=\"iw-so-person-img\">\n\t\t\t<img width=\"1018\" height=\"1018\" src=\"https:\/\/www.bevtec.es\/wp-content\/uploads\/2016\/10\/BevTec-Contact-Wolfgang.jpg\" class=\"attachment-full size-full\" alt=\"\" loading=\"lazy\" srcset=\"https:\/\/www.bevtec.es\/wp-content\/uploads\/2016\/10\/BevTec-Contact-Wolfgang.jpg 1018w, https:\/\/www.bevtec.es\/wp-content\/uploads\/2016\/10\/BevTec-Contact-Wolfgang-150x150.jpg 150w, https:\/\/www.bevtec.es\/wp-content\/uploads\/2016\/10\/BevTec-Contact-Wolfgang-300x300.jpg 300w, https:\/\/www.bevtec.es\/wp-content\/uploads\/2016\/10\/BevTec-Contact-Wolfgang-768x768.jpg 768w, https:\/\/www.bevtec.es\/wp-content\/uploads\/2016\/10\/BevTec-Contact-Wolfgang-45x45.jpg 45w\" sizes=\"(max-width: 1018px) 100vw, 1018px\" \/>\t\t\t\t\t\t<div class=\"iw-so-person-ol\">\n\t\t\t\t\t\t\t\t\t\t\t<\/div>\n\t\t<\/div>\n\n\t\t<div class=\"iw-so-person-content\">\n\t\t\t<h4 class=\"iw-so-person-name iw-text-center\">Wolfgang Reininger<\/h4>\n\t\t\t<p class=\"iw-so-person-desig iw-text-center\">Director de Ventas<\/p>\n\t\t\t\t\t\t\t<p class=\"iw-so-person-about iw-text-center\">Soy ingeniero de tecnolog\u00eda de bebidas, director de ventas, y fund\u00e9 Beverage Technologies con Anne en 2004. P\u00f3ngase en contacto conmigo si est\u00e1 interesado\/a o tiene alguna pregunta sobre la implementaci\u00f3n de nuestras tecnolog\u00edas en su compa\u00f1\u00eda. \n\n<br \/><b>Tel.: +34 619 235 245<\/b><\/p>\n\t\t\t\t\t\t\t\t\t\t\n\t\t<p class=\"iw-so-person-profiles iw-text-center\">\n\n\t\t\t\n\t\t\t\t<a href=\"mailto:wolfgang@bevtec.es\" target=\"_blank\"><\/a>\n\n\t\t\t\n\t\t<\/p>\n\n\t\t\t\t\t\t<\/div>\n\n\t<\/div>\n\n<\/div><\/div><\/div><div id=\"pgc-1105-0-2\"  class=\"panel-grid-cell panel-grid-cell-mobile-last\" ><div id=\"panel-1105-0-2-0\" class=\"so-panel widget widget_ink-person panel-first-child panel-last-child\" data-index=\"2\" ><div\n\t\t\t\n\t\t\tclass=\"so-widget-ink-person so-widget-ink-person-person-52af746c9f19-1105\"\n\t\t\t\n\t\t>\n\t<div class=\"iw-so-person  iw-so-person-above\">\n\n\t\t<div class=\"iw-so-person-img\">\n\t\t\t<img width=\"248\" height=\"236\" src=\"https:\/\/www.bevtec.es\/wp-content\/uploads\/2018\/03\/Captura-de-pantalla-2018-03-27-a-las-17.13.54.png\" class=\"attachment-full size-full\" alt=\"\" loading=\"lazy\" \/>\t\t\t\t\t\t<div class=\"iw-so-person-ol\">\n\t\t\t\t\t\t\t\t\t\t\t<\/div>\n\t\t<\/div>\n\n\t\t<div class=\"iw-so-person-content\">\n\t\t\t<h4 class=\"iw-so-person-name iw-text-center\">Pedro Ayuso D\u00edaz<\/h4>\n\t\t\t<p class=\"iw-so-person-desig iw-text-center\">Responsable de Proyectos <\/p>\n\t\t\t\t\t\t\t<p class=\"iw-so-person-about iw-text-center\">Soy ingeniero en alimentos y el responsable de los componentes de Pentair S\u00fcdmo, adem\u00e1s de la ingenier\u00eda y la aplicaci\u00f3n de procesos. Puede contactarme para cualquier cuesti\u00f3n o consulta que pueda tener en relaci\u00f3n a estas l\u00edneas de producto.\n<br \/><b>Tel.: +34 630 946 728<\/b><\/p>\n\t\t\t\t\t\t\t\t\t\t\n\t\t<p class=\"iw-so-person-profiles iw-text-center\">\n\n\t\t\t\n\t\t\t\t<a href=\"mailto:marco.rojo@bevtec.es\" target=\"_blank\"><\/a>\n\n\t\t\t\n\t\t<\/p>\n\n\t\t\t\t\t\t<\/div>\n\n\t<\/div>\n\n<\/div><\/div><\/div><div id=\"pgc-1105-0-3\"  class=\"panel-grid-cell panel-grid-cell-empty\" ><\/div><\/div><\/div><div id=\"pg-1105-1\"  class=\"panel-grid panel-has-style\" ><div class=\"box10 panel-row-style panel-row-style-for-1105-1\" ><div id=\"pgc-1105-1-0\"  class=\"panel-grid-cell\" ><div id=\"panel-1105-1-0-0\" class=\"so-panel widget widget_ink-person panel-first-child panel-last-child\" data-index=\"3\" ><div\n\t\t\t\n\t\t\tclass=\"so-widget-ink-person so-widget-ink-person-person-52af746c9f19-1105\"\n\t\t\t\n\t\t>\n\t<div class=\"iw-so-person  iw-so-person-above\">\n\n\t\t<div class=\"iw-so-person-img\">\n\t\t\t\t\t\t\t\t\t<div class=\"iw-so-person-ol\">\n\t\t\t\t\t\t\t\t\t\t\t<\/div>\n\t\t<\/div>\n\n\t\t<div class=\"iw-so-person-content\">\n\t\t\t<h4 class=\"iw-so-person-name iw-text-center\">Catalina N\u00fa\u00f1ez<\/h4>\n\t\t\t<p class=\"iw-so-person-desig iw-text-center\">Administraci\u00f3n<\/p>\n\t\t\t\t\t\t\t<p class=\"iw-so-person-about iw-text-center\">Estoy a cargo de los asuntos administrativos. Cont\u00e1ctame si tienes alguna consulta.\n<br \/><b>Tel.: +34 949 335 836<\/b><\/p>\n\t\t\t\t\t\t\t\t\t\t\n\t\t<p class=\"iw-so-person-profiles iw-text-center\">\n\n\t\t\t\n\t\t\t\t<a href=\"mailto:andre.meireles@bevtec.es\" target=\"_blank\"><\/a>\n\n\t\t\t\n\t\t<\/p>\n\n\t\t\t\t\t\t<\/div>\n\n\t<\/div>\n\n<\/div><\/div><\/div><div id=\"pgc-1105-1-1\"  class=\"panel-grid-cell\" ><div id=\"panel-1105-1-1-0\" class=\"so-panel widget widget_ink-person panel-first-child panel-last-child\" data-index=\"4\" ><div\n\t\t\t\n\t\t\tclass=\"so-widget-ink-person so-widget-ink-person-person-52af746c9f19-1105\"\n\t\t\t\n\t\t>\n\t<div class=\"iw-so-person  iw-so-person-above\">\n\n\t\t<div class=\"iw-so-person-img\">\n\t\t\t\t\t\t\t\t\t<div class=\"iw-so-person-ol\">\n\t\t\t\t\t\t\t\t\t\t\t<\/div>\n\t\t<\/div>\n\n\t\t<div class=\"iw-so-person-content\">\n\t\t\t<h4 class=\"iw-so-person-name iw-text-center\">Carolina Vicente<\/h4>\n\t\t\t<p class=\"iw-so-person-desig iw-text-center\">Responsable S\u00fcdmo Portugal Sur<\/p>\n\t\t\t\t\t\t\t<p class=\"iw-so-person-about iw-text-center\">Tengo un m\u00e1ster en Ingenier\u00eda Sanitaria en la Universidad NOVA de Lisboa.\nSoy responsable de administraci\u00f3n en Portugal y gerente de ventas para el sur de Portugal.\n\nP\u00f3ngase en contacto conmigo para cualquier consulta que pueda tener. \n<br \/><b>Tel.: +351 917 044 562<\/b><\/p>\n\t\t\t\t\t\t\t\t\t\t\n\t\t<p class=\"iw-so-person-profiles iw-text-center\">\n\n\t\t\t\n\t\t\t\t<a href=\"mailto:marco.rojo@bevtec.es\" target=\"_blank\"><\/a>\n\n\t\t\t\n\t\t<\/p>\n\n\t\t\t\t\t\t<\/div>\n\n\t<\/div>\n\n<\/div><\/div><\/div><div id=\"pgc-1105-1-2\"  class=\"panel-grid-cell panel-grid-cell-empty panel-grid-cell-mobile-last\" ><\/div><div id=\"pgc-1105-1-3\"  class=\"panel-grid-cell panel-grid-cell-empty\" ><\/div><\/div><\/div><div id=\"pg-1105-2\"  class=\"panel-grid panel-has-style\" ><div class=\"box10 panel-row-style panel-row-style-for-1105-2\" ><div id=\"pgc-1105-2-0\"  class=\"panel-grid-cell\" ><div id=\"panel-1105-2-0-0\" class=\"so-panel widget widget_sow-editor panel-first-child panel-last-child\" data-index=\"5\" ><div class=\"soci panel-widget-style panel-widget-style-for-1105-2-0-0\" ><div\n\t\t\t\n\t\t\tclass=\"so-widget-sow-editor so-widget-sow-editor-base\"\n\t\t\t\n\t\t>\n<div class=\"siteorigin-widget-tinymce textwidget\">\n\t<h1>M\u00e1ntengase al tanto<\/h1>\n<h2>Encu\u00e9ntrenos en las redes sociales<\/h2>\n<p><a href=\"https:\/\/www.linkedin.com\/company\/beverage-technologies-inc?trk=top_nav_home\"><img loading=\"lazy\" class=\"alignnone size-full wp-image-669\" src=\"http:\/\/bevtec.sidetester.dk\/wp-content\/uploads\/2016\/10\/BevTec-Linkedin-1.png\" alt=\"bevtec-linkedin\" width=\"50\" height=\"50\" srcset=\"https:\/\/www.bevtec.es\/wp-content\/uploads\/2016\/10\/BevTec-Linkedin-1.png 50w, https:\/\/www.bevtec.es\/wp-content\/uploads\/2016\/10\/BevTec-Linkedin-1-45x45.png 45w\" sizes=\"(max-width: 50px) 100vw, 50px\" \/><\/a>\u00a0<a href=\"https:\/\/twitter.com\/bev_tec\"><img loading=\"lazy\" class=\"alignnone size-full wp-image-665\" src=\"http:\/\/bevtec.sidetester.dk\/wp-content\/uploads\/2016\/10\/BevTec-Twitter.png\" alt=\"bevtec-twitter\" width=\"50\" height=\"50\" srcset=\"https:\/\/www.bevtec.es\/wp-content\/uploads\/2016\/10\/BevTec-Twitter.png 50w, https:\/\/www.bevtec.es\/wp-content\/uploads\/2016\/10\/BevTec-Twitter-45x45.png 45w\" sizes=\"(max-width: 50px) 100vw, 50px\" \/><\/a>\u00a0<a href=\"https:\/\/www.facebook.com\/BevTec.es\/?ref=bookmarks\"><img loading=\"lazy\" class=\"alignnone size-full wp-image-666\" src=\"http:\/\/bevtec.sidetester.dk\/wp-content\/uploads\/2016\/10\/BevTec-Facebook.png\" alt=\"bevtec-facebook\" width=\"50\" height=\"50\" srcset=\"https:\/\/www.bevtec.es\/wp-content\/uploads\/2016\/10\/BevTec-Facebook.png 50w, https:\/\/www.bevtec.es\/wp-content\/uploads\/2016\/10\/BevTec-Facebook-45x45.png 45w\" sizes=\"(max-width: 50px) 100vw, 50px\" \/><\/a>\u00a0\u00a0<a href=\"mailto:info@bevtec.es\"><img loading=\"lazy\" class=\"alignnone size-full wp-image-663\" src=\"http:\/\/bevtec.sidetester.dk\/wp-content\/uploads\/2016\/10\/BevTec-Newsletter.png\" alt=\"bevtec-newsletter\" width=\"50\" height=\"50\" srcset=\"https:\/\/www.bevtec.es\/wp-content\/uploads\/2016\/10\/BevTec-Newsletter.png 50w, https:\/\/www.bevtec.es\/wp-content\/uploads\/2016\/10\/BevTec-Newsletter-45x45.png 45w\" sizes=\"(max-width: 50px) 100vw, 50px\" \/><\/a><\/p>\n<h2>Sea el primero en recibir nuestras novedades<br \/>\n\u2013 Suscr\u00edbase a nuestro bolet\u00edn<\/h2>\n<h2><a href=\"http:\/\/bevtec.es\/newsletter-sign-up\/\">HAGA CLICK AQU\u00cd<\/a><\/h2>\n<\/div>\n<\/div><\/div><\/div><\/div><div id=\"pgc-1105-2-1\"  class=\"panel-grid-cell panel-grid-cell-empty panel-grid-cell-mobile-last\" ><\/div><div id=\"pgc-1105-2-2\"  class=\"panel-grid-cell panel-grid-cell-empty\" ><\/div><\/div><\/div><div id=\"pg-1105-3\"  class=\"panel-grid panel-no-style\" ><div id=\"pgc-1105-3-0\"  class=\"panel-grid-cell panel-grid-cell-empty\" ><\/div><\/div><\/div>","protected":false},"excerpt":{"rendered":"<p>Anne Ardils\u00f8 Directora Gerente En el 2004, fund\u00e9 BevTec, y soy la directora gerente. Represento a Heinrich Frings en la pen\u00ednsula ib\u00e9rica desde 1999. M\u00e1ndeme un email o ll\u00e1meme si tiene un nuevo proyecto con vinagre, o si necesita ayuda con el mantenimiento de sus componentes de S\u00fcdmo. Office Tel.: +34 949 335 836 Mobile &#8230; <a title=\"Contacto\" class=\"read-more\" href=\"https:\/\/www.bevtec.es\/es\/contacto\/\" aria-label=\"M\u00e1s en Contacto\">Read more<\/a><\/p>\n","protected":false},"author":2,"featured_media":0,"parent":0,"menu_order":0,"comment_status":"closed","ping_status":"closed","template":"","meta":{"generate_page_header":""},"_links":{"self":[{"href":"https:\/\/www.bevtec.es\/es\/wp-json\/wp\/v2\/pages\/1105\/"}],"collection":[{"href":"https:\/\/www.bevtec.es\/es\/wp-json\/wp\/v2\/pages\/"}],"about":[{"href":"https:\/\/www.bevtec.es\/es\/wp-json\/wp\/v2\/types\/page\/"}],"author":[{"embeddable":true,"href":"https:\/\/www.bevtec.es\/es\/wp-json\/wp\/v2\/users\/2\/"}],"replies":[{"embeddable":true,"href":"https:\/\/www.bevtec.es\/es\/wp-json\/wp\/v2\/comments\/?post=1105"}],"version-history":[{"count":21,"href":"https:\/\/www.bevtec.es\/es\/wp-json\/wp\/v2\/pages\/1105\/revisions\/"}],"predecessor-version":[{"id":1387,"href":"https:\/\/www.bevtec.es\/es\/wp-json\/wp\/v2\/pages\/1105\/revisions\/1387\/"}],"wp:attachment":[{"href":"https:\/\/www.bevtec.es\/es\/wp-json\/wp\/v2\/media\/?parent=1105"}],"curies":[{"name":"wp","href":"https:\/\/api.w.org\/{rel}","templated":true}]}}