{"id":1100,"date":"2016-10-10T12:08:52","date_gmt":"2016-10-10T12:08:52","guid":{"rendered":"http:\/\/www.bevtec.es\/beer\/"},"modified":"2017-05-22T14:42:19","modified_gmt":"2017-05-22T14:42:19","slug":"cerveza","status":"publish","type":"page","link":"https:\/\/www.bevtec.es\/es\/cerveza\/","title":{"rendered":"Cerveza"},"content":{"rendered":"<div id=\"pl-1100\"  class=\"panel-layout\" ><div id=\"pg-1100-0\"  class=\"panel-grid panel-no-style\" ><div id=\"pgc-1100-0-0\"  class=\"panel-grid-cell\" ><div id=\"panel-1100-0-0-0\" class=\"so-panel widget widget_sow-editor panel-first-child\" data-index=\"0\" ><div\n\t\t\t\n\t\t\tclass=\"so-widget-sow-editor so-widget-sow-editor-base\"\n\t\t\t\n\t\t>\n<div class=\"siteorigin-widget-tinymce textwidget\">\n\t<h1>Cerveza<\/h1>\n<h2><span style=\"font-weight: 400;\">En BevTec proporcionamos a nuestros clientes productos tecnol\u00f3gicos innovadores y ayudamos a cerveceras a producir la cerveza que pide el mercado. <\/span><\/h2>\n<p><strong>Nuestros socios<br \/><\/strong><span style=\"font-weight: 400;\">Solo ofrecemos la mejor calidad. <\/span><\/p>\n<p><span style=\"font-weight: 400;\">Desde 2010, hemos prove\u00eddo a cerveceras en Espa\u00f1a y Portugal con las v\u00e1lvulas y los repuestos de calidad de Pentair S\u00fcdmo. <\/span><\/p>\n<p><span style=\"font-weight: 400;\">Tambi\u00e9n ofrecemos excelentes sistemas de gesti\u00f3n de gases por membrana y desalcoholizaci\u00f3n total o parcial de cerveza (membrana hidrof\u00f3bica), de K+H Armaturen GmbH. <\/span><\/p>\n<p><strong>Si tiene alguna cuesti\u00f3n, p\u00f3ngase en contacto con nosotros<br \/><\/strong><span style=\"font-weight: 400;\">Si le interesa una o m\u00e1s de nuestras aplicaciones para su compa\u00f1\u00eda, en BevTec esperamos su llamada.<\/span><\/p>\n<p><span style=\"font-weight: 400;\">En nuestra p\u00e1gina \u2018Contacto\u2019, bajo 'Info', encontrar\u00e1 la informaci\u00f3n de contacto de nuestros especialistas, o puede rellenar el formulario de contacto y responderemos lo m\u00e1s r\u00e1pido posible. <\/span><\/p>\n<h2><span style=\"font-weight: 400;\">BevTec es la mejor alternativa cuando est\u00e1 en busca de una soluci\u00f3n<\/span><\/h2>\n<\/div>\n<\/div><\/div><div id=\"panel-1100-0-0-1\" class=\"so-panel widget widget_sow-editor panel-last-child\" data-index=\"1\" ><div class=\"faq panel-widget-style panel-widget-style-for-1100-0-0-1\" ><div\n\t\t\t\n\t\t\tclass=\"so-widget-sow-editor so-widget-sow-editor-base\"\n\t\t\t\n\t\t>\n<div class=\"siteorigin-widget-tinymce textwidget\">\n\t<h1>\u00bfQuiere saber m\u00e1s?<\/h1>\n<p><a href=\"\/es\/pentair-sudmo\/\">Pentair S\u00fcdmo<\/a><\/p>\n<p><a href=\"\/es\/kh\/\">K + H<\/a><\/p>\n<\/div>\n<\/div><\/div><\/div><\/div><div id=\"pgc-1100-0-1\"  class=\"panel-grid-cell\" ><div id=\"panel-1100-0-1-0\" class=\"so-panel widget widget_sow-image panel-first-child\" data-index=\"2\" ><div\n\t\t\t\n\t\t\tclass=\"so-widget-sow-image so-widget-sow-image-default-8b5b6f678277-1100\"\n\t\t\t\n\t\t>\n<div class=\"sow-image-container\">\n\t\t<img src=\"https:\/\/www.bevtec.es\/wp-content\/uploads\/2016\/10\/BevTec-500x500-Beer-191643227.jpg\" width=\"500\" height=\"500\" srcset=\"https:\/\/www.bevtec.es\/wp-content\/uploads\/2016\/10\/BevTec-500x500-Beer-191643227.jpg 500w, https:\/\/www.bevtec.es\/wp-content\/uploads\/2016\/10\/BevTec-500x500-Beer-191643227-150x150.jpg 150w, https:\/\/www.bevtec.es\/wp-content\/uploads\/2016\/10\/BevTec-500x500-Beer-191643227-300x300.jpg 300w, https:\/\/www.bevtec.es\/wp-content\/uploads\/2016\/10\/BevTec-500x500-Beer-191643227-45x45.jpg 45w\" sizes=\"(max-width: 500px) 100vw, 500px\" title=\"bevtec-500&#215;500-beer-191643227\" alt=\"\" loading=\"lazy\" \t\tclass=\"so-widget-image\"\/>\n\t<\/div>\n\n<\/div><\/div><div id=\"panel-1100-0-1-1\" class=\"so-panel widget widget_text panel-last-child\" data-index=\"3\" ><div class=\"frontform-wid panel-widget-style panel-widget-style-for-1100-0-1-1\" >\t\t\t<div class=\"textwidget\"><div role=\"form\" class=\"wpcf7\" id=\"wpcf7-f1209-o1\" lang=\"da-DK\" dir=\"ltr\">\n<div class=\"screen-reader-response\"><p role=\"status\" aria-live=\"polite\" aria-atomic=\"true\"><\/p> <ul><\/ul><\/div>\n<form action=\"\/es\/wp-json\/wp\/v2\/pages\/1100\/#wpcf7-f1209-o1\" method=\"post\" class=\"wpcf7-form init\" novalidate=\"novalidate\" data-status=\"init\">\n<div style=\"display: none;\">\n<input type=\"hidden\" name=\"_wpcf7\" value=\"1209\" \/>\n<input type=\"hidden\" name=\"_wpcf7_version\" value=\"5.3.2\" \/>\n<input type=\"hidden\" name=\"_wpcf7_locale\" value=\"da_DK\" \/>\n<input type=\"hidden\" name=\"_wpcf7_unit_tag\" value=\"wpcf7-f1209-o1\" \/>\n<input type=\"hidden\" name=\"_wpcf7_container_post\" value=\"0\" \/>\n<input type=\"hidden\" name=\"_wpcf7_posted_data_hash\" value=\"\" \/>\n<\/div>\n<p><span class=\"form-header-txt\"><b>Si tiene alguna pregunta...<\/b><\/span><br \/>\n<span class=\"form-header-txt2\">\u00a1No dude en contactarnos!<\/span><\/p>\n<p><label class=\"form-font-size\"><span class=\"wpcf7-form-control-wrap your-name\"><input type=\"text\" name=\"your-name\" value=\"\" size=\"40\" class=\"wpcf7-form-control wpcf7-text wpcf7-validates-as-required frontform-margin-top\" aria-required=\"true\" aria-invalid=\"false\" placeholder=\"Nombre (*)\" \/><\/span><\/label><br \/>\n<label class=\"form-font-size\"><span class=\"wpcf7-form-control-wrap phone\"><input type=\"tel\" name=\"phone\" value=\"\" size=\"40\" class=\"wpcf7-form-control wpcf7-text wpcf7-tel wpcf7-validates-as-tel frontform-margin\" aria-invalid=\"false\" placeholder=\"Tel\" \/><\/span><\/label><br \/>\n<label class=\"form-font-size\"><span class=\"wpcf7-form-control-wrap your-email\"><input type=\"email\" name=\"your-email\" value=\"\" size=\"40\" class=\"wpcf7-form-control wpcf7-text wpcf7-email wpcf7-validates-as-required wpcf7-validates-as-email frontform-margin\" aria-required=\"true\" aria-invalid=\"false\" placeholder=\"Correo electr\u00f3nico (*)\" \/><\/span><\/label><br \/>\n<label class=\"form-font-size\"><span class=\"wpcf7-form-control-wrap your-message\"><textarea name=\"your-message\" cols=\"40\" rows=\"10\" class=\"wpcf7-form-control wpcf7-textarea frontform-margin frontform-mes-pad\" aria-invalid=\"false\" placeholder=\"Mensaje\"><\/textarea><\/span> <\/label><br \/>\n<input type=\"submit\" value=\"ENVIAR\" class=\"wpcf7-form-control wpcf7-submit\" \/><\/p>\n<div class=\"wpcf7-response-output\" aria-hidden=\"true\"><\/div><\/form><\/div><\/div>\n\t\t<\/div><\/div><\/div><\/div><\/div>","protected":false},"excerpt":{"rendered":"<p>CervezaEn BevTec proporcionamos a nuestros clientes productos tecnol\u00f3gicos innovadores y ayudamos a cerveceras a producir la cerveza que pide el mercado. Nuestros sociosSolo ofrecemos la mejor calidad. Desde 2010, hemos prove\u00eddo a cerveceras en Espa\u00f1a y Portugal con las v\u00e1lvulas y los repuestos de calidad de Pentair S\u00fcdmo. Tambi\u00e9n ofrecemos excelentes sistemas de gesti\u00f3n de &#8230; <a title=\"Cerveza\" class=\"read-more\" href=\"https:\/\/www.bevtec.es\/es\/cerveza\/\" aria-label=\"M\u00e1s en Cerveza\">Read more<\/a><\/p>\n","protected":false},"author":2,"featured_media":0,"parent":0,"menu_order":0,"comment_status":"closed","ping_status":"closed","template":"","meta":{"generate_page_header":""},"_links":{"self":[{"href":"https:\/\/www.bevtec.es\/es\/wp-json\/wp\/v2\/pages\/1100\/"}],"collection":[{"href":"https:\/\/www.bevtec.es\/es\/wp-json\/wp\/v2\/pages\/"}],"about":[{"href":"https:\/\/www.bevtec.es\/es\/wp-json\/wp\/v2\/types\/page\/"}],"author":[{"embeddable":true,"href":"https:\/\/www.bevtec.es\/es\/wp-json\/wp\/v2\/users\/2\/"}],"replies":[{"embeddable":true,"href":"https:\/\/www.bevtec.es\/es\/wp-json\/wp\/v2\/comments\/?post=1100"}],"version-history":[{"count":4,"href":"https:\/\/www.bevtec.es\/es\/wp-json\/wp\/v2\/pages\/1100\/revisions\/"}],"predecessor-version":[{"id":1271,"href":"https:\/\/www.bevtec.es\/es\/wp-json\/wp\/v2\/pages\/1100\/revisions\/1271\/"}],"wp:attachment":[{"href":"https:\/\/www.bevtec.es\/es\/wp-json\/wp\/v2\/media\/?parent=1100"}],"curies":[{"name":"wp","href":"https:\/\/api.w.org\/{rel}","templated":true}]}}