{"id":949,"date":"2016-10-10T13:06:56","date_gmt":"2016-10-10T13:06:56","guid":{"rendered":"http:\/\/www.bevtec.es\/pt-pt\/about-us\/"},"modified":"2018-03-27T15:07:38","modified_gmt":"2018-03-27T15:07:38","slug":"sobre-nos","status":"publish","type":"page","link":"http:\/\/www.bevtec.es\/pt-pt\/sobre-nos\/","title":{"rendered":"Sobre N\u00f3s"},"content":{"rendered":"<div id=\"pl-949\"  class=\"panel-layout\" ><div id=\"pg-949-0\"  class=\"panel-grid panel-has-style\" ><div class=\"sidebar15 panel-row-style panel-row-style-for-949-0\" ><div id=\"pgc-949-0-0\"  class=\"panel-grid-cell\" ><div id=\"panel-949-0-0-0\" class=\"so-panel widget widget_sow-editor panel-first-child\" data-index=\"0\" ><div\n\t\t\t\n\t\t\tclass=\"so-widget-sow-editor so-widget-sow-editor-base\"\n\t\t\t\n\t\t>\n<div class=\"siteorigin-widget-tinymce textwidget\">\n\t<h1>Bem-vindo \u00e0 BevTec<\/h1>\n<h2>Na BevTec n\u00f3s ajudamos a otimizar os processos de produ\u00e7\u00e3o de bebidas e alimentos<\/h2>\n<p>Estamos focados em garantir um bom investimento para a produ\u00e7\u00e3o, assegurando sempre a efic\u00e1cia e qualidade dos nossos servi\u00e7os.\u00a0<span style=\"font-weight: 400;\">Alcan\u00e7amos o objetivo, fornecendo tecnologia inovadora, conhecimento, experi\u00eancia, dedica\u00e7\u00e3o e um servi\u00e7o personalizado.<\/span><\/p>\n<p><strong>A liga\u00e7\u00e3o essencial<br \/>\n<\/strong><span style=\"font-weight: 400;\">Desde 2004, a BevTec tem sido uma liga\u00e7\u00e3o essencial entre as empresas de tecnologia e a ind\u00fastria alimentar e de bebidas em Espanha, Portugal e It\u00e1lia.<\/span><\/p>\n<p><strong>Os nossos parceiros<\/strong><strong><br \/>\n<\/strong><span style=\"font-weight: 400;\">A BevTec representa empresas como Heinrich Frings, Pentair S\u00fcdmo, Bioma e K+H em Espanha e Portugal, com experi\u00eancia vasta, te\u00f3rica e pr\u00e1tica, na produ\u00e7\u00e3o de alimentos e bebidas.<\/span><\/p>\n<p><strong>Nosso servi\u00e7o<br \/>\n<\/strong><span style=\"font-weight: 400;\">Orgulhamo-nos de fornecer aos nossos clientes um servi\u00e7o r\u00e1pido e consistente, enquadrado com as aspira\u00e7\u00f5es e motiva\u00e7\u00f5es da nossa empresa.<\/span><\/p>\n<h2><span style=\"font-weight: 400;\">Em suma, na BevTec compartilhamos da sua paix\u00e3o pelas melhores bebidas, e orgulhamo-nos de conhecer o mercado e as suas necessidades<\/span><\/h2>\n<\/div>\n<\/div><\/div><div id=\"panel-949-0-0-1\" class=\"so-panel widget widget_sow-editor\" data-index=\"1\" ><div class=\"faq panel-widget-style panel-widget-style-for-949-0-0-1\" ><div\n\t\t\t\n\t\t\tclass=\"so-widget-sow-editor so-widget-sow-editor-base\"\n\t\t\t\n\t\t>\n<div class=\"siteorigin-widget-tinymce textwidget\">\n\t<h2>VIS\u00c3O E MISS\u00c3O<\/h2>\n<p><strong><b>Vis\u00e3o<\/b><\/strong><br \/><span style=\"font-weight: 400;\">Ambicionamos ser os principais parceiros daqueles que partilham da nossa paix\u00e3o em produzir bebidas de elevada qualidade. Pretendemos ainda, ajudar os nossos clientes a ser os primeiros a mostrar novos produtos ao mercado.<\/span><\/p>\n<p><strong><b>Miss\u00e3o<\/b><\/strong><br \/><span style=\"font-weight: 400;\">Queremos oferecer aos nossos clientes - empresas de tecnologia e engenharia e ind\u00fastria das bebidas - um servi\u00e7o \u00fanico. A coopera\u00e7\u00e3o com a BevTec deve ser entendida como acess\u00edvel, f\u00e1cil e positiva.<\/span><\/p>\n<p><span style=\"font-weight: 400;\">Todos os clientes s\u00e3o diferentes. Nenhum problema tem uma solu\u00e7\u00e3o fixa. Contudo, estamos sempre prontos para aceitar desaf\u00edos. Esta abordagem \u00e9 a nossa receita para o futuro.<\/span><\/p>\n<\/div>\n<\/div><\/div><\/div><div id=\"panel-949-0-0-2\" class=\"so-panel widget widget_sow-editor panel-last-child\" data-index=\"2\" ><div class=\"faq panel-widget-style panel-widget-style-for-949-0-0-2\" ><div\n\t\t\t\n\t\t\tclass=\"so-widget-sow-editor so-widget-sow-editor-base\"\n\t\t\t\n\t\t>\n<div class=\"siteorigin-widget-tinymce textwidget\">\n\t<h2>VALORES<\/h2>\n<p><b>Somos fortes<\/b><br \/><span style=\"font-weight: 400;\">Conhecemos bem o mercado e a sua envolv\u00eancia e compreendemos que o servi\u00e7o depende geralmente da rapidez.\u00a0<\/span><span style=\"font-weight: 400;\">Tentamos prever problemas antes dos nossos clientes e trabalhar pr\u00f3-ativamente para ajud\u00e1-los no seu dia-a-dia.<\/span><\/p>\n<p><b>Somos apaixonados<\/b><br \/><span style=\"font-weight: 400;\">Somos especialistas na \u00e1rea e partilhamos a satisfa\u00e7\u00e3o com os nossos clientes quando resolvemos os seus problemas com rapidez e efic\u00e1cia. Para al\u00e9m disso, estamos orgulhosos das rela\u00e7\u00f5es pr\u00f3ximas e confort\u00e1veis que estabelecemos com os nossos parceiros e clientes.<\/span><\/p>\n<p><b>Somos focados no servi\u00e7o<\/b><br \/><span style=\"font-weight: 400;\">Investigamos quais as necessidades dos nossos clientes, personalizando as melhores solu\u00e7\u00f5es para cada um.\u00a0<\/span><span style=\"font-weight: 400;\">Pretendemos definir sempre os objetivos antes de iniciar uma tarefa, mantendo sempre uma liga\u00e7\u00e3o com o cliente.<\/span><\/p>\n<p><b>Reconhecemos qualidade<\/b><br \/><span style=\"font-weight: 400;\">Conhecemos as necessidades dos mercados e os seus <\/span><i><span style=\"font-weight: 400;\">standards<\/span><\/i><span style=\"font-weight: 400;\"> e compreendemos em detalhe os desejos dos nossos clientes. Definimos crit\u00e9rios elevados para os servi\u00e7os e estamos conscientes que o sucesso depende da experi\u00eancia dos nossos clientes. <\/span><\/p>\n<p><b>Falamos a sua l\u00edngua<\/b><br \/><span style=\"font-weight: 400;\">Acreditamos que um bom di\u00e1logo \u00e9 essencial para um bom entendimento com os nossos clientes e esta premissa \u00e9 um ponto de partida para bons relacionamentos e resultados com sucesso.<\/span><\/p>\n<\/div>\n<\/div><\/div><\/div><\/div><div id=\"pgc-949-0-1\"  class=\"panel-grid-cell\" ><div id=\"panel-949-0-1-0\" class=\"so-panel widget widget_sow-image panel-first-child\" data-index=\"3\" ><div\n\t\t\t\n\t\t\tclass=\"so-widget-sow-image so-widget-sow-image-default-8b5b6f678277-949\"\n\t\t\t\n\t\t>\n<div class=\"sow-image-container\">\n\t\t<img src=\"http:\/\/www.bevtec.es\/wp-content\/uploads\/2016\/08\/BT-side.jpg\" width=\"500\" height=\"440\" srcset=\"http:\/\/www.bevtec.es\/wp-content\/uploads\/2016\/08\/BT-side.jpg 500w, http:\/\/www.bevtec.es\/wp-content\/uploads\/2016\/08\/BT-side-300x264.jpg 300w\" sizes=\"(max-width: 500px) 100vw, 500px\" title=\"bt-side\" alt=\"\" loading=\"lazy\" \t\tclass=\"so-widget-image\"\/>\n\t<\/div>\n\n<\/div><\/div><div id=\"panel-949-0-1-1\" class=\"so-panel widget widget_text panel-last-child\" data-index=\"4\" ><div class=\"frontform-wid panel-widget-style panel-widget-style-for-949-0-1-1\" >\t\t\t<div class=\"textwidget\"><div role=\"form\" class=\"wpcf7\" id=\"wpcf7-f1073-o1\" lang=\"da-DK\" dir=\"ltr\">\n<div class=\"screen-reader-response\"><p role=\"status\" aria-live=\"polite\" aria-atomic=\"true\"><\/p> <ul><\/ul><\/div>\n<form action=\"\/pt-pt\/wp-json\/wp\/v2\/pages\/949\/#wpcf7-f1073-o1\" method=\"post\" class=\"wpcf7-form init\" novalidate=\"novalidate\" data-status=\"init\">\n<div style=\"display: none;\">\n<input type=\"hidden\" name=\"_wpcf7\" value=\"1073\" \/>\n<input type=\"hidden\" name=\"_wpcf7_version\" value=\"5.3.2\" \/>\n<input type=\"hidden\" name=\"_wpcf7_locale\" value=\"da_DK\" \/>\n<input type=\"hidden\" name=\"_wpcf7_unit_tag\" value=\"wpcf7-f1073-o1\" \/>\n<input type=\"hidden\" name=\"_wpcf7_container_post\" value=\"0\" \/>\n<input type=\"hidden\" name=\"_wpcf7_posted_data_hash\" value=\"\" \/>\n<\/div>\n<p><span class=\"form-header-txt\"><b>Alguma Quest\u00e3o?<\/b><\/span><br \/>\n<span class=\"form-header-txt2\">N\u00e3o hesite em contactar-nos...<\/span><\/p>\n<p><label class=\"form-font-size\"><span class=\"wpcf7-form-control-wrap your-name\"><input type=\"text\" name=\"your-name\" value=\"\" size=\"40\" class=\"wpcf7-form-control wpcf7-text wpcf7-validates-as-required frontform-margin-top\" aria-required=\"true\" aria-invalid=\"false\" placeholder=\"Nome (*)\" \/><\/span><\/label><br \/>\n<label class=\"form-font-size\"><span class=\"wpcf7-form-control-wrap phone\"><input type=\"tel\" name=\"phone\" value=\"\" size=\"40\" class=\"wpcf7-form-control wpcf7-text wpcf7-tel wpcf7-validates-as-tel frontform-margin\" aria-invalid=\"false\" placeholder=\"Telefone\" \/><\/span><\/label><br \/>\n<label class=\"form-font-size\"><span class=\"wpcf7-form-control-wrap your-email\"><input type=\"email\" name=\"your-email\" value=\"\" size=\"40\" class=\"wpcf7-form-control wpcf7-text wpcf7-email wpcf7-validates-as-required wpcf7-validates-as-email frontform-margin\" aria-required=\"true\" aria-invalid=\"false\" placeholder=\"EMail (*)\" \/><\/span><\/label><br \/>\n<label class=\"form-font-size\"><span class=\"wpcf7-form-control-wrap your-message\"><textarea name=\"your-message\" cols=\"40\" rows=\"10\" class=\"wpcf7-form-control wpcf7-textarea frontform-margin frontform-mes-pad\" aria-invalid=\"false\" placeholder=\"Mensagem\"><\/textarea><\/span> <\/label><br \/>\n<input type=\"submit\" value=\"Enviar\" class=\"wpcf7-form-control wpcf7-submit\" \/><\/p>\n<div class=\"wpcf7-response-output\" aria-hidden=\"true\"><\/div><\/form><\/div><\/div>\n\t\t<\/div><\/div><\/div><\/div><\/div><\/div>","protected":false},"excerpt":{"rendered":"<p>Bem-vindo \u00e0 BevTec Na BevTec n\u00f3s ajudamos a otimizar os processos de produ\u00e7\u00e3o de bebidas e alimentos Estamos focados em garantir um bom investimento para a produ\u00e7\u00e3o, assegurando sempre a efic\u00e1cia e qualidade dos nossos servi\u00e7os.\u00a0Alcan\u00e7amos o objetivo, fornecendo tecnologia inovadora, conhecimento, experi\u00eancia, dedica\u00e7\u00e3o e um servi\u00e7o personalizado. A liga\u00e7\u00e3o essencial Desde 2004, a BevTec &#8230; <a title=\"Sobre N\u00f3s\" class=\"read-more\" href=\"http:\/\/www.bevtec.es\/pt-pt\/sobre-nos\/\" aria-label=\"Mais em Sobre N\u00f3s\">Read more<\/a><\/p>\n","protected":false},"author":2,"featured_media":0,"parent":0,"menu_order":0,"comment_status":"closed","ping_status":"closed","template":"","meta":{"generate_page_header":""},"_links":{"self":[{"href":"http:\/\/www.bevtec.es\/pt-pt\/wp-json\/wp\/v2\/pages\/949\/"}],"collection":[{"href":"http:\/\/www.bevtec.es\/pt-pt\/wp-json\/wp\/v2\/pages\/"}],"about":[{"href":"http:\/\/www.bevtec.es\/pt-pt\/wp-json\/wp\/v2\/types\/page\/"}],"author":[{"embeddable":true,"href":"http:\/\/www.bevtec.es\/pt-pt\/wp-json\/wp\/v2\/users\/2\/"}],"replies":[{"embeddable":true,"href":"http:\/\/www.bevtec.es\/pt-pt\/wp-json\/wp\/v2\/comments\/?post=949"}],"version-history":[{"count":2,"href":"http:\/\/www.bevtec.es\/pt-pt\/wp-json\/wp\/v2\/pages\/949\/revisions\/"}],"predecessor-version":[{"id":1283,"href":"http:\/\/www.bevtec.es\/pt-pt\/wp-json\/wp\/v2\/pages\/949\/revisions\/1283\/"}],"wp:attachment":[{"href":"http:\/\/www.bevtec.es\/pt-pt\/wp-json\/wp\/v2\/media\/?parent=949"}],"curies":[{"name":"wp","href":"https:\/\/api.w.org\/{rel}","templated":true}]}}