{"id":933,"date":"2016-10-10T11:27:39","date_gmt":"2016-10-10T11:27:39","guid":{"rendered":"http:\/\/www.bevtec.es\/pt-pt\/pentair-sudmo\/"},"modified":"2017-01-09T10:55:47","modified_gmt":"2017-01-09T10:55:47","slug":"pentair-sudmo","status":"publish","type":"page","link":"http:\/\/www.bevtec.es\/pt-pt\/pentair-sudmo\/","title":{"rendered":"Pentair S\u00fcdmo"},"content":{"rendered":"<div id=\"pl-933\"  class=\"panel-layout\" ><div id=\"pg-933-0\"  class=\"panel-grid panel-no-style\" ><div id=\"pgc-933-0-0\"  class=\"panel-grid-cell\" ><div id=\"panel-933-0-0-0\" class=\"so-panel widget widget_sow-editor panel-first-child\" data-index=\"0\" ><div\n\t\t\t\n\t\t\tclass=\"so-widget-sow-editor so-widget-sow-editor-base\"\n\t\t\t\n\t\t>\n<div class=\"siteorigin-widget-tinymce textwidget\">\n\t<h1>Pentair S\u00fcdmo<\/h1>\n<h2>A qualidade do produtos da Pentair S\u00fcdmo \u00e9 adequada para cervejas, lactic\u00ednios e outras bebidas, e tamb\u00e9m para a ind\u00fastria farmac\u00eautica. Estas ind\u00fastrias requerem elevados requisitos de produ\u00e7\u00e3o.<\/h2>\n<p><b>Porqu\u00ea?<\/b><strong><br \/><\/strong><span style=\"font-weight: 400;\">As v\u00e1lvulas e componentes higi\u00e9nicos e ass\u00e9pticos da Pentair S\u00fcdmo s\u00e3o exclusivos e desenhados para assegurar uma produ\u00e7\u00e3o e manuten\u00e7\u00e3o f\u00e1cil; Isto significa, menos servi\u00e7o e maior rapidez de resolu\u00e7\u00e3o de problemas.<\/span><\/p>\n<p><span style=\"font-weight: 400;\">Na Pentair S\u00fcdmo existem elevados requisitos de qualidade e muitos dos seus produtos podem ir de encontro as suas necessidades. Atrav\u00e9s da utiliza\u00e7\u00e3o destes produtos, ir\u00e1 verificar como \u00e9 f\u00e1cil utilizar e fazer a sua manuten\u00e7\u00e3o. <\/span><\/p>\n<p><span style=\"font-weight: 400;\">Uma das novidades da Pentair S\u00fcdmo s\u00e3o as novas v\u00e1lvulas ass\u00e9pticas: AS-DSV Secure.<\/span><\/p>\n<p><strong>Resultado?<br \/><\/strong><span style=\"font-weight: 400;\">Atrav\u00e9s da utiliza\u00e7\u00e3o dos produtos da Pentair S\u00fcdmo poder\u00e1 focar-se na sua produ\u00e7\u00e3o, evitando tempo de manuten\u00e7\u00e3o.<\/span><\/p>\n<p><b>BevTec fornece os produtos da Pentair S\u00fcdmo<\/b><strong><br \/><\/strong><span style=\"font-weight: 400;\">Se acha que os produtos da Pentair S\u00fcdmo podem ser interessantes para a sua empresa, a BevTec est\u00e1 dispon\u00edvel para responder a quest\u00f5es e pedidos de informa\u00e7\u00e3o.<\/span><\/p>\n<p><span style=\"font-weight: 400;\">Na p\u00e1gina \u2018Sobre n\u00f3s\u2019 ir\u00e1 encontrar os contactos diretos dos nossos profissionais e um formul\u00e1rio que poder\u00e1 preencher com as suas quest\u00f5es e n\u00f3s entraremos em contacto o mais breve poss\u00edvel.<\/span><\/p>\n<\/div>\n<\/div><\/div><div id=\"panel-933-0-0-1\" class=\"so-panel widget widget_sow-editor panel-last-child\" data-index=\"1\" ><div class=\"faq panel-widget-style panel-widget-style-for-933-0-0-1\" ><div\n\t\t\t\n\t\t\tclass=\"so-widget-sow-editor so-widget-sow-editor-base\"\n\t\t\t\n\t\t>\n<div class=\"siteorigin-widget-tinymce textwidget\">\n\t<h1>FAQ<\/h1>\n<p><b>O que \u00e9 a Pentair S\u00fcdmo?<\/b><strong><br \/><\/strong><span style=\"font-weight: 400;\">As v\u00e1lvulas e componentes higi\u00e9nicos e ass\u00e9pticos da Pentair S\u00fcdmo s\u00e3o cuidadosamente desenvolvidos para a ind\u00fastria dos alimentos, bebidas e farmac\u00eautica. Um dos produtos mais revolucion\u00e1rios lan\u00e7ados este ano para o mercado \u00e9 a v\u00e1lvula AS-DSV Secue.<\/span><\/p>\n<p><span style=\"font-weight: 400;\">A BevTec \u00e9 o distribuidos oficial da Pentair S\u00fcdmo em Espanha e Portugal.<\/span><\/p>\n<p><b>Que ind\u00fastrias utilizam os produtos da Pentair S\u00fcdmo?<\/b><strong><br \/><\/strong><span style=\"font-weight: 400;\">Os produtos da Pentair S\u00fcdmo s\u00e3o adequados para as ind\u00fastrias dos alimentos, bebidas e farmac\u00eautica, que requerem numerosos requisitos nas suas linhas de produ\u00e7\u00e3o. <\/span><\/p>\n<p><b>Quais s\u00e3o as vantagens de utiliza\u00e7\u00e3o destes produtos?<\/b><strong><br \/><\/strong><span style=\"font-weight: 400;\">Os produtos da Pentair S\u00fcdmo s\u00e3o de elevada qualidade e seguros para processos mais sens\u00edveis. S\u00e3o higi\u00e9nicos e de f\u00e1cil instala\u00e7\u00e3o e manuten\u00e7\u00e3o. <\/span><\/p>\n<p><span style=\"font-weight: 400;\">Atrav\u00e9s da sua utiliza\u00e7\u00e3o ir\u00e1 garantir uma boa performance e seguran\u00e7a do processo de produ\u00e7\u00e3o.<\/span><\/p>\n<p><b>Quais s\u00e3o as vantagens para mim como produtor de bebidas? <\/b><strong><br \/><\/strong><span style=\"font-weight: 400;\">Atrav\u00e9s da utiliza\u00e7\u00e3o dos produtos da Pentair S\u00fcdmo poder\u00e1 focar-se na sua produ\u00e7\u00e3o, evitando tempo de manuten\u00e7\u00e3o. A BevTec disponibiliza os produtos e o servi\u00e7o necess\u00e1rio.<\/span><\/p>\n<p><b>Quais s\u00e3o os principais produtos da Pentair S\u00fcdmo?<\/b><strong><br \/><\/strong><span style=\"font-weight: 400;\">V\u00e1lvulas higi\u00e9nicas e ass\u00e9pticas para a ind\u00fastria dos alimentos, bebidas e farmac\u00eautica.<\/span><\/p>\n<\/div>\n<\/div><\/div><\/div><\/div><div id=\"pgc-933-0-1\"  class=\"panel-grid-cell\" ><div id=\"panel-933-0-1-0\" class=\"so-panel widget widget_sow-image panel-first-child\" data-index=\"2\" ><div\n\t\t\t\n\t\t\tclass=\"so-widget-sow-image so-widget-sow-image-default-8b5b6f678277-933\"\n\t\t\t\n\t\t>\n<div class=\"sow-image-container\">\n\t\t<img src=\"http:\/\/www.bevtec.es\/wp-content\/uploads\/2016\/10\/BevTec-Sudmo.jpg\" width=\"500\" height=\"500\" srcset=\"http:\/\/www.bevtec.es\/wp-content\/uploads\/2016\/10\/BevTec-Sudmo.jpg 500w, http:\/\/www.bevtec.es\/wp-content\/uploads\/2016\/10\/BevTec-Sudmo-150x150.jpg 150w, http:\/\/www.bevtec.es\/wp-content\/uploads\/2016\/10\/BevTec-Sudmo-300x300.jpg 300w, http:\/\/www.bevtec.es\/wp-content\/uploads\/2016\/10\/BevTec-Sudmo-45x45.jpg 45w\" sizes=\"(max-width: 500px) 100vw, 500px\" title=\"bevtec-sudmo\" alt=\"\" loading=\"lazy\" \t\tclass=\"so-widget-image\"\/>\n\t<\/div>\n\n<\/div><\/div><div id=\"panel-933-0-1-1\" class=\"so-panel widget widget_sow-image\" data-index=\"3\" ><div\n\t\t\t\n\t\t\tclass=\"so-widget-sow-image so-widget-sow-image-default-8b5b6f678277-933\"\n\t\t\t\n\t\t>\n<div class=\"sow-image-container\">\n\t\t<img src=\"http:\/\/www.bevtec.es\/wp-content\/uploads\/2016\/10\/BevTec-Sudmo-1.jpg\" width=\"500\" height=\"499\" srcset=\"http:\/\/www.bevtec.es\/wp-content\/uploads\/2016\/10\/BevTec-Sudmo-1.jpg 500w, http:\/\/www.bevtec.es\/wp-content\/uploads\/2016\/10\/BevTec-Sudmo-1-150x150.jpg 150w, http:\/\/www.bevtec.es\/wp-content\/uploads\/2016\/10\/BevTec-Sudmo-1-300x300.jpg 300w, http:\/\/www.bevtec.es\/wp-content\/uploads\/2016\/10\/BevTec-Sudmo-1-45x45.jpg 45w\" sizes=\"(max-width: 500px) 100vw, 500px\" title=\"bevtec-sudmo-1\" alt=\"\" loading=\"lazy\" \t\tclass=\"so-widget-image\"\/>\n\t<\/div>\n\n<\/div><\/div><div id=\"panel-933-0-1-2\" class=\"so-panel widget widget_text panel-last-child\" data-index=\"4\" ><div class=\"frontform-wid panel-widget-style panel-widget-style-for-933-0-1-2\" >\t\t\t<div class=\"textwidget\"><div role=\"form\" class=\"wpcf7\" id=\"wpcf7-f1073-o1\" lang=\"da-DK\" dir=\"ltr\">\n<div class=\"screen-reader-response\"><p role=\"status\" aria-live=\"polite\" aria-atomic=\"true\"><\/p> <ul><\/ul><\/div>\n<form action=\"\/pt-pt\/wp-json\/wp\/v2\/pages\/933\/#wpcf7-f1073-o1\" method=\"post\" class=\"wpcf7-form init\" novalidate=\"novalidate\" data-status=\"init\">\n<div style=\"display: none;\">\n<input type=\"hidden\" name=\"_wpcf7\" value=\"1073\" \/>\n<input type=\"hidden\" name=\"_wpcf7_version\" value=\"5.3.2\" \/>\n<input type=\"hidden\" name=\"_wpcf7_locale\" value=\"da_DK\" \/>\n<input type=\"hidden\" name=\"_wpcf7_unit_tag\" value=\"wpcf7-f1073-o1\" \/>\n<input type=\"hidden\" name=\"_wpcf7_container_post\" value=\"0\" \/>\n<input type=\"hidden\" name=\"_wpcf7_posted_data_hash\" value=\"\" \/>\n<\/div>\n<p><span class=\"form-header-txt\"><b>Alguma Quest\u00e3o?<\/b><\/span><br \/>\n<span class=\"form-header-txt2\">N\u00e3o hesite em contactar-nos...<\/span><\/p>\n<p><label class=\"form-font-size\"><span class=\"wpcf7-form-control-wrap your-name\"><input type=\"text\" name=\"your-name\" value=\"\" size=\"40\" class=\"wpcf7-form-control wpcf7-text wpcf7-validates-as-required frontform-margin-top\" aria-required=\"true\" aria-invalid=\"false\" placeholder=\"Nome (*)\" \/><\/span><\/label><br \/>\n<label class=\"form-font-size\"><span class=\"wpcf7-form-control-wrap phone\"><input type=\"tel\" name=\"phone\" value=\"\" size=\"40\" class=\"wpcf7-form-control wpcf7-text wpcf7-tel wpcf7-validates-as-tel frontform-margin\" aria-invalid=\"false\" placeholder=\"Telefone\" \/><\/span><\/label><br \/>\n<label class=\"form-font-size\"><span class=\"wpcf7-form-control-wrap your-email\"><input type=\"email\" name=\"your-email\" value=\"\" size=\"40\" class=\"wpcf7-form-control wpcf7-text wpcf7-email wpcf7-validates-as-required wpcf7-validates-as-email frontform-margin\" aria-required=\"true\" aria-invalid=\"false\" placeholder=\"EMail (*)\" \/><\/span><\/label><br \/>\n<label class=\"form-font-size\"><span class=\"wpcf7-form-control-wrap your-message\"><textarea name=\"your-message\" cols=\"40\" rows=\"10\" class=\"wpcf7-form-control wpcf7-textarea frontform-margin frontform-mes-pad\" aria-invalid=\"false\" placeholder=\"Mensagem\"><\/textarea><\/span> <\/label><br \/>\n<input type=\"submit\" value=\"Enviar\" class=\"wpcf7-form-control wpcf7-submit\" \/><\/p>\n<div class=\"wpcf7-response-output\" aria-hidden=\"true\"><\/div><\/form><\/div><\/div>\n\t\t<\/div><\/div><\/div><\/div><\/div>","protected":false},"excerpt":{"rendered":"<p>Pentair S\u00fcdmoA qualidade do produtos da Pentair S\u00fcdmo \u00e9 adequada para cervejas, lactic\u00ednios e outras bebidas, e tamb\u00e9m para a ind\u00fastria farmac\u00eautica. Estas ind\u00fastrias requerem elevados requisitos de produ\u00e7\u00e3o.Porqu\u00ea?As v\u00e1lvulas e componentes higi\u00e9nicos e ass\u00e9pticos da Pentair S\u00fcdmo s\u00e3o exclusivos e desenhados para assegurar uma produ\u00e7\u00e3o e manuten\u00e7\u00e3o f\u00e1cil; Isto significa, menos servi\u00e7o e maior &#8230; <a title=\"Pentair S\u00fcdmo\" class=\"read-more\" href=\"http:\/\/www.bevtec.es\/pt-pt\/pentair-sudmo\/\" aria-label=\"Mais em Pentair S\u00fcdmo\">Read more<\/a><\/p>\n","protected":false},"author":2,"featured_media":0,"parent":0,"menu_order":0,"comment_status":"closed","ping_status":"closed","template":"","meta":{"generate_page_header":""},"_links":{"self":[{"href":"http:\/\/www.bevtec.es\/pt-pt\/wp-json\/wp\/v2\/pages\/933\/"}],"collection":[{"href":"http:\/\/www.bevtec.es\/pt-pt\/wp-json\/wp\/v2\/pages\/"}],"about":[{"href":"http:\/\/www.bevtec.es\/pt-pt\/wp-json\/wp\/v2\/types\/page\/"}],"author":[{"embeddable":true,"href":"http:\/\/www.bevtec.es\/pt-pt\/wp-json\/wp\/v2\/users\/2\/"}],"replies":[{"embeddable":true,"href":"http:\/\/www.bevtec.es\/pt-pt\/wp-json\/wp\/v2\/comments\/?post=933"}],"version-history":[{"count":0,"href":"http:\/\/www.bevtec.es\/pt-pt\/wp-json\/wp\/v2\/pages\/933\/revisions\/"}],"wp:attachment":[{"href":"http:\/\/www.bevtec.es\/pt-pt\/wp-json\/wp\/v2\/media\/?parent=933"}],"curies":[{"name":"wp","href":"https:\/\/api.w.org\/{rel}","templated":true}]}}