{"id":931,"date":"2016-10-10T11:22:35","date_gmt":"2016-10-10T11:22:35","guid":{"rendered":"http:\/\/www.bevtec.es\/pt-pt\/kh\/"},"modified":"2017-01-09T10:57:05","modified_gmt":"2017-01-09T10:57:05","slug":"kh","status":"publish","type":"page","link":"http:\/\/www.bevtec.es\/pt-pt\/kh\/","title":{"rendered":"K+H Armaturen GmbH"},"content":{"rendered":"<div id=\"pl-931\"  class=\"panel-layout\" ><div id=\"pg-931-0\"  class=\"panel-grid panel-no-style\" ><div id=\"pgc-931-0-0\"  class=\"panel-grid-cell\" ><div id=\"panel-931-0-0-0\" class=\"so-panel widget widget_sow-editor panel-first-child\" data-index=\"0\" ><div\n\t\t\t\n\t\t\tclass=\"so-widget-sow-editor so-widget-sow-editor-base\"\n\t\t\t\n\t\t>\n<div class=\"siteorigin-widget-tinymce textwidget\">\n\t<h1>K+H Armaturen GmbH<\/h1>\n<h2>Adegas, produtores de \u00e1gua mineral e \u00a0produtores de cerveja conhecem as dificuldades existentes relativas \u00e0 dissolu\u00e7\u00e3o de CO2 no engarrafamento. \u00c9 um processo complexo, com custos elevados e demorado.<\/h2>\n<p>O sistema de membranas da K+H Armaturen GmbH abrange todas estas dificuldades e \u00e9 sem d\u00favida a tecnologia do futuro.<\/p>\n<p><b>Porqu\u00ea?<\/b><strong><br \/><\/strong><span style=\"font-weight: 400;\">O sistema de membranas da K+H garante que a adi\u00e7\u00e3o ou redu\u00e7\u00e3o de CO2 durante a produ\u00e7\u00e3o seja exata e completamente automatizada. O di\u00f3xido de carbono pode ser ajustado com precis\u00e3o em linha, aumentando tamb\u00e9m a efici\u00eancia do engarrafamento.<\/span><\/p>\n<p><span style=\"font-weight: 400;\">A qualidade do vinho que passa pelo sistema melhora. Os vinhos tintos melhoram com a redu\u00e7\u00e3o de CO2, enquanto que os vinhos brancos melhoram com maiores quantidades de CO2.\u00a0<\/span><span style=\"font-weight: 400;\">A bolha nos vinhos com g\u00e1s \u00e9 mais fina e por isso considerada de melhor qualidade.<\/span><\/p>\n<p><span style=\"font-weight: 400;\">Para al\u00e9m do ajuste do CO2, o sistema \u00e9 capaz de reduzir no mesmo momento a concentra\u00e7\u00e3o de O2, trabalhando, geralmente, a temperaturas mais altas.<\/span><\/p>\n<p><strong>Resultado?<br \/><\/strong><span style=\"font-weight: 400;\">O Sistema permite produzir a sua bebida de uma forma mais f\u00e1cil, r\u00e1pida e com menores custos.\u00a0<\/span><span style=\"font-weight: 400;\">A percep\u00e7\u00e3o do cliente, segundo a nossa experi\u00eancia, em rela\u00e7\u00e3o ao produto final \u00e9 que tem maior qualidade.<\/span><\/p>\n<p><b>A BevTec fornece o seu Sistema de membranas K+H<\/b><strong><br \/><\/strong><span style=\"font-weight: 400;\">Se acha que o sistema pode ser interessante para a sua empresa, a BevTec est\u00e1 dispon\u00edvel para responder a quest\u00f5es e pedidos de informa\u00e7\u00e3o.<\/span><\/p>\n<p><span style=\"font-weight: 400;\">Na p\u00e1gina \u2018Sobre n\u00f3s\u2019 ir\u00e1 encontrar os contactos diretos dos nossos profissionais e um formul\u00e1rio que poder\u00e1 preencher com as suas quest\u00f5es e n\u00f3s entraremos em contacto o mais breve poss\u00edvel.<\/span><\/p>\n<\/div>\n<\/div><\/div><div id=\"panel-931-0-0-1\" class=\"so-panel widget widget_sow-editor panel-last-child\" data-index=\"1\" ><div class=\"faq panel-widget-style panel-widget-style-for-931-0-0-1\" ><div\n\t\t\t\n\t\t\tclass=\"so-widget-sow-editor so-widget-sow-editor-base\"\n\t\t\t\n\t\t>\n<div class=\"siteorigin-widget-tinymce textwidget\">\n\t<h1>FAQ<\/h1>\n<p><b>O que \u00e9 o sistema de membranas de CO2 da K+H?\u00a0<\/b><b><span style=\"font-weight: 400;\">O Sistema de membranas da K+H garante que o ajuste de CO2 em qualquer bebida \u00e9 exato.<\/span><\/b><\/p>\n<p><b>Que ind\u00fastrias utilizam o sistema de membranas da K+H?<\/b><strong><br \/><\/strong><span style=\"font-weight: 400;\">O Sistema pode ser utilizado na ind\u00fastria do vinho, \u00e1gua mineral, cerveja, entre outros.<\/span><\/p>\n<p><b>Quais s\u00e3o as vantagens do sistema?<\/b><strong><br \/><\/strong><span style=\"font-weight: 400;\">O sistema de membranas garante que o ajuste de CO2 antes do engarrafamento \u00e9 exato. Alguns produtos necessitam de adi\u00e7\u00e3o de CO2 e outros necesssitam de redu\u00e7\u00e3o de CO2 e alcool (0-9g\/L). O sistema de membranas da K+H tem aplica\u00e7\u00e3o para estes dois tipos de processo. Atrav\u00e9s deste sistema tamb\u00e9m n\u00e3o existem perdas de CO2 e forma\u00e7\u00e3o de espuma na produ\u00e7\u00e3o.<\/span><\/p>\n<p><span style=\"font-weight: 400;\">Para al\u00e9m destas aplica\u00e7\u00f5es, o sistema \u00e9 capaz de reduzir no mesmo momento a concentra\u00e7\u00e3o de O2, trabalhando, geralmente, a temperaturas mais altas.<\/span><\/p>\n<p><b>Quais s\u00e3o as vantagens para mim como produtor de bebidas?<\/b><strong><br \/><\/strong><span style=\"font-weight: 400;\">O Sistema de membranas pode ser completamente autom\u00e1tico, aumentando a efici\u00eancia no engarrafamento.<\/span><\/p>\n<p><span style=\"font-weight: 400;\">Geralmente, as temperaturas de engarrafamento podem ser mais elevadas. Para o seu funcionamento \u00e9 necess\u00e1rio pouco espa\u00e7o, gasta menos energia e possibilita o aumento da produ\u00e7\u00e3o.<\/span><\/p>\n<p><b>Quais s\u00e3o os principais produtos da K+H?<\/b><strong><br \/><\/strong><span style=\"font-weight: 400;\">O sistema de membranas de CO2.<\/span><\/p>\n<\/div>\n<\/div><\/div><\/div><\/div><div id=\"pgc-931-0-1\"  class=\"panel-grid-cell\" ><div id=\"panel-931-0-1-0\" class=\"so-panel widget widget_sow-image panel-first-child\" data-index=\"2\" ><div\n\t\t\t\n\t\t\tclass=\"so-widget-sow-image so-widget-sow-image-default-8b5b6f678277-931\"\n\t\t\t\n\t\t>\n<div class=\"sow-image-container\">\n\t\t<img src=\"http:\/\/www.bevtec.es\/wp-content\/uploads\/2016\/09\/Co2-Anlage.jpeg\" width=\"427\" height=\"640\" srcset=\"http:\/\/www.bevtec.es\/wp-content\/uploads\/2016\/09\/Co2-Anlage.jpeg 427w, http:\/\/www.bevtec.es\/wp-content\/uploads\/2016\/09\/Co2-Anlage-200x300.jpeg 200w\" sizes=\"(max-width: 427px) 100vw, 427px\" title=\"co2-anlage\" alt=\"\" loading=\"lazy\" \t\tclass=\"so-widget-image\"\/>\n\t<\/div>\n\n<\/div><\/div><div id=\"panel-931-0-1-1\" class=\"so-panel widget widget_text panel-last-child\" data-index=\"3\" ><div class=\"frontform-wid panel-widget-style panel-widget-style-for-931-0-1-1\" >\t\t\t<div class=\"textwidget\"><div role=\"form\" class=\"wpcf7\" id=\"wpcf7-f1073-o1\" lang=\"da-DK\" dir=\"ltr\">\n<div class=\"screen-reader-response\"><p role=\"status\" aria-live=\"polite\" aria-atomic=\"true\"><\/p> <ul><\/ul><\/div>\n<form action=\"\/pt-pt\/wp-json\/wp\/v2\/pages\/931\/#wpcf7-f1073-o1\" method=\"post\" class=\"wpcf7-form init\" novalidate=\"novalidate\" data-status=\"init\">\n<div style=\"display: none;\">\n<input type=\"hidden\" name=\"_wpcf7\" value=\"1073\" \/>\n<input type=\"hidden\" name=\"_wpcf7_version\" value=\"5.3.2\" \/>\n<input type=\"hidden\" name=\"_wpcf7_locale\" value=\"da_DK\" \/>\n<input type=\"hidden\" name=\"_wpcf7_unit_tag\" value=\"wpcf7-f1073-o1\" \/>\n<input type=\"hidden\" name=\"_wpcf7_container_post\" value=\"0\" \/>\n<input type=\"hidden\" name=\"_wpcf7_posted_data_hash\" value=\"\" \/>\n<\/div>\n<p><span class=\"form-header-txt\"><b>Alguma Quest\u00e3o?<\/b><\/span><br \/>\n<span class=\"form-header-txt2\">N\u00e3o hesite em contactar-nos...<\/span><\/p>\n<p><label class=\"form-font-size\"><span class=\"wpcf7-form-control-wrap your-name\"><input type=\"text\" name=\"your-name\" value=\"\" size=\"40\" class=\"wpcf7-form-control wpcf7-text wpcf7-validates-as-required frontform-margin-top\" aria-required=\"true\" aria-invalid=\"false\" placeholder=\"Nome (*)\" \/><\/span><\/label><br \/>\n<label class=\"form-font-size\"><span class=\"wpcf7-form-control-wrap phone\"><input type=\"tel\" name=\"phone\" value=\"\" size=\"40\" class=\"wpcf7-form-control wpcf7-text wpcf7-tel wpcf7-validates-as-tel frontform-margin\" aria-invalid=\"false\" placeholder=\"Telefone\" \/><\/span><\/label><br \/>\n<label class=\"form-font-size\"><span class=\"wpcf7-form-control-wrap your-email\"><input type=\"email\" name=\"your-email\" value=\"\" size=\"40\" class=\"wpcf7-form-control wpcf7-text wpcf7-email wpcf7-validates-as-required wpcf7-validates-as-email frontform-margin\" aria-required=\"true\" aria-invalid=\"false\" placeholder=\"EMail (*)\" \/><\/span><\/label><br \/>\n<label class=\"form-font-size\"><span class=\"wpcf7-form-control-wrap your-message\"><textarea name=\"your-message\" cols=\"40\" rows=\"10\" class=\"wpcf7-form-control wpcf7-textarea frontform-margin frontform-mes-pad\" aria-invalid=\"false\" placeholder=\"Mensagem\"><\/textarea><\/span> <\/label><br \/>\n<input type=\"submit\" value=\"Enviar\" class=\"wpcf7-form-control wpcf7-submit\" \/><\/p>\n<div class=\"wpcf7-response-output\" aria-hidden=\"true\"><\/div><\/form><\/div><\/div>\n\t\t<\/div><\/div><\/div><\/div><\/div>","protected":false},"excerpt":{"rendered":"<p>K+H Armaturen GmbHAdegas, produtores de \u00e1gua mineral e \u00a0produtores de cerveja conhecem as dificuldades existentes relativas \u00e0 dissolu\u00e7\u00e3o de CO2 no engarrafamento. \u00c9 um processo complexo, com custos elevados e demorado.O sistema de membranas da K+H Armaturen GmbH abrange todas estas dificuldades e \u00e9 sem d\u00favida a tecnologia do futuro.Porqu\u00ea?O sistema de membranas da K+H &#8230; <a title=\"K+H Armaturen GmbH\" class=\"read-more\" href=\"http:\/\/www.bevtec.es\/pt-pt\/kh\/\" aria-label=\"Mais em K+H Armaturen GmbH\">Read more<\/a><\/p>\n","protected":false},"author":2,"featured_media":0,"parent":0,"menu_order":0,"comment_status":"closed","ping_status":"closed","template":"","meta":{"generate_page_header":""},"_links":{"self":[{"href":"http:\/\/www.bevtec.es\/pt-pt\/wp-json\/wp\/v2\/pages\/931\/"}],"collection":[{"href":"http:\/\/www.bevtec.es\/pt-pt\/wp-json\/wp\/v2\/pages\/"}],"about":[{"href":"http:\/\/www.bevtec.es\/pt-pt\/wp-json\/wp\/v2\/types\/page\/"}],"author":[{"embeddable":true,"href":"http:\/\/www.bevtec.es\/pt-pt\/wp-json\/wp\/v2\/users\/2\/"}],"replies":[{"embeddable":true,"href":"http:\/\/www.bevtec.es\/pt-pt\/wp-json\/wp\/v2\/comments\/?post=931"}],"version-history":[{"count":0,"href":"http:\/\/www.bevtec.es\/pt-pt\/wp-json\/wp\/v2\/pages\/931\/revisions\/"}],"wp:attachment":[{"href":"http:\/\/www.bevtec.es\/pt-pt\/wp-json\/wp\/v2\/media\/?parent=931"}],"curies":[{"name":"wp","href":"https:\/\/api.w.org\/{rel}","templated":true}]}}