{"id":907,"date":"2016-10-10T12:08:04","date_gmt":"2016-10-10T12:08:04","guid":{"rendered":"http:\/\/www.bevtec.es\/pt-pt\/dairy\/"},"modified":"2017-01-09T10:54:36","modified_gmt":"2017-01-09T10:54:36","slug":"lacticinios","status":"publish","type":"page","link":"http:\/\/www.bevtec.es\/pt-pt\/lacticinios\/","title":{"rendered":"Lactic\u00ednios"},"content":{"rendered":"<div id=\"pl-907\"  class=\"panel-layout\" ><div id=\"pg-907-0\"  class=\"panel-grid panel-no-style\" ><div id=\"pgc-907-0-0\"  class=\"panel-grid-cell\" ><div id=\"panel-907-0-0-0\" class=\"so-panel widget widget_sow-editor panel-first-child\" data-index=\"0\" ><div\n\t\t\t\n\t\t\tclass=\"so-widget-sow-editor so-widget-sow-editor-base\"\n\t\t\t\n\t\t>\n<div class=\"siteorigin-widget-tinymce textwidget\">\n\t<h1>Lactic\u00ednios<\/h1>\n<h2><span style=\"font-weight: 400;\">Na BevTec sabemos que a ind\u00fastria dos lactic\u00ednios requere processos de produ\u00e7\u00e3o higi\u00e9nicos e n\u00f3s podemos fornecer-lhe as melhores v\u00e1lvulas e componentes higi\u00e9nicos e ass\u00e9pticos para os seu processo.<\/span><\/h2>\n<p><span style=\"font-weight: 400;\">Fornecemos v\u00e1lvulas e componentes da Pentair S\u00fcdmo. Podemos fornecer-lhe, por exemplo, uma AS - DSV SECURE.<\/span><\/p>\n<p><strong>O nosso parceiro<br \/><\/strong><\/p>\n<p><span style=\"font-weight: 400;\">A Pentair S\u00fcdmo, produtora destas v\u00e1lvulas inovadoras, tem no seu cat\u00e1logo produtos que podem garantir a estabilidade e a durabilidade da produ\u00e7\u00e3o.<\/span><\/p>\n<p><span style=\"font-weight: 400;\">A utiliza\u00e7\u00e3o das v\u00e1lvulas e componentes da Pentair S\u00fcdmo ir\u00e1 evitar manuten\u00e7\u00f5es complexas e substitui\u00e7\u00f5es desnecess\u00e1rias. Se necessitar de pe\u00e7as para a sua atual instala\u00e7\u00e3o tamb\u00e9m podemos ajud\u00e1-lo com isso.<\/span><\/p>\n<p><strong>Tem alguma quest\u00e3o? Estamos aqui para o ajudar.<\/strong><\/p>\n<p><span style=\"font-weight: 400;\">Se acha que os produtos da Pentair S\u00fcdmo podem ser interessantes para a sua empresa, a BevTec est\u00e1 dispon\u00edvel para responder a quest\u00f5es e pedidos de informa\u00e7\u00e3o.<\/span><\/p>\n<p><span style=\"font-weight: 400;\">Na p\u00e1gina \u2018Sobre n\u00f3s\u2019 ir\u00e1 encontrar os contactos diretos dos nossos profissionais e um formul\u00e1rio que poder\u00e1 preencher com as suas quest\u00f5es e n\u00f3s entraremos em contacto o mais breve poss\u00edvel.<\/span><\/p>\n<h2><span style=\"font-weight: 400;\">A BevTec \u00e9 a escolha certa quando precisar de uma solu\u00e7\u00e3o<\/span><\/h2>\n<\/div>\n<\/div><\/div><div id=\"panel-907-0-0-1\" class=\"so-panel widget widget_sow-editor panel-last-child\" data-index=\"1\" ><div class=\"faq panel-widget-style panel-widget-style-for-907-0-0-1\" ><div\n\t\t\t\n\t\t\tclass=\"so-widget-sow-editor so-widget-sow-editor-base\"\n\t\t\t\n\t\t>\n<div class=\"siteorigin-widget-tinymce textwidget\">\n\t<h1>Quer saber mais?<\/h1>\n<p><a href=\"\/pt-pt\/pentair-sudmo\/\">Pentair S\u00fcdmo <\/a><\/p>\n<\/div>\n<\/div><\/div><\/div><\/div><div id=\"pgc-907-0-1\"  class=\"panel-grid-cell\" ><div id=\"panel-907-0-1-0\" class=\"so-panel widget widget_sow-image panel-first-child\" data-index=\"2\" ><div\n\t\t\t\n\t\t\tclass=\"so-widget-sow-image so-widget-sow-image-default-8b5b6f678277-907\"\n\t\t\t\n\t\t>\n<div class=\"sow-image-container\">\n\t\t<img src=\"http:\/\/www.bevtec.es\/wp-content\/uploads\/2016\/10\/BevTec-500x500-milk-236582692.jpg\" width=\"500\" height=\"500\" srcset=\"http:\/\/www.bevtec.es\/wp-content\/uploads\/2016\/10\/BevTec-500x500-milk-236582692.jpg 500w, http:\/\/www.bevtec.es\/wp-content\/uploads\/2016\/10\/BevTec-500x500-milk-236582692-150x150.jpg 150w, http:\/\/www.bevtec.es\/wp-content\/uploads\/2016\/10\/BevTec-500x500-milk-236582692-300x300.jpg 300w, http:\/\/www.bevtec.es\/wp-content\/uploads\/2016\/10\/BevTec-500x500-milk-236582692-45x45.jpg 45w\" sizes=\"(max-width: 500px) 100vw, 500px\" title=\"bevtec-500&#215;500-milk-236582692\" alt=\"\" loading=\"lazy\" \t\tclass=\"so-widget-image\"\/>\n\t<\/div>\n\n<\/div><\/div><div id=\"panel-907-0-1-1\" class=\"so-panel widget widget_text panel-last-child\" data-index=\"3\" ><div class=\"frontform-wid panel-widget-style panel-widget-style-for-907-0-1-1\" >\t\t\t<div class=\"textwidget\"><div role=\"form\" class=\"wpcf7\" id=\"wpcf7-f1073-o1\" lang=\"da-DK\" dir=\"ltr\">\n<div class=\"screen-reader-response\"><p role=\"status\" aria-live=\"polite\" aria-atomic=\"true\"><\/p> <ul><\/ul><\/div>\n<form action=\"\/pt-pt\/wp-json\/wp\/v2\/pages\/907\/#wpcf7-f1073-o1\" method=\"post\" class=\"wpcf7-form init\" novalidate=\"novalidate\" data-status=\"init\">\n<div style=\"display: none;\">\n<input type=\"hidden\" name=\"_wpcf7\" value=\"1073\" \/>\n<input type=\"hidden\" name=\"_wpcf7_version\" value=\"5.3.2\" \/>\n<input type=\"hidden\" name=\"_wpcf7_locale\" value=\"da_DK\" \/>\n<input type=\"hidden\" name=\"_wpcf7_unit_tag\" value=\"wpcf7-f1073-o1\" \/>\n<input type=\"hidden\" name=\"_wpcf7_container_post\" value=\"0\" \/>\n<input type=\"hidden\" name=\"_wpcf7_posted_data_hash\" value=\"\" \/>\n<\/div>\n<p><span class=\"form-header-txt\"><b>Alguma Quest\u00e3o?<\/b><\/span><br \/>\n<span class=\"form-header-txt2\">N\u00e3o hesite em contactar-nos...<\/span><\/p>\n<p><label class=\"form-font-size\"><span class=\"wpcf7-form-control-wrap your-name\"><input type=\"text\" name=\"your-name\" value=\"\" size=\"40\" class=\"wpcf7-form-control wpcf7-text wpcf7-validates-as-required frontform-margin-top\" aria-required=\"true\" aria-invalid=\"false\" placeholder=\"Nome (*)\" \/><\/span><\/label><br \/>\n<label class=\"form-font-size\"><span class=\"wpcf7-form-control-wrap phone\"><input type=\"tel\" name=\"phone\" value=\"\" size=\"40\" class=\"wpcf7-form-control wpcf7-text wpcf7-tel wpcf7-validates-as-tel frontform-margin\" aria-invalid=\"false\" placeholder=\"Telefone\" \/><\/span><\/label><br \/>\n<label class=\"form-font-size\"><span class=\"wpcf7-form-control-wrap your-email\"><input type=\"email\" name=\"your-email\" value=\"\" size=\"40\" class=\"wpcf7-form-control wpcf7-text wpcf7-email wpcf7-validates-as-required wpcf7-validates-as-email frontform-margin\" aria-required=\"true\" aria-invalid=\"false\" placeholder=\"EMail (*)\" \/><\/span><\/label><br \/>\n<label class=\"form-font-size\"><span class=\"wpcf7-form-control-wrap your-message\"><textarea name=\"your-message\" cols=\"40\" rows=\"10\" class=\"wpcf7-form-control wpcf7-textarea frontform-margin frontform-mes-pad\" aria-invalid=\"false\" placeholder=\"Mensagem\"><\/textarea><\/span> <\/label><br \/>\n<input type=\"submit\" value=\"Enviar\" class=\"wpcf7-form-control wpcf7-submit\" \/><\/p>\n<div class=\"wpcf7-response-output\" aria-hidden=\"true\"><\/div><\/form><\/div><\/div>\n\t\t<\/div><\/div><\/div><\/div><\/div>","protected":false},"excerpt":{"rendered":"<p>Lactic\u00edniosNa BevTec sabemos que a ind\u00fastria dos lactic\u00ednios requere processos de produ\u00e7\u00e3o higi\u00e9nicos e n\u00f3s podemos fornecer-lhe as melhores v\u00e1lvulas e componentes higi\u00e9nicos e ass\u00e9pticos para os seu processo.Fornecemos v\u00e1lvulas e componentes da Pentair S\u00fcdmo. Podemos fornecer-lhe, por exemplo, uma AS &#8211; DSV SECURE.O nosso parceiroA Pentair S\u00fcdmo, produtora destas v\u00e1lvulas inovadoras, tem no seu &#8230; <a title=\"Lactic\u00ednios\" class=\"read-more\" href=\"http:\/\/www.bevtec.es\/pt-pt\/lacticinios\/\" aria-label=\"Mais em Lactic\u00ednios\">Read more<\/a><\/p>\n","protected":false},"author":2,"featured_media":0,"parent":0,"menu_order":0,"comment_status":"closed","ping_status":"closed","template":"","meta":{"generate_page_header":""},"_links":{"self":[{"href":"http:\/\/www.bevtec.es\/pt-pt\/wp-json\/wp\/v2\/pages\/907\/"}],"collection":[{"href":"http:\/\/www.bevtec.es\/pt-pt\/wp-json\/wp\/v2\/pages\/"}],"about":[{"href":"http:\/\/www.bevtec.es\/pt-pt\/wp-json\/wp\/v2\/types\/page\/"}],"author":[{"embeddable":true,"href":"http:\/\/www.bevtec.es\/pt-pt\/wp-json\/wp\/v2\/users\/2\/"}],"replies":[{"embeddable":true,"href":"http:\/\/www.bevtec.es\/pt-pt\/wp-json\/wp\/v2\/comments\/?post=907"}],"version-history":[{"count":0,"href":"http:\/\/www.bevtec.es\/pt-pt\/wp-json\/wp\/v2\/pages\/907\/revisions\/"}],"wp:attachment":[{"href":"http:\/\/www.bevtec.es\/pt-pt\/wp-json\/wp\/v2\/media\/?parent=907"}],"curies":[{"name":"wp","href":"https:\/\/api.w.org\/{rel}","templated":true}]}}