{"id":867,"date":"2016-10-10T12:00:58","date_gmt":"2016-10-10T12:00:58","guid":{"rendered":"http:\/\/www.bevtec.es\/pt-pt\/wine\/"},"modified":"2018-03-27T15:26:21","modified_gmt":"2018-03-27T15:26:21","slug":"vinho","status":"publish","type":"page","link":"http:\/\/www.bevtec.es\/pt-pt\/vinho\/","title":{"rendered":"Vinho"},"content":{"rendered":"<div id=\"pl-867\"  class=\"panel-layout\" ><div id=\"pg-867-0\"  class=\"panel-grid panel-no-style\" ><div id=\"pgc-867-0-0\"  class=\"panel-grid-cell\" ><div id=\"panel-867-0-0-0\" class=\"so-panel widget widget_sow-editor panel-first-child\" data-index=\"0\" ><div\n\t\t\t\n\t\t\tclass=\"so-widget-sow-editor so-widget-sow-editor-base\"\n\t\t\t\n\t\t>\n<div class=\"siteorigin-widget-tinymce textwidget\">\n\t<h1>Vinho<\/h1>\n<h2>Na BevTec n\u00f3s conhecemos os processos de produ\u00e7\u00e3o de vinho em detalhe.\u00a0Na BevTec podemos ajudar na produ\u00e7\u00e3o de vinho ou bebidas \u00e0 base de vinho, conforme as caracter\u00edsticas do produto exigidas pelo mercado.<\/h2>\n<p><span style=\"font-weight: 400;\">Ir\u00e1 conseguir um produto de elevada qualidade e com o melhor sabor. Este objetivo pode ser atingido atrav\u00e9s da utiliza\u00e7\u00e3o das tecnologias distribu\u00eddas pela BevTec<\/span><\/p>\n<p><strong>Os nossos parceiros<\/strong><\/p>\n<p><span>Fornecemos um sistema de membranas, atrav\u00e9s da <\/span><span>K+H Armaturen GmbH. Esta excelente tecnologia permite a gest\u00e3o de gases e tem diferentes aplica\u00e7\u00f5es como a carbonata\u00e7\u00e3o, a redu\u00e7\u00e3o do oxig\u00e9nio, entre outras.<\/span><\/p>\n<p><span style=\"font-weight: 400;\">Podemos tamb\u00e9m fornecer-lhe as v\u00e1lvulas e componentes da Pentair S\u00fcdmo para a sua adega.<\/span><\/p>\n<p><span style=\"font-weight: 400;\">Assim, apresentamos aos nossos clientes como podem ampliar o seu portef\u00f3lio de produtos.<\/span><\/p>\n<p><strong>Tem alguma quest\u00e3o? Estamos aqui para o ajudar.<\/strong><\/p>\n<p><span style=\"font-weight: 400;\">Se acha que uma ou mais destas aplica\u00e7\u00f5es podem ser interessantes para a sua empresa, a BevTec est\u00e1 dispon\u00edvel para responder a quest\u00f5es e pedidos de informa\u00e7\u00e3o.<\/span><\/p>\n<p><span style=\"font-weight: 400;\">Na p\u00e1gina \u2018Sobre n\u00f3s\u2019 ir\u00e1 encontrar os contactos diretos dos nossos profissionais e um formul\u00e1rio que poder\u00e1 preencher com as suas quest\u00f5es e n\u00f3s entraremos em contacto o mais breve poss\u00edvel.<\/span><\/p>\n<h2>A BevTec \u00e9 a escolha certa quando precisar de uma solu\u00e7\u00e3o<\/h2>\n<\/div>\n<\/div><\/div><div id=\"panel-867-0-0-1\" class=\"so-panel widget widget_sow-editor\" data-index=\"1\" ><div class=\"kundekasse panel-widget-style panel-widget-style-for-867-0-0-1\" ><div\n\t\t\t\n\t\t\tclass=\"so-widget-sow-editor so-widget-sow-editor-base\"\n\t\t\t\n\t\t>\n<div class=\"siteorigin-widget-tinymce textwidget\">\n\t<blockquote>\n<p><span style=\"font-weight: 400;\">A m\u00e1quina \u00e9 simples, a membrana \u00e9 muito interessante e f\u00e1cil de limpar. \u00c9 a melhor op\u00e7\u00e3o que conhe\u00e7o<\/span>.<\/p>\n<\/blockquote>\n<p><em><strong>Felix Solis<\/strong><\/em><\/p>\n<blockquote>\n<p>O sistema de carbonata\u00e7\u00e3o \u00e9 muito f\u00e1cil de operar, com a aquisi\u00e7\u00e3o do mesmo conseguimos melhorar o rendimento da linha em cerca de 10%.<br \/>Al\u00e9m disso conseguimos um produto bem mais homog\u00e9neo nos n\u00edveis de CO2 do inicio ao fim da produ\u00e7\u00e3o.<\/p>\n<\/blockquote>\n<p><em><strong>Adega de Almeirim<\/strong><\/em><\/p>\n<p>Sobre a Tecnologia de ajuste de CO2 da K+H<\/p>\n<\/div>\n<\/div><\/div><\/div><div id=\"panel-867-0-0-2\" class=\"so-panel widget widget_sow-editor panel-last-child\" data-index=\"2\" ><div class=\"faq panel-widget-style panel-widget-style-for-867-0-0-2\" ><div\n\t\t\t\n\t\t\tclass=\"so-widget-sow-editor so-widget-sow-editor-base\"\n\t\t\t\n\t\t>\n<div class=\"siteorigin-widget-tinymce textwidget\">\n\t<h1>Quer saber\u00a0mais?<\/h1>\n<p><a href=\"\/pt-pt\/kh\/\">K+H Gas management Technology<\/a><\/p>\n<p><a href=\"\/pt-pt\/pentair-sudmo\/\">Pentair S\u00fcdmo\u00a0<\/a><\/p>\n<p>&nbsp;<\/p>\n<\/div>\n<\/div><\/div><\/div><\/div><div id=\"pgc-867-0-1\"  class=\"panel-grid-cell\" ><div id=\"panel-867-0-1-0\" class=\"so-panel widget widget_sow-image panel-first-child\" data-index=\"3\" ><div\n\t\t\t\n\t\t\tclass=\"so-widget-sow-image so-widget-sow-image-default-8b5b6f678277-867\"\n\t\t\t\n\t\t>\n<div class=\"sow-image-container\">\n\t\t<img src=\"http:\/\/www.bevtec.es\/wp-content\/uploads\/2016\/10\/BevTec-500x500-370957280.jpg\" width=\"500\" height=\"500\" srcset=\"http:\/\/www.bevtec.es\/wp-content\/uploads\/2016\/10\/BevTec-500x500-370957280.jpg 500w, http:\/\/www.bevtec.es\/wp-content\/uploads\/2016\/10\/BevTec-500x500-370957280-150x150.jpg 150w, http:\/\/www.bevtec.es\/wp-content\/uploads\/2016\/10\/BevTec-500x500-370957280-300x300.jpg 300w, http:\/\/www.bevtec.es\/wp-content\/uploads\/2016\/10\/BevTec-500x500-370957280-45x45.jpg 45w\" sizes=\"(max-width: 500px) 100vw, 500px\" title=\"bevtec-500&#215;500-370957280\" alt=\"\" loading=\"lazy\" \t\tclass=\"so-widget-image\"\/>\n\t<\/div>\n\n<\/div><\/div><div id=\"panel-867-0-1-1\" class=\"so-panel widget widget_text panel-last-child\" data-index=\"4\" ><div class=\"frontform-wid panel-widget-style panel-widget-style-for-867-0-1-1\" >\t\t\t<div class=\"textwidget\"><div role=\"form\" class=\"wpcf7\" id=\"wpcf7-f1073-o1\" lang=\"da-DK\" dir=\"ltr\">\n<div class=\"screen-reader-response\"><p role=\"status\" aria-live=\"polite\" aria-atomic=\"true\"><\/p> <ul><\/ul><\/div>\n<form action=\"\/pt-pt\/wp-json\/wp\/v2\/pages\/867\/#wpcf7-f1073-o1\" method=\"post\" class=\"wpcf7-form init\" novalidate=\"novalidate\" data-status=\"init\">\n<div style=\"display: none;\">\n<input type=\"hidden\" name=\"_wpcf7\" value=\"1073\" \/>\n<input type=\"hidden\" name=\"_wpcf7_version\" value=\"5.3.2\" \/>\n<input type=\"hidden\" name=\"_wpcf7_locale\" value=\"da_DK\" \/>\n<input type=\"hidden\" name=\"_wpcf7_unit_tag\" value=\"wpcf7-f1073-o1\" \/>\n<input type=\"hidden\" name=\"_wpcf7_container_post\" value=\"0\" \/>\n<input type=\"hidden\" name=\"_wpcf7_posted_data_hash\" value=\"\" \/>\n<\/div>\n<p><span class=\"form-header-txt\"><b>Alguma Quest\u00e3o?<\/b><\/span><br \/>\n<span class=\"form-header-txt2\">N\u00e3o hesite em contactar-nos...<\/span><\/p>\n<p><label class=\"form-font-size\"><span class=\"wpcf7-form-control-wrap your-name\"><input type=\"text\" name=\"your-name\" value=\"\" size=\"40\" class=\"wpcf7-form-control wpcf7-text wpcf7-validates-as-required frontform-margin-top\" aria-required=\"true\" aria-invalid=\"false\" placeholder=\"Nome (*)\" \/><\/span><\/label><br \/>\n<label class=\"form-font-size\"><span class=\"wpcf7-form-control-wrap phone\"><input type=\"tel\" name=\"phone\" value=\"\" size=\"40\" class=\"wpcf7-form-control wpcf7-text wpcf7-tel wpcf7-validates-as-tel frontform-margin\" aria-invalid=\"false\" placeholder=\"Telefone\" \/><\/span><\/label><br \/>\n<label class=\"form-font-size\"><span class=\"wpcf7-form-control-wrap your-email\"><input type=\"email\" name=\"your-email\" value=\"\" size=\"40\" class=\"wpcf7-form-control wpcf7-text wpcf7-email wpcf7-validates-as-required wpcf7-validates-as-email frontform-margin\" aria-required=\"true\" aria-invalid=\"false\" placeholder=\"EMail (*)\" \/><\/span><\/label><br \/>\n<label class=\"form-font-size\"><span class=\"wpcf7-form-control-wrap your-message\"><textarea name=\"your-message\" cols=\"40\" rows=\"10\" class=\"wpcf7-form-control wpcf7-textarea frontform-margin frontform-mes-pad\" aria-invalid=\"false\" placeholder=\"Mensagem\"><\/textarea><\/span> <\/label><br \/>\n<input type=\"submit\" value=\"Enviar\" class=\"wpcf7-form-control wpcf7-submit\" \/><\/p>\n<div class=\"wpcf7-response-output\" aria-hidden=\"true\"><\/div><\/form><\/div><\/div>\n\t\t<\/div><\/div><\/div><\/div><\/div>","protected":false},"excerpt":{"rendered":"<p>Vinho Na BevTec n\u00f3s conhecemos os processos de produ\u00e7\u00e3o de vinho em detalhe.\u00a0Na BevTec podemos ajudar na produ\u00e7\u00e3o de vinho ou bebidas \u00e0 base de vinho, conforme as caracter\u00edsticas do produto exigidas pelo mercado. Ir\u00e1 conseguir um produto de elevada qualidade e com o melhor sabor. Este objetivo pode ser atingido atrav\u00e9s da utiliza\u00e7\u00e3o das &#8230; <a title=\"Vinho\" class=\"read-more\" href=\"http:\/\/www.bevtec.es\/pt-pt\/vinho\/\" aria-label=\"Mais em Vinho\">Read more<\/a><\/p>\n","protected":false},"author":2,"featured_media":0,"parent":0,"menu_order":0,"comment_status":"closed","ping_status":"closed","template":"","meta":{"generate_page_header":""},"_links":{"self":[{"href":"http:\/\/www.bevtec.es\/pt-pt\/wp-json\/wp\/v2\/pages\/867\/"}],"collection":[{"href":"http:\/\/www.bevtec.es\/pt-pt\/wp-json\/wp\/v2\/pages\/"}],"about":[{"href":"http:\/\/www.bevtec.es\/pt-pt\/wp-json\/wp\/v2\/types\/page\/"}],"author":[{"embeddable":true,"href":"http:\/\/www.bevtec.es\/pt-pt\/wp-json\/wp\/v2\/users\/2\/"}],"replies":[{"embeddable":true,"href":"http:\/\/www.bevtec.es\/pt-pt\/wp-json\/wp\/v2\/comments\/?post=867"}],"version-history":[{"count":2,"href":"http:\/\/www.bevtec.es\/pt-pt\/wp-json\/wp\/v2\/pages\/867\/revisions\/"}],"predecessor-version":[{"id":1296,"href":"http:\/\/www.bevtec.es\/pt-pt\/wp-json\/wp\/v2\/pages\/867\/revisions\/1296\/"}],"wp:attachment":[{"href":"http:\/\/www.bevtec.es\/pt-pt\/wp-json\/wp\/v2\/media\/?parent=867"}],"curies":[{"name":"wp","href":"https:\/\/api.w.org\/{rel}","templated":true}]}}