{"id":846,"date":"2016-08-22T14:48:37","date_gmt":"2016-08-22T14:48:37","guid":{"rendered":"http:\/\/www.bevtec.es\/pt-pt\/frontpage\/"},"modified":"2016-11-30T15:58:03","modified_gmt":"2016-11-30T15:58:03","slug":"frontpage","status":"publish","type":"page","link":"http:\/\/www.bevtec.es\/pt-pt\/","title":{"rendered":"FrontpagePT"},"content":{"rendered":"<div id=\"pl-846\"  class=\"panel-layout\" ><div id=\"pg-846-0\"  class=\"panel-grid panel-has-style\" ><div class=\"butt-1px panel-row-style panel-row-style-for-846-0\" ><div id=\"pgc-846-0-0\"  class=\"panel-grid-cell\" ><div id=\"panel-846-0-0-0\" class=\"so-panel widget widget_sow-editor panel-first-child panel-last-child\" data-index=\"0\" ><div class=\"slogan panel-widget-style panel-widget-style-for-846-0-0-0\" ><div\n\t\t\t\n\t\t\tclass=\"so-widget-sow-editor so-widget-sow-editor-base\"\n\t\t\t\n\t\t>\n<div class=\"siteorigin-widget-tinymce textwidget\">\n\t<h2 style=\"text-align: center;\"><span style=\"font-weight: 400;\">BevTec \u00e9 uma liga\u00e7\u00e3o essencial entre as empresas de tecnologia de alimentos e bebidas e os produtores de Espanha, Portugal e It\u00e1lia<\/span><\/h2>\n<\/div>\n<\/div><\/div><\/div><\/div><\/div><\/div><div id=\"pg-846-1\"  class=\"panel-grid panel-has-style\" ><div class=\"news-frontpage panel-row-style panel-row-style-for-846-1\" ><div id=\"pgc-846-1-0\"  class=\"panel-grid-cell\" ><div id=\"panel-846-1-0-0\" class=\"so-panel widget widget_sow-editor panel-first-child panel-last-child\" data-index=\"1\" ><div\n\t\t\t\n\t\t\tclass=\"so-widget-sow-editor so-widget-sow-editor-base\"\n\t\t\t\n\t\t>\n<div class=\"siteorigin-widget-tinymce textwidget\">\n\t<h2>NOTICIAS<\/h2>\n<\/div>\n<\/div><\/div><\/div><div id=\"pgc-846-1-1\"  class=\"panel-grid-cell\" ><div id=\"panel-846-1-1-0\" class=\"so-panel widget widget_sow-editor panel-first-child panel-last-child\" data-index=\"2\" ><div\n\t\t\t\n\t\t\tclass=\"so-widget-sow-editor so-widget-sow-editor-base\"\n\t\t\t\n\t\t>\n<div class=\"siteorigin-widget-tinymce textwidget\">\n\t<p><a href=\"http:\/\/bevtec.es\/pt-pt\/noticias\/\">Saiba mais<\/a><\/p>\n<\/div>\n<\/div><\/div><\/div><\/div><\/div><div id=\"pg-846-2\"  class=\"panel-grid panel-has-style\" ><div class=\"box5-front panel-row-style panel-row-style-for-846-2\" ><div id=\"pgc-846-2-0\"  class=\"panel-grid-cell\" ><div id=\"panel-846-2-0-0\" class=\"so-panel widget widget_rpwe_widget rpwe_widget recent-posts-extended panel-first-child panel-last-child\" data-index=\"3\" ><div class=\"news-front-box panel-widget-style panel-widget-style-for-846-2-0-0\" ><div  class=\"rpwe-block \"><ul class=\"rpwe-ul\"><li class=\"rpwe-li rpwe-clearfix\"><h3 class=\"rpwe-title\"><a href=\"http:\/\/www.bevtec.es\/pt-pt\/alcohol-management\/\" title=\"Permalink to Controlo do Teor de \u00c1lcool\" rel=\"bookmark\">Controlo do Teor de \u00c1lcool<\/a><\/h3><time class=\"rpwe-time published\" datetime=\"2016-11-09T16:35:17+00:00\">9. Novembro 2016<\/time><div class=\"rpwe-summary\">&nbsp; O mercado para vinhos com menor teor de \u00c1lcool &hellip;<a href=\"http:\/\/www.bevtec.es\/pt-pt\/alcohol-management\/\" class=\"more-link\">Saiba mais \u00bb<\/a><\/div><\/li><\/ul><\/div><!-- Generated by http:\/\/wordpress.org\/plugins\/recent-posts-widget-extended\/ --><\/div><\/div><\/div><div id=\"pgc-846-2-1\"  class=\"panel-grid-cell\" ><div id=\"panel-846-2-1-0\" class=\"so-panel widget widget_rpwe_widget rpwe_widget recent-posts-extended panel-first-child panel-last-child\" data-index=\"4\" ><div class=\"news-front-box panel-widget-style panel-widget-style-for-846-2-1-0\" ><div  class=\"rpwe-block \"><ul class=\"rpwe-ul\"><li class=\"rpwe-li rpwe-clearfix\"><h3 class=\"rpwe-title\"><a href=\"http:\/\/www.bevtec.es\/pt-pt\/pentair-news\/\" title=\"Permalink to Pentair S\u00fcdmo &#8211; novo produto no mercado!\" rel=\"bookmark\">Pentair S\u00fcdmo &#8211; novo produto no mercado!<\/a><\/h3><time class=\"rpwe-time published\" datetime=\"2016-10-10T13:16:03+00:00\">10. Outubro 2016<\/time><div class=\"rpwe-summary\">\u00a0 As v\u00e1lvulas SVP FILL da Pentair S\u00fcdmo s\u00e3o ideias &hellip;<a href=\"http:\/\/www.bevtec.es\/pt-pt\/pentair-news\/\" class=\"more-link\">Saiba mais \u00bb<\/a><\/div><\/li><\/ul><\/div><!-- Generated by http:\/\/wordpress.org\/plugins\/recent-posts-widget-extended\/ --><\/div><\/div><\/div><div id=\"pgc-846-2-2\"  class=\"panel-grid-cell\" ><\/div><\/div><\/div><div id=\"pg-846-3\"  class=\"panel-grid panel-has-style\" ><div class=\"soci-front panel-row-style panel-row-style-for-846-3\" ><div id=\"pgc-846-3-0\"  class=\"panel-grid-cell\" ><div id=\"panel-846-3-0-0\" class=\"so-panel widget widget_sow-editor panel-first-child panel-last-child\" data-index=\"6\" ><div\n\t\t\t\n\t\t\tclass=\"so-widget-sow-editor so-widget-sow-editor-base\"\n\t\t\t\n\t\t>\n<div class=\"siteorigin-widget-tinymce textwidget\">\n\t<h1>Fique Atualizado<\/h1>\n<h2>Encontre-nos nas redes sociais<\/h2>\n<p><a href=\"https:\/\/www.linkedin.com\/company\/beverage-technologies-inc?trk=top_nav_home\"><img loading=\"lazy\" class=\"alignnone size-full wp-image-669\" src=\"http:\/\/bevtec.es\/wp-content\/uploads\/2016\/10\/BevTec-Linkedin-1.png\" alt=\"bevtec-linkedin\" width=\"50\" height=\"50\" srcset=\"http:\/\/www.bevtec.es\/wp-content\/uploads\/2016\/10\/BevTec-Linkedin-1.png 50w, http:\/\/www.bevtec.es\/wp-content\/uploads\/2016\/10\/BevTec-Linkedin-1-45x45.png 45w\" sizes=\"(max-width: 50px) 100vw, 50px\" \/><\/a>\u00a0<a href=\"https:\/\/twitter.com\/bev_tec\"><img loading=\"lazy\" class=\"alignnone size-full wp-image-665\" src=\"http:\/\/bevtec.es\/wp-content\/uploads\/2016\/10\/BevTec-Twitter.png\" alt=\"bevtec-twitter\" width=\"50\" height=\"50\" srcset=\"http:\/\/www.bevtec.es\/wp-content\/uploads\/2016\/10\/BevTec-Twitter.png 50w, http:\/\/www.bevtec.es\/wp-content\/uploads\/2016\/10\/BevTec-Twitter-45x45.png 45w\" sizes=\"(max-width: 50px) 100vw, 50px\" \/><\/a>\u00a0<a href=\"https:\/\/www.facebook.com\/BevTec.es\/?ref=bookmarks\"><img loading=\"lazy\" class=\"alignnone size-full wp-image-666\" src=\"http:\/\/bevtec.es\/wp-content\/uploads\/2016\/10\/BevTec-Facebook.png\" alt=\"bevtec-facebook\" width=\"50\" height=\"50\" srcset=\"http:\/\/www.bevtec.es\/wp-content\/uploads\/2016\/10\/BevTec-Facebook.png 50w, http:\/\/www.bevtec.es\/wp-content\/uploads\/2016\/10\/BevTec-Facebook-45x45.png 45w\" sizes=\"(max-width: 50px) 100vw, 50px\" \/><\/a><\/p>\n<\/div>\n<\/div><\/div><\/div><div id=\"pgc-846-3-1\"  class=\"panel-grid-cell\" ><div id=\"panel-846-3-1-0\" class=\"so-panel widget widget_sow-editor panel-first-child panel-last-child\" data-index=\"7\" ><div\n\t\t\t\n\t\t\tclass=\"so-widget-sow-editor so-widget-sow-editor-base\"\n\t\t\t\n\t\t>\n<div class=\"siteorigin-widget-tinymce textwidget\">\n\t<table style=\"border: 0px solid;\">\n<tbody>\n<tr>\n<td style=\"vertical-align: top; border: 0px solid;\"><img loading=\"lazy\" class=\"size-full wp-image-664 alignright\" src=\"http:\/\/bevtec.es\/wp-content\/uploads\/2016\/10\/BevTec-Newsletter-stor.png\" alt=\"bevtec-newsletter-stor\" width=\"127\" height=\"113\" \/><\/td>\n<td style=\"vertical-align: bottom; border: 0px solid;\">\n<h2>\u00a0Receba as nossas noticias em primeira m\u00e3o<br \/>\n\u2013 Subscreva a nossa newsletter<\/h2>\n<h2><a href=\"\/pt-pt\/subscrever-newsletter\/\">Clique aqui<\/a><\/h2>\n<\/td>\n<\/tr>\n<\/tbody>\n<\/table>\n<\/div>\n<\/div><\/div><\/div><\/div><\/div><div id=\"pg-846-4\"  class=\"panel-grid panel-no-style\" ><div id=\"pgc-846-4-0\"  class=\"panel-grid-cell\" ><div id=\"panel-846-4-0-0\" class=\"so-panel widget widget_sow-editor panel-first-child panel-last-child\" data-index=\"8\" ><div\n\t\t\t\n\t\t\tclass=\"so-widget-sow-editor so-widget-sow-editor-base\"\n\t\t\t\n\t\t>\n<div class=\"siteorigin-widget-tinymce textwidget\">\n\t<p><img loading=\"lazy\" class=\"alignnone size-full wp-image-231\" src=\"http:\/\/bevtec.eswp-content\/uploads\/2016\/08\/COLOURBOX14771458_800x800-1.jpg\" alt=\"colourbox14771458_800x800\" width=\"800\" height=\"800\" srcset=\"http:\/\/www.bevtec.es\/wp-content\/uploads\/2016\/08\/COLOURBOX14771458_800x800-1.jpg 800w, http:\/\/www.bevtec.es\/wp-content\/uploads\/2016\/08\/COLOURBOX14771458_800x800-1-150x150.jpg 150w, http:\/\/www.bevtec.es\/wp-content\/uploads\/2016\/08\/COLOURBOX14771458_800x800-1-300x300.jpg 300w, http:\/\/www.bevtec.es\/wp-content\/uploads\/2016\/08\/COLOURBOX14771458_800x800-1-768x768.jpg 768w\" sizes=\"(max-width: 800px) 100vw, 800px\" \/><\/p>\n<\/div>\n<\/div><\/div><\/div><div id=\"pgc-846-4-1\"  class=\"panel-grid-cell\" ><div id=\"panel-846-4-1-0\" class=\"so-panel widget widget_sow-editor panel-first-child panel-last-child\" data-index=\"9\" ><div\n\t\t\t\n\t\t\tclass=\"so-widget-sow-editor so-widget-sow-editor-base\"\n\t\t\t\n\t\t>\n<div class=\"siteorigin-widget-tinymce textwidget\">\n\t<p><img loading=\"lazy\" class=\"alignnone size-full wp-image-232\" src=\"http:\/\/bevtec.eswp-content\/uploads\/2016\/08\/IMG_8028-800x800.jpg\" alt=\"img_8028-800x800\" width=\"800\" height=\"800\" srcset=\"http:\/\/www.bevtec.es\/wp-content\/uploads\/2016\/08\/IMG_8028-800x800.jpg 800w, http:\/\/www.bevtec.es\/wp-content\/uploads\/2016\/08\/IMG_8028-800x800-150x150.jpg 150w, http:\/\/www.bevtec.es\/wp-content\/uploads\/2016\/08\/IMG_8028-800x800-300x300.jpg 300w, http:\/\/www.bevtec.es\/wp-content\/uploads\/2016\/08\/IMG_8028-800x800-768x768.jpg 768w\" sizes=\"(max-width: 800px) 100vw, 800px\" \/><\/p>\n<\/div>\n<\/div><\/div><\/div><div id=\"pgc-846-4-2\"  class=\"panel-grid-cell\" ><div id=\"panel-846-4-2-0\" class=\"so-panel widget widget_text panel-first-child panel-last-child\" data-index=\"10\" ><div class=\"frontform-wid panel-widget-style panel-widget-style-for-846-4-2-0\" >\t\t\t<div class=\"textwidget\"><div role=\"form\" class=\"wpcf7\" id=\"wpcf7-f1073-o1\" lang=\"da-DK\" dir=\"ltr\">\n<div class=\"screen-reader-response\"><p role=\"status\" aria-live=\"polite\" aria-atomic=\"true\"><\/p> <ul><\/ul><\/div>\n<form action=\"\/pt-pt\/wp-json\/wp\/v2\/pages\/846\/#wpcf7-f1073-o1\" method=\"post\" class=\"wpcf7-form init\" novalidate=\"novalidate\" data-status=\"init\">\n<div style=\"display: none;\">\n<input type=\"hidden\" name=\"_wpcf7\" value=\"1073\" \/>\n<input type=\"hidden\" name=\"_wpcf7_version\" value=\"5.3.2\" \/>\n<input type=\"hidden\" name=\"_wpcf7_locale\" value=\"da_DK\" \/>\n<input type=\"hidden\" name=\"_wpcf7_unit_tag\" value=\"wpcf7-f1073-o1\" \/>\n<input type=\"hidden\" name=\"_wpcf7_container_post\" value=\"0\" \/>\n<input type=\"hidden\" name=\"_wpcf7_posted_data_hash\" value=\"\" \/>\n<\/div>\n<p><span class=\"form-header-txt\"><b>Alguma Quest\u00e3o?<\/b><\/span><br \/>\n<span class=\"form-header-txt2\">N\u00e3o hesite em contactar-nos...<\/span><\/p>\n<p><label class=\"form-font-size\"><span class=\"wpcf7-form-control-wrap your-name\"><input type=\"text\" name=\"your-name\" value=\"\" size=\"40\" class=\"wpcf7-form-control wpcf7-text wpcf7-validates-as-required frontform-margin-top\" aria-required=\"true\" aria-invalid=\"false\" placeholder=\"Nome (*)\" \/><\/span><\/label><br \/>\n<label class=\"form-font-size\"><span class=\"wpcf7-form-control-wrap phone\"><input type=\"tel\" name=\"phone\" value=\"\" size=\"40\" class=\"wpcf7-form-control wpcf7-text wpcf7-tel wpcf7-validates-as-tel frontform-margin\" aria-invalid=\"false\" placeholder=\"Telefone\" \/><\/span><\/label><br \/>\n<label class=\"form-font-size\"><span class=\"wpcf7-form-control-wrap your-email\"><input type=\"email\" name=\"your-email\" value=\"\" size=\"40\" class=\"wpcf7-form-control wpcf7-text wpcf7-email wpcf7-validates-as-required wpcf7-validates-as-email frontform-margin\" aria-required=\"true\" aria-invalid=\"false\" placeholder=\"EMail (*)\" \/><\/span><\/label><br \/>\n<label class=\"form-font-size\"><span class=\"wpcf7-form-control-wrap your-message\"><textarea name=\"your-message\" cols=\"40\" rows=\"10\" class=\"wpcf7-form-control wpcf7-textarea frontform-margin frontform-mes-pad\" aria-invalid=\"false\" placeholder=\"Mensagem\"><\/textarea><\/span> <\/label><br \/>\n<input type=\"submit\" value=\"Enviar\" class=\"wpcf7-form-control wpcf7-submit\" \/><\/p>\n<div class=\"wpcf7-response-output\" aria-hidden=\"true\"><\/div><\/form><\/div><\/div>\n\t\t<\/div><\/div><\/div><\/div><\/div>","protected":false},"excerpt":{"rendered":"<p>BevTec \u00e9 uma liga\u00e7\u00e3o essencial entre as empresas de tecnologia de alimentos e bebidas e os produtores de Espanha, Portugal e It\u00e1lia NOTICIAS Saiba mais Nova linha de produtos para produtores de cerveja artesanal 10. November 2016&nbsp; A BevTec entra no mercado das cervejas artesanais com \u2026Saiba mais \u00bb Com Velcorin\u00ae pode aumentar o seu &#8230; <a title=\"Pentair S\u00fcdmo &#8211; novo produto no mercado!\" class=\"read-more\" href=\"http:\/\/www.bevtec.es\/pt-pt\/pentair-news\/\" aria-label=\"Mais em Pentair S\u00fcdmo &#8211; novo produto no mercado!\">Read more<\/a><\/p>\n","protected":false},"author":1,"featured_media":0,"parent":0,"menu_order":0,"comment_status":"closed","ping_status":"closed","template":"","meta":{"generate_page_header":""},"_links":{"self":[{"href":"http:\/\/www.bevtec.es\/pt-pt\/wp-json\/wp\/v2\/pages\/846\/"}],"collection":[{"href":"http:\/\/www.bevtec.es\/pt-pt\/wp-json\/wp\/v2\/pages\/"}],"about":[{"href":"http:\/\/www.bevtec.es\/pt-pt\/wp-json\/wp\/v2\/types\/page\/"}],"author":[{"embeddable":true,"href":"http:\/\/www.bevtec.es\/pt-pt\/wp-json\/wp\/v2\/users\/1\/"}],"replies":[{"embeddable":true,"href":"http:\/\/www.bevtec.es\/pt-pt\/wp-json\/wp\/v2\/comments\/?post=846"}],"version-history":[{"count":0,"href":"http:\/\/www.bevtec.es\/pt-pt\/wp-json\/wp\/v2\/pages\/846\/revisions\/"}],"wp:attachment":[{"href":"http:\/\/www.bevtec.es\/pt-pt\/wp-json\/wp\/v2\/media\/?parent=846"}],"curies":[{"name":"wp","href":"https:\/\/api.w.org\/{rel}","templated":true}]}}