{"id":866,"date":"2016-10-10T12:00:58","date_gmt":"2016-10-10T12:00:58","guid":{"rendered":"http:\/\/www.bevtec.es\/es\/wine\/"},"modified":"2018-03-27T15:27:35","modified_gmt":"2018-03-27T15:27:35","slug":"vino","status":"publish","type":"page","link":"http:\/\/www.bevtec.es\/es\/vino\/","title":{"rendered":"Vino"},"content":{"rendered":"<div id=\"pl-866\"  class=\"panel-layout\" ><div id=\"pg-866-0\"  class=\"panel-grid panel-no-style\" ><div id=\"pgc-866-0-0\"  class=\"panel-grid-cell\" ><div id=\"panel-866-0-0-0\" class=\"so-panel widget widget_sow-editor panel-first-child\" data-index=\"0\" ><div\n\t\t\t\n\t\t\tclass=\"so-widget-sow-editor so-widget-sow-editor-base\"\n\t\t\t\n\t\t>\n<div class=\"siteorigin-widget-tinymce textwidget\">\n\t<h1>Vino<\/h1>\n<h2><span style=\"font-weight: 400;\">En BevTec conocemos y entendemos hasta los m\u00e1s peque\u00f1os procesos que llevan a la elaboraci\u00f3n de vino. Le ayudamos a usted a producir el vino, o bebida a base de vino, que quiere el mercado.<\/span><\/h2>\n<p><span style=\"font-weight: 400;\">El resultado es un producto de la m\u00e1s alta calidad y el mejor sabor. Este objetivo se consigue usando la tecnolog\u00eda apropiada, ofrecida por BevTec.\u00a0<\/span><\/p>\n<p><strong>Nuestros socios<br \/><\/strong><span style=\"font-weight: 400;\">Ofrecemos el excelente sistema de CO2 por membrana de K+H Armaturen GmbH para la gesti\u00f3n de gases, que se puede aplicar para carbonataci\u00f3n, reducci\u00f3n de ox\u00edgeno, etc., en vino.<\/span><\/p>\n<p><span style=\"font-weight: 400;\">Adem\u00e1s, ofrecemos las v\u00e1lvulas y matrices de Pentair S\u00fcdmo. <\/span><\/p>\n<p><span style=\"font-weight: 400;\">As\u00ed, presentamos a nuestros clientes con opciones excitantes de ampliar su cat\u00e1logo de producci\u00f3n. <\/span><\/p>\n<p><strong>Si tiene alguna cuesti\u00f3n, p\u00f3ngase en contacto con nosotros<br \/><\/strong><span style=\"font-weight: 400;\">Si piensa que alguna de estas tecnolog\u00edas podr\u00eda ser de inter\u00e9s para su compa\u00f1\u00eda, en BevTec esperamos su llamada.<\/span><\/p>\n<p><span style=\"font-weight: 400;\">En nuestra p\u00e1gina \u2018Contacto\u2019, bajo 'Info', encontrar\u00e1 la informaci\u00f3n de contacto de nuestros especialistas, o puede rellenar el formulario de contacto y responderemos lo m\u00e1s r\u00e1pido posible. <\/span><\/p>\n<h2><span style=\"font-weight: 400;\">BevTec es la mejor alternativa cuando est\u00e1 en busca de una soluci\u00f3n<\/span><\/h2>\n<\/div>\n<\/div><\/div><div id=\"panel-866-0-0-1\" class=\"so-panel widget widget_sow-editor\" data-index=\"1\" ><div class=\"kundekasse panel-widget-style panel-widget-style-for-866-0-0-1\" ><div\n\t\t\t\n\t\t\tclass=\"so-widget-sow-editor so-widget-sow-editor-base\"\n\t\t\t\n\t\t>\n<div class=\"siteorigin-widget-tinymce textwidget\">\n\t<blockquote>\n<p><span style=\"font-weight: 400;\">La m\u00e1quina es muy sencilla, la membrana me encanta y es muy f\u00e1cil de limpiar. Mejor que otras opciones que conozco.<\/span><\/p>\n<\/blockquote>\n<p><strong><em>Felix Solis<\/em><\/strong><\/p>\n<blockquote>\n<p>El sistema de carbonataci\u00f3n es muy f\u00e1cil de usar, y con su adquisici\u00f3n conseguimos mejorar el rendimiento de la linea de embotellamiento cerca de un 10%. Adem\u00e1s, conseguimos un producto m\u00e1s homog\u00e9neo en cuanto a nivel de CO2, desde el inicio al final de la producci\u00f3n.\u00a0<\/p>\n<\/blockquote>\n<p><em><strong>Adega de Almeirim<\/strong><\/em><\/p>\n<p>Sobre el sistema de CO2 por membrana de K+H<\/p>\n<\/div>\n<\/div><\/div><\/div><div id=\"panel-866-0-0-2\" class=\"so-panel widget widget_sow-editor panel-last-child\" data-index=\"2\" ><div class=\"faq panel-widget-style panel-widget-style-for-866-0-0-2\" ><div\n\t\t\t\n\t\t\tclass=\"so-widget-sow-editor so-widget-sow-editor-base\"\n\t\t\t\n\t\t>\n<div class=\"siteorigin-widget-tinymce textwidget\">\n\t<h1>\u00bfQuiere saber m\u00e1s?<\/h1>\n<p><a href=\"\/es\/kh\/\">K+H Gas management Technology<\/a><\/p>\n<p><a href=\"\/es\/pentair-sudmo\/\">Pentair S\u00fcdmo\u00a0<\/a><\/p>\n<\/div>\n<\/div><\/div><\/div><\/div><div id=\"pgc-866-0-1\"  class=\"panel-grid-cell\" ><div id=\"panel-866-0-1-0\" class=\"so-panel widget widget_sow-image panel-first-child\" data-index=\"3\" ><div\n\t\t\t\n\t\t\tclass=\"so-widget-sow-image so-widget-sow-image-default-8b5b6f678277-866\"\n\t\t\t\n\t\t>\n<div class=\"sow-image-container\">\n\t\t<img src=\"http:\/\/www.bevtec.es\/wp-content\/uploads\/2016\/10\/BevTec-500x500-370957280.jpg\" width=\"500\" height=\"500\" srcset=\"http:\/\/www.bevtec.es\/wp-content\/uploads\/2016\/10\/BevTec-500x500-370957280.jpg 500w, http:\/\/www.bevtec.es\/wp-content\/uploads\/2016\/10\/BevTec-500x500-370957280-150x150.jpg 150w, http:\/\/www.bevtec.es\/wp-content\/uploads\/2016\/10\/BevTec-500x500-370957280-300x300.jpg 300w, http:\/\/www.bevtec.es\/wp-content\/uploads\/2016\/10\/BevTec-500x500-370957280-45x45.jpg 45w\" sizes=\"(max-width: 500px) 100vw, 500px\" title=\"bevtec-500&#215;500-370957280\" alt=\"\" loading=\"lazy\" \t\tclass=\"so-widget-image\"\/>\n\t<\/div>\n\n<\/div><\/div><div id=\"panel-866-0-1-1\" class=\"so-panel widget widget_text panel-last-child\" data-index=\"4\" ><div class=\"frontform-wid panel-widget-style panel-widget-style-for-866-0-1-1\" >\t\t\t<div class=\"textwidget\"><div role=\"form\" class=\"wpcf7\" id=\"wpcf7-f1209-o1\" lang=\"da-DK\" dir=\"ltr\">\n<div class=\"screen-reader-response\"><p role=\"status\" aria-live=\"polite\" aria-atomic=\"true\"><\/p> <ul><\/ul><\/div>\n<form action=\"\/es\/wp-json\/wp\/v2\/pages\/866\/#wpcf7-f1209-o1\" method=\"post\" class=\"wpcf7-form init\" novalidate=\"novalidate\" data-status=\"init\">\n<div style=\"display: none;\">\n<input type=\"hidden\" name=\"_wpcf7\" value=\"1209\" \/>\n<input type=\"hidden\" name=\"_wpcf7_version\" value=\"5.3.2\" \/>\n<input type=\"hidden\" name=\"_wpcf7_locale\" value=\"da_DK\" \/>\n<input type=\"hidden\" name=\"_wpcf7_unit_tag\" value=\"wpcf7-f1209-o1\" \/>\n<input type=\"hidden\" name=\"_wpcf7_container_post\" value=\"0\" \/>\n<input type=\"hidden\" name=\"_wpcf7_posted_data_hash\" value=\"\" \/>\n<\/div>\n<p><span class=\"form-header-txt\"><b>Si tiene alguna pregunta...<\/b><\/span><br \/>\n<span class=\"form-header-txt2\">\u00a1No dude en contactarnos!<\/span><\/p>\n<p><label class=\"form-font-size\"><span class=\"wpcf7-form-control-wrap your-name\"><input type=\"text\" name=\"your-name\" value=\"\" size=\"40\" class=\"wpcf7-form-control wpcf7-text wpcf7-validates-as-required frontform-margin-top\" aria-required=\"true\" aria-invalid=\"false\" placeholder=\"Nombre (*)\" \/><\/span><\/label><br \/>\n<label class=\"form-font-size\"><span class=\"wpcf7-form-control-wrap phone\"><input type=\"tel\" name=\"phone\" value=\"\" size=\"40\" class=\"wpcf7-form-control wpcf7-text wpcf7-tel wpcf7-validates-as-tel frontform-margin\" aria-invalid=\"false\" placeholder=\"Tel\" \/><\/span><\/label><br \/>\n<label class=\"form-font-size\"><span class=\"wpcf7-form-control-wrap your-email\"><input type=\"email\" name=\"your-email\" value=\"\" size=\"40\" class=\"wpcf7-form-control wpcf7-text wpcf7-email wpcf7-validates-as-required wpcf7-validates-as-email frontform-margin\" aria-required=\"true\" aria-invalid=\"false\" placeholder=\"Correo electr\u00f3nico (*)\" \/><\/span><\/label><br \/>\n<label class=\"form-font-size\"><span class=\"wpcf7-form-control-wrap your-message\"><textarea name=\"your-message\" cols=\"40\" rows=\"10\" class=\"wpcf7-form-control wpcf7-textarea frontform-margin frontform-mes-pad\" aria-invalid=\"false\" placeholder=\"Mensaje\"><\/textarea><\/span> <\/label><br \/>\n<input type=\"submit\" value=\"ENVIAR\" class=\"wpcf7-form-control wpcf7-submit\" \/><\/p>\n<div class=\"wpcf7-response-output\" aria-hidden=\"true\"><\/div><\/form><\/div><\/div>\n\t\t<\/div><\/div><\/div><\/div><\/div>","protected":false},"excerpt":{"rendered":"<p>VinoEn BevTec conocemos y entendemos hasta los m\u00e1s peque\u00f1os procesos que llevan a la elaboraci\u00f3n de vino. Le ayudamos a usted a producir el vino, o bebida a base de vino, que quiere el mercado.El resultado es un producto de la m\u00e1s alta calidad y el mejor sabor. Este objetivo se consigue usando la tecnolog\u00eda &#8230; <a title=\"Vino\" class=\"read-more\" href=\"http:\/\/www.bevtec.es\/es\/vino\/\" aria-label=\"M\u00e1s en Vino\">Read more<\/a><\/p>\n","protected":false},"author":2,"featured_media":0,"parent":0,"menu_order":0,"comment_status":"closed","ping_status":"closed","template":"","meta":{"generate_page_header":""},"_links":{"self":[{"href":"http:\/\/www.bevtec.es\/es\/wp-json\/wp\/v2\/pages\/866\/"}],"collection":[{"href":"http:\/\/www.bevtec.es\/es\/wp-json\/wp\/v2\/pages\/"}],"about":[{"href":"http:\/\/www.bevtec.es\/es\/wp-json\/wp\/v2\/types\/page\/"}],"author":[{"embeddable":true,"href":"http:\/\/www.bevtec.es\/es\/wp-json\/wp\/v2\/users\/2\/"}],"replies":[{"embeddable":true,"href":"http:\/\/www.bevtec.es\/es\/wp-json\/wp\/v2\/comments\/?post=866"}],"version-history":[{"count":2,"href":"http:\/\/www.bevtec.es\/es\/wp-json\/wp\/v2\/pages\/866\/revisions\/"}],"predecessor-version":[{"id":1300,"href":"http:\/\/www.bevtec.es\/es\/wp-json\/wp\/v2\/pages\/866\/revisions\/1300\/"}],"wp:attachment":[{"href":"http:\/\/www.bevtec.es\/es\/wp-json\/wp\/v2\/media\/?parent=866"}],"curies":[{"name":"wp","href":"https:\/\/api.w.org\/{rel}","templated":true}]}}