{"id":1112,"date":"2016-10-10T11:22:35","date_gmt":"2016-10-10T11:22:35","guid":{"rendered":"http:\/\/www.bevtec.es\/kh\/"},"modified":"2017-01-09T10:51:29","modified_gmt":"2017-01-09T10:51:29","slug":"kh","status":"publish","type":"page","link":"http:\/\/www.bevtec.es\/es\/kh\/","title":{"rendered":"K+H Armaturen GmbH"},"content":{"rendered":"<div id=\"pl-1112\"  class=\"panel-layout\" ><div id=\"pg-1112-0\"  class=\"panel-grid panel-no-style\" ><div id=\"pgc-1112-0-0\"  class=\"panel-grid-cell\" ><div id=\"panel-1112-0-0-0\" class=\"so-panel widget widget_sow-editor panel-first-child\" data-index=\"0\" ><div\n\t\t\t\n\t\t\tclass=\"so-widget-sow-editor so-widget-sow-editor-base\"\n\t\t\t\n\t\t>\n<div class=\"siteorigin-widget-tinymce textwidget\">\n\t<h1>K+H Armaturen GmbH<\/h1>\n<h2><span style=\"font-weight: 400;\">Bodegas, productores de agua mineral y cervecer\u00edas conocen las dificultades de gestionar CO2 en el proceso de embotellado. Consume tiempo y dinero, sin mencionar lo complejo que es tratar las bebidas con la precisi\u00f3n necesaria. <\/span><\/h2>\n<p><span style=\"font-weight: 400;\">Estas dificultades, sin embargo, no aparecen en el sistema de CO<\/span><span style=\"font-weight: 400;\">2<\/span><span style=\"font-weight: 400;\"> por \u00a0membrana de K+H. Es la tecnolog\u00eda de carbonataci\u00f3n del futuro.<\/span><\/p>\n<p><strong>\u00bfPor qu\u00e9?<br \/><\/strong><span style=\"font-weight: 400;\">El sistema de CO2 por membrana de K+H asegura una adici\u00f3n o eliminaci\u00f3n de CO2 exacta y totalmente automatizada en el delicado proceso de su producci\u00f3n. El contenido de di\u00f3xido de carbono puede ser ajustado en l\u00ednea durante el embotellado, aumentando la eficacia de su embotelladora.<\/span><\/p>\n<p><span style=\"font-weight: 400;\">El sistema aumenta la calidad de cada vino que pasa a trav\u00e9s de \u00e9l. Vinos tintos se desgasifican mejor, mientras que vinos blancos tienen una mejor presencia con mayor contenido de CO2. Las burbujas en vinos espumosos son m\u00e1s finas y por lo tanto se consideran de mayor calidad.<\/span><\/p>\n<p><span style=\"font-weight: 400;\">Adicionalmente, este sistema puede reducir al mismo tiempo el exceso de ox\u00edgeno en el l\u00edquido y trabaja, en general, a temperaturas m\u00e1s altas que cualquier tecnolog\u00eda comparable.<\/span><\/p>\n<p><strong>\u00bfEl resultado?<br \/><\/strong><span style=\"font-weight: 400;\">Podr\u00e1 producir su bebida habitual de una forma m\u00e1s f\u00e1cil, barata y r\u00e1pida. Adem\u00e1s, seg\u00fan nuestra experiencia, el consumidor percibe una mejor calidad. <\/span><\/p>\n<p><strong>BevTec le suministra con su sistema de CO2 por membrana de K+H<\/strong><\/p>\n<p><span style=\"font-weight: 400;\">Si est\u00e1 interesado\/a en el sistema de CO2 por membrana de K+H para su compa\u00f1\u00eda, nosotros en BevTec esperamos su llamada.<\/span><\/p>\n<p><span style=\"font-weight: 400;\">En nuestra p\u00e1gina \u2018Contacto\u2019, bajo 'Info', encontrar\u00e1 la informaci\u00f3n de contacto de nuestros especialistas, o puede rellenar el formulario de contacto y responderemos lo m\u00e1s r\u00e1pido posible. <\/span><\/p>\n<\/div>\n<\/div><\/div><div id=\"panel-1112-0-0-1\" class=\"so-panel widget widget_sow-editor panel-last-child\" data-index=\"1\" ><div class=\"faq panel-widget-style panel-widget-style-for-1112-0-0-1\" ><div\n\t\t\t\n\t\t\tclass=\"so-widget-sow-editor so-widget-sow-editor-base\"\n\t\t\t\n\t\t>\n<div class=\"siteorigin-widget-tinymce textwidget\">\n\t<h1>Preguntas frecuentes<\/h1>\n<p><strong>\u00bfPara qu\u00e9 sirve el sistema de CO2 por membrana \u00a0de K+H?<br \/><\/strong><span style=\"font-weight: 400;\">El sistema de CO2 por membrana \u00a0de K+H garantiza que la adici\u00f3n o eliminaci\u00f3n de CO2 en cualquier bebida es exacta.<\/span><\/p>\n<p><strong>\u00bfQu\u00e9 industrias usan el sistema de K+H?<br \/><\/strong><span style=\"font-weight: 400;\">Este sistema es ideal para bodegas, productores de agua mineral y cerveceras, entre otros.<\/span><\/p>\n<p><strong>\u00bfQu\u00e9 ventajas tiene usar este sistema?<br \/><\/strong><span style=\"font-weight: 400;\">El sistema de CO2 por membrana de K+H garantiza una adici\u00f3n o eliminaci\u00f3n de CO2 exacta en el proceso pre-embotellamiento. Algunos productos necesitan CO2 a\u00f1adido, mientras que a otros hay que quitarles CO2 o alcohol (0-9 g\/L). El sistema de membranas de CO2 de K+H es la mejor opci\u00f3n para este tipo de procesos delicados. Adem\u00e1s, no se dar\u00e1n p\u00e9rdidas de CO2 o espuma en la producci\u00f3n. <\/span><\/p>\n<p><span style=\"font-weight: 400;\">El sistema tambi\u00e9n es capaza de reducir, en el mismo proceso, excesos en contenido de O2 y trabaja en general a temperaturas m\u00e1s altas que otras tecnolog\u00edas similares.<\/span><\/p>\n<p><strong>\u00bfCu\u00e1les son las ventajas para mi como productor de bebidas?<br \/><\/strong><span style=\"font-weight: 400;\">El sistema de CO2 por membrana puede ser completamente automatizado en la l\u00ednea de embotellamiento, y la eficiencia de embotellamiento es mejorada. <\/span><\/p>\n<p><span style=\"font-weight: 400;\">En general, la temperatura de embotellamiento se puede incrementar significativamente, por lo que se puede evitar el uso de recipientes a presi\u00f3n como amortiguadores. Adem\u00e1s, el sistema ocupa poco espacio, el ahorro de energ\u00eda es significativo, y podr\u00e1 incrementar su producci\u00f3n considerablemente. <\/span><\/p>\n<p><strong>\u00bfCual es el producto principal de K+H?<br \/><\/strong><span style=\"font-weight: 400;\">El sistema de CO2 por membrana.<\/span><\/p>\n<\/div>\n<\/div><\/div><\/div><\/div><div id=\"pgc-1112-0-1\"  class=\"panel-grid-cell\" ><div id=\"panel-1112-0-1-0\" class=\"so-panel widget widget_sow-image panel-first-child\" data-index=\"2\" ><div\n\t\t\t\n\t\t\tclass=\"so-widget-sow-image so-widget-sow-image-default-8b5b6f678277-1112\"\n\t\t\t\n\t\t>\n<div class=\"sow-image-container\">\n\t\t<img src=\"http:\/\/www.bevtec.es\/wp-content\/uploads\/2016\/09\/Co2-Anlage.jpeg\" width=\"427\" height=\"640\" srcset=\"http:\/\/www.bevtec.es\/wp-content\/uploads\/2016\/09\/Co2-Anlage.jpeg 427w, http:\/\/www.bevtec.es\/wp-content\/uploads\/2016\/09\/Co2-Anlage-200x300.jpeg 200w\" sizes=\"(max-width: 427px) 100vw, 427px\" title=\"co2-anlage\" alt=\"\" loading=\"lazy\" \t\tclass=\"so-widget-image\"\/>\n\t<\/div>\n\n<\/div><\/div><div id=\"panel-1112-0-1-1\" class=\"so-panel widget widget_text panel-last-child\" data-index=\"3\" ><div class=\"frontform-wid panel-widget-style panel-widget-style-for-1112-0-1-1\" >\t\t\t<div class=\"textwidget\"><div role=\"form\" class=\"wpcf7\" id=\"wpcf7-f1209-o1\" lang=\"da-DK\" dir=\"ltr\">\n<div class=\"screen-reader-response\"><p role=\"status\" aria-live=\"polite\" aria-atomic=\"true\"><\/p> <ul><\/ul><\/div>\n<form action=\"\/es\/wp-json\/wp\/v2\/pages\/1112\/#wpcf7-f1209-o1\" method=\"post\" class=\"wpcf7-form init\" novalidate=\"novalidate\" data-status=\"init\">\n<div style=\"display: none;\">\n<input type=\"hidden\" name=\"_wpcf7\" value=\"1209\" \/>\n<input type=\"hidden\" name=\"_wpcf7_version\" value=\"5.3.2\" \/>\n<input type=\"hidden\" name=\"_wpcf7_locale\" value=\"da_DK\" \/>\n<input type=\"hidden\" name=\"_wpcf7_unit_tag\" value=\"wpcf7-f1209-o1\" \/>\n<input type=\"hidden\" name=\"_wpcf7_container_post\" value=\"0\" \/>\n<input type=\"hidden\" name=\"_wpcf7_posted_data_hash\" value=\"\" \/>\n<\/div>\n<p><span class=\"form-header-txt\"><b>Si tiene alguna pregunta...<\/b><\/span><br \/>\n<span class=\"form-header-txt2\">\u00a1No dude en contactarnos!<\/span><\/p>\n<p><label class=\"form-font-size\"><span class=\"wpcf7-form-control-wrap your-name\"><input type=\"text\" name=\"your-name\" value=\"\" size=\"40\" class=\"wpcf7-form-control wpcf7-text wpcf7-validates-as-required frontform-margin-top\" aria-required=\"true\" aria-invalid=\"false\" placeholder=\"Nombre (*)\" \/><\/span><\/label><br \/>\n<label class=\"form-font-size\"><span class=\"wpcf7-form-control-wrap phone\"><input type=\"tel\" name=\"phone\" value=\"\" size=\"40\" class=\"wpcf7-form-control wpcf7-text wpcf7-tel wpcf7-validates-as-tel frontform-margin\" aria-invalid=\"false\" placeholder=\"Tel\" \/><\/span><\/label><br \/>\n<label class=\"form-font-size\"><span class=\"wpcf7-form-control-wrap your-email\"><input type=\"email\" name=\"your-email\" value=\"\" size=\"40\" class=\"wpcf7-form-control wpcf7-text wpcf7-email wpcf7-validates-as-required wpcf7-validates-as-email frontform-margin\" aria-required=\"true\" aria-invalid=\"false\" placeholder=\"Correo electr\u00f3nico (*)\" \/><\/span><\/label><br \/>\n<label class=\"form-font-size\"><span class=\"wpcf7-form-control-wrap your-message\"><textarea name=\"your-message\" cols=\"40\" rows=\"10\" class=\"wpcf7-form-control wpcf7-textarea frontform-margin frontform-mes-pad\" aria-invalid=\"false\" placeholder=\"Mensaje\"><\/textarea><\/span> <\/label><br \/>\n<input type=\"submit\" value=\"ENVIAR\" class=\"wpcf7-form-control wpcf7-submit\" \/><\/p>\n<div class=\"wpcf7-response-output\" aria-hidden=\"true\"><\/div><\/form><\/div><\/div>\n\t\t<\/div><\/div><\/div><\/div><\/div>","protected":false},"excerpt":{"rendered":"<p>K+H Armaturen GmbHBodegas, productores de agua mineral y cervecer\u00edas conocen las dificultades de gestionar CO2 en el proceso de embotellado. Consume tiempo y dinero, sin mencionar lo complejo que es tratar las bebidas con la precisi\u00f3n necesaria. Estas dificultades, sin embargo, no aparecen en el sistema de CO2 por \u00a0membrana de K+H. Es la tecnolog\u00eda &#8230; <a title=\"K+H Armaturen GmbH\" class=\"read-more\" href=\"http:\/\/www.bevtec.es\/es\/kh\/\" aria-label=\"M\u00e1s en K+H Armaturen GmbH\">Read more<\/a><\/p>\n","protected":false},"author":2,"featured_media":0,"parent":0,"menu_order":0,"comment_status":"closed","ping_status":"closed","template":"","meta":{"generate_page_header":""},"_links":{"self":[{"href":"http:\/\/www.bevtec.es\/es\/wp-json\/wp\/v2\/pages\/1112\/"}],"collection":[{"href":"http:\/\/www.bevtec.es\/es\/wp-json\/wp\/v2\/pages\/"}],"about":[{"href":"http:\/\/www.bevtec.es\/es\/wp-json\/wp\/v2\/types\/page\/"}],"author":[{"embeddable":true,"href":"http:\/\/www.bevtec.es\/es\/wp-json\/wp\/v2\/users\/2\/"}],"replies":[{"embeddable":true,"href":"http:\/\/www.bevtec.es\/es\/wp-json\/wp\/v2\/comments\/?post=1112"}],"version-history":[{"count":0,"href":"http:\/\/www.bevtec.es\/es\/wp-json\/wp\/v2\/pages\/1112\/revisions\/"}],"wp:attachment":[{"href":"http:\/\/www.bevtec.es\/es\/wp-json\/wp\/v2\/media\/?parent=1112"}],"curies":[{"name":"wp","href":"https:\/\/api.w.org\/{rel}","templated":true}]}}