{"id":1098,"date":"2016-10-10T13:06:56","date_gmt":"2016-10-10T13:06:56","guid":{"rendered":"http:\/\/www.bevtec.es\/about-us\/"},"modified":"2018-03-27T15:08:14","modified_gmt":"2018-03-27T15:08:14","slug":"sobre-nosotros","status":"publish","type":"page","link":"http:\/\/www.bevtec.es\/es\/sobre-nosotros\/","title":{"rendered":"Sobre nosotros"},"content":{"rendered":"<div id=\"pl-1098\"  class=\"panel-layout\" ><div id=\"pg-1098-0\"  class=\"panel-grid panel-has-style\" ><div class=\"sidebar15 panel-row-style panel-row-style-for-1098-0\" ><div id=\"pgc-1098-0-0\"  class=\"panel-grid-cell\" ><div id=\"panel-1098-0-0-0\" class=\"so-panel widget widget_sow-editor panel-first-child\" data-index=\"0\" ><div\n\t\t\t\n\t\t\tclass=\"so-widget-sow-editor so-widget-sow-editor-base\"\n\t\t\t\n\t\t>\n<div class=\"siteorigin-widget-tinymce textwidget\">\n\t<h1>Bienvenido a\u00a0BevTec<\/h1>\n<h2><span style=\"font-weight: 400;\">En BevTec, te ayudamos a optimizar tus procesos de producci\u00f3n<\/span><\/h2>\n<p><span style=\"font-weight: 400;\">Enfocamos nuestros esfuerzos en garantizar una inversi\u00f3n eficaz para tu producci\u00f3n, manteniendo siempre la calidad y eficiencia de nuestros servicios.\u00a0Proporcionamos una tecnolog\u00eda innovadora, toda nuestra experiencia y dedicaci\u00f3n, y un atento servicio. <\/span><\/p>\n<p><strong>El v\u00ednculo esencial<br \/>\n<\/strong><span style=\"font-weight: 400;\">Desde el 2004, BevTec ha sido el v\u00ednculo entre compa\u00f1\u00edas tecnol\u00f3gicas dedicadas a la industria alimentaria, y los productores de alimentos en Espa\u00f1a, Portugal e Italia.<\/span><\/p>\n<p><strong>Nuestros socios<br \/>\n<\/strong><span style=\"font-weight: 400;\">BevTec es el distribuidor de las compa\u00f1\u00edas Heinrich Frings, Pentair S\u00fcdmo, Bioma y K+H en Espa\u00f1a y Portugal, y tiene muchos a\u00f1os de experiencia con tecnolog\u00eda para la producci\u00f3n de alimentos de calidad.<\/span><\/p>\n<p><strong>Nuestro servicio<br \/>\n<\/strong><span style=\"font-weight: 400;\">Estamos orgullosos de poder ofrecer a nuestros clientes un servicio din\u00e1mico, consecuente y firme que satisfaga las aspiraciones de su compa\u00f1\u00eda.<\/span><\/p>\n<h2><span style=\"font-weight: 400;\">En BevTec compartimos su pasi\u00f3n por bebidas de calidad a nivel mundial. Siempre estamos a la vanguardia, enfoc\u00e1ndonos en lo que el mercado necesita. <\/span><\/h2>\n<\/div>\n<\/div><\/div><div id=\"panel-1098-0-0-1\" class=\"so-panel widget widget_sow-editor\" data-index=\"1\" ><div class=\"faq panel-widget-style panel-widget-style-for-1098-0-0-1\" ><div\n\t\t\t\n\t\t\tclass=\"so-widget-sow-editor so-widget-sow-editor-base\"\n\t\t\t\n\t\t>\n<div class=\"siteorigin-widget-tinymce textwidget\">\n\t<h2>VISI\u00d3N Y MISI\u00d3N<\/h2>\n<p><strong>Nuestra visi\u00f3n<\/strong><br \/><span style=\"font-weight: 400;\">Nos esforzamos por ser el proveedor de referencia de aquellos que comparten la pasi\u00f3n por producir bebidas de la mejor calidad. Queremos ayudar a nuestros clientes a ser pioneros en traer productos innovadores y de calidad al mercado. <\/span><\/p>\n<p><strong>Nuestra misi\u00f3n<\/strong><br \/><span style=\"font-weight: 400;\">Queremos dar a todos nuestros clientes, sean fabricantes de tecnolog\u00edas o productores de bebidas, un servicio \u00fanico. Trabajar con nosotros siempre tiene que ser percibido como accesible y f\u00e1cil. <\/span><\/p>\n<p>Cada cliente es \u00fanico. Ning\u00fan problema tiene la misma soluci\u00f3n. No obstante, estamos preparados para el desaf\u00edo. Esta es la receta de nuestro \u00e9xito.<\/p>\n<\/div>\n<\/div><\/div><\/div><div id=\"panel-1098-0-0-2\" class=\"so-panel widget widget_sow-editor panel-last-child\" data-index=\"2\" ><div class=\"faq panel-widget-style panel-widget-style-for-1098-0-0-2\" ><div\n\t\t\t\n\t\t\tclass=\"so-widget-sow-editor so-widget-sow-editor-base\"\n\t\t\t\n\t\t>\n<div class=\"siteorigin-widget-tinymce textwidget\">\n\t<h2>VALORES<\/h2>\n<p><strong>Tenemos la experiencia<\/strong><br \/><span style=\"font-weight: 400;\">Conocemos muy bien el mercado, y sabemos que un buen servicio depende de rapid\u00e9z. Nos esforzamos por resolver los problemas antes de que se formulen, y por trabajar de una manera activa que sepamos ayude a nuestros clientes en un d\u00eda a d\u00eda lleno de obst\u00e1culos. \u00a0<\/span><\/p>\n<p><strong>Tenemos la pasi\u00f3n<\/strong><br \/><span style=\"font-weight: 400;\">Somos expertos en el campo, y compartimos la satisfacci\u00f3n de nuestro cliente cuando conseguimos resolver sus problemas r\u00e1pida y eficazmente. Estamos orgullosos de la relaci\u00f3n estrecha y de confianza que tenemos con nuestros clientes.<\/span><\/p>\n<p><strong>Tenemos vocaci\u00f3n de servicio<\/strong><br \/><span style=\"font-weight: 400;\">Nos informamos de las necesidades espec\u00edficas de cada cliente y personalizamos las soluciones acorde con ellas. Nos aseguramos de que las expectativas est\u00e9n claras antes de empezar con el encargo y nos esmeramos por mantener una buena comunicaci\u00f3n en el proceso. \u00a0<\/span><\/p>\n<p><strong>Reconocemos calidad<\/strong><br \/><span style=\"font-weight: 400;\">Conocemos bien las necesidades del mercado y los est\u00e1ndares de calidad. <\/span><span style=\"font-weight: 400;\">Entendemos los deseos espec\u00edficos de cada cliente, hasta el m\u00e1s peque\u00f1o detalle. Nos ponemos unos est\u00e1ndares muy altos en el servicio que proveemos y tenemos claro que el \u00e9xito depende de la \u00faltima experiencia de nuestro cliente. <\/span><\/p>\n<p><strong>Hablamos su mismo idioma<\/strong><br \/><span style=\"font-weight: 400;\">Creemos que un buen di\u00e1logo es esencial para un buen entendimiento entre nosotros y nuestros clientes. Esa pasi\u00f3n es el mejor punto de partida para una buena colaboraci\u00f3n y un resultado satisfactorio. <\/span><\/p>\n<\/div>\n<\/div><\/div><\/div><\/div><div id=\"pgc-1098-0-1\"  class=\"panel-grid-cell\" ><div id=\"panel-1098-0-1-0\" class=\"so-panel widget widget_sow-image panel-first-child\" data-index=\"3\" ><div\n\t\t\t\n\t\t\tclass=\"so-widget-sow-image so-widget-sow-image-default-8b5b6f678277-1098\"\n\t\t\t\n\t\t>\n<div class=\"sow-image-container\">\n\t\t<img src=\"http:\/\/www.bevtec.es\/wp-content\/uploads\/2016\/08\/BT-side.jpg\" width=\"500\" height=\"440\" srcset=\"http:\/\/www.bevtec.es\/wp-content\/uploads\/2016\/08\/BT-side.jpg 500w, http:\/\/www.bevtec.es\/wp-content\/uploads\/2016\/08\/BT-side-300x264.jpg 300w\" sizes=\"(max-width: 500px) 100vw, 500px\" title=\"bt-side\" alt=\"\" loading=\"lazy\" \t\tclass=\"so-widget-image\"\/>\n\t<\/div>\n\n<\/div><\/div><div id=\"panel-1098-0-1-1\" class=\"so-panel widget widget_text panel-last-child\" data-index=\"4\" ><div class=\"frontform-wid panel-widget-style panel-widget-style-for-1098-0-1-1\" >\t\t\t<div class=\"textwidget\"><div role=\"form\" class=\"wpcf7\" id=\"wpcf7-f1209-o1\" lang=\"da-DK\" dir=\"ltr\">\n<div class=\"screen-reader-response\"><p role=\"status\" aria-live=\"polite\" aria-atomic=\"true\"><\/p> <ul><\/ul><\/div>\n<form action=\"\/es\/wp-json\/wp\/v2\/pages\/1098\/#wpcf7-f1209-o1\" method=\"post\" class=\"wpcf7-form init\" novalidate=\"novalidate\" data-status=\"init\">\n<div style=\"display: none;\">\n<input type=\"hidden\" name=\"_wpcf7\" value=\"1209\" \/>\n<input type=\"hidden\" name=\"_wpcf7_version\" value=\"5.3.2\" \/>\n<input type=\"hidden\" name=\"_wpcf7_locale\" value=\"da_DK\" \/>\n<input type=\"hidden\" name=\"_wpcf7_unit_tag\" value=\"wpcf7-f1209-o1\" \/>\n<input type=\"hidden\" name=\"_wpcf7_container_post\" value=\"0\" \/>\n<input type=\"hidden\" name=\"_wpcf7_posted_data_hash\" value=\"\" \/>\n<\/div>\n<p><span class=\"form-header-txt\"><b>Si tiene alguna pregunta...<\/b><\/span><br \/>\n<span class=\"form-header-txt2\">\u00a1No dude en contactarnos!<\/span><\/p>\n<p><label class=\"form-font-size\"><span class=\"wpcf7-form-control-wrap your-name\"><input type=\"text\" name=\"your-name\" value=\"\" size=\"40\" class=\"wpcf7-form-control wpcf7-text wpcf7-validates-as-required frontform-margin-top\" aria-required=\"true\" aria-invalid=\"false\" placeholder=\"Nombre (*)\" \/><\/span><\/label><br \/>\n<label class=\"form-font-size\"><span class=\"wpcf7-form-control-wrap phone\"><input type=\"tel\" name=\"phone\" value=\"\" size=\"40\" class=\"wpcf7-form-control wpcf7-text wpcf7-tel wpcf7-validates-as-tel frontform-margin\" aria-invalid=\"false\" placeholder=\"Tel\" \/><\/span><\/label><br \/>\n<label class=\"form-font-size\"><span class=\"wpcf7-form-control-wrap your-email\"><input type=\"email\" name=\"your-email\" value=\"\" size=\"40\" class=\"wpcf7-form-control wpcf7-text wpcf7-email wpcf7-validates-as-required wpcf7-validates-as-email frontform-margin\" aria-required=\"true\" aria-invalid=\"false\" placeholder=\"Correo electr\u00f3nico (*)\" \/><\/span><\/label><br \/>\n<label class=\"form-font-size\"><span class=\"wpcf7-form-control-wrap your-message\"><textarea name=\"your-message\" cols=\"40\" rows=\"10\" class=\"wpcf7-form-control wpcf7-textarea frontform-margin frontform-mes-pad\" aria-invalid=\"false\" placeholder=\"Mensaje\"><\/textarea><\/span> <\/label><br \/>\n<input type=\"submit\" value=\"ENVIAR\" class=\"wpcf7-form-control wpcf7-submit\" \/><\/p>\n<div class=\"wpcf7-response-output\" aria-hidden=\"true\"><\/div><\/form><\/div><\/div>\n\t\t<\/div><\/div><\/div><\/div><\/div><\/div>","protected":false},"excerpt":{"rendered":"<p>Bienvenido a\u00a0BevTec En BevTec, te ayudamos a optimizar tus procesos de producci\u00f3n Enfocamos nuestros esfuerzos en garantizar una inversi\u00f3n eficaz para tu producci\u00f3n, manteniendo siempre la calidad y eficiencia de nuestros servicios.\u00a0Proporcionamos una tecnolog\u00eda innovadora, toda nuestra experiencia y dedicaci\u00f3n, y un atento servicio. El v\u00ednculo esencial Desde el 2004, BevTec ha sido el v\u00ednculo &#8230; <a title=\"Sobre nosotros\" class=\"read-more\" href=\"http:\/\/www.bevtec.es\/es\/sobre-nosotros\/\" aria-label=\"M\u00e1s en Sobre nosotros\">Read more<\/a><\/p>\n","protected":false},"author":2,"featured_media":0,"parent":0,"menu_order":0,"comment_status":"closed","ping_status":"closed","template":"","meta":{"generate_page_header":""},"_links":{"self":[{"href":"http:\/\/www.bevtec.es\/es\/wp-json\/wp\/v2\/pages\/1098\/"}],"collection":[{"href":"http:\/\/www.bevtec.es\/es\/wp-json\/wp\/v2\/pages\/"}],"about":[{"href":"http:\/\/www.bevtec.es\/es\/wp-json\/wp\/v2\/types\/page\/"}],"author":[{"embeddable":true,"href":"http:\/\/www.bevtec.es\/es\/wp-json\/wp\/v2\/users\/2\/"}],"replies":[{"embeddable":true,"href":"http:\/\/www.bevtec.es\/es\/wp-json\/wp\/v2\/comments\/?post=1098"}],"version-history":[{"count":2,"href":"http:\/\/www.bevtec.es\/es\/wp-json\/wp\/v2\/pages\/1098\/revisions\/"}],"predecessor-version":[{"id":1285,"href":"http:\/\/www.bevtec.es\/es\/wp-json\/wp\/v2\/pages\/1098\/revisions\/1285\/"}],"wp:attachment":[{"href":"http:\/\/www.bevtec.es\/es\/wp-json\/wp\/v2\/media\/?parent=1098"}],"curies":[{"name":"wp","href":"https:\/\/api.w.org\/{rel}","templated":true}]}}